{"id":14602,"date":"2026-03-02T11:27:54","date_gmt":"2026-03-02T10:27:54","guid":{"rendered":"https:\/\/soprasapnea.com\/ambassador-program\/"},"modified":"2026-03-02T11:27:54","modified_gmt":"2026-03-02T10:27:54","slug":"ambassador-program","status":"publish","type":"page","link":"https:\/\/soprasapnea.com\/cs\/ambassador-program\/","title":{"rendered":"Ambassador Program"},"content":{"rendered":"\n<div class=\"wp-block-uagb-container uagb-block-29b4d34b alignwide uagb-is-root-container\">\n<section class=\"wp-block-uagb-container uagb-layout-flex uagb-block-2f79b19f alignwide uagb-is-root-container\">\n<h2 class=\"wp-block-heading has-text-align-center\" style=\"font-size:50px;font-style:normal;font-weight:300\"><strong>SoprasApnea<\/strong> Ambassador Program<\/h2>\n<\/section>\n<\/div>\n\n\n\n<div class=\"wp-block-uagb-container uagb-block-913016a1 alignwide uagb-is-root-container\">\n<div class=\"wp-block-uagb-image uagb-block-1d1a95b6 wp-block-uagb-image--layout-default wp-block-uagb-image--effect-static wp-block-uagb-image--align-none\"><figure class=\"wp-block-uagb-image__figure\"><img decoding=\"async\" srcset=\"https:\/\/soprasapnea.com\/wp-content\/uploads\/2026\/03\/soprasapnea-ambassador-1024x429.png ,https:\/\/soprasapnea.com\/wp-content\/uploads\/2026\/03\/soprasapnea-ambassador.png 780w, https:\/\/soprasapnea.com\/wp-content\/uploads\/2026\/03\/soprasapnea-ambassador.png 360w\" sizes=\"auto, (max-width: 480px) 150px\" src=\"https:\/\/soprasapnea.com\/wp-content\/uploads\/2026\/03\/soprasapnea-ambassador-1024x429.png\" alt=\"\" class=\"uag-image-12930\" width=\"1200\" height=\"429\" title=\"soprasapnea ambassador\" loading=\"lazy\" role=\"img\"\/><\/figure><\/div>\n<\/div>\n\n\n\n<div class=\"wp-block-uagb-container uagb-block-eee4d697 alignwide uagb-is-root-container\">\n<div class=\"wp-block-uagb-container uagb-layout-flex uagb-block-45997e09 alignfull uagb-is-root-container\"><div class=\"uagb-container-inner-blocks-wrap\">\n<p class=\"has-text-align-center\" style=\"padding-top:0;padding-right:0;padding-bottom:0;padding-left:0;font-size:28px\">We are looking for Ambassadors in each country to<br><br> represent and promote&nbsp;<strong>SoprasApnea<\/strong>&nbsp;online and offline.<\/p>\n<\/div><\/div>\n<\/div>\n\n\n\n<div class=\"wp-block-uagb-container uagb-block-cd219cc2 alignwide uagb-is-root-container\">\n<div class=\"wp-block-uagb-container uagb-block-19213db8\">\n<div class=\"st-cat-content\">\n\n  <div class=\"st-faq\">\n\n    <h2>\ud83c\udfaf Requirements<\/h2>\n\n    <div class=\"st-faq-item\">\n      <h3>Must be an excellent diver a great communicator and a big fan of SoprasApnea\n\n\n<\/h3>\n      <p><\/p>\n    <\/div>\n\n    <div class=\"st-faq-item\">\n      <h3>Must post quality content\/reviews regularly and have good engagement with audience\/following<\/h3>\n      <p><\/p>\n    <\/div>\n\n    <div class=\"st-faq-item\">\n      <h3>Must be willing to reshare SoprasApnea marketing efforts on all social platforms<\/h3>\n      <p><\/p>\n    <\/div>\n\n    <div class=\"st-faq-item\">\n      <h3>Must allow SoprasApnea to repost the content on social media<\/h3>\n      <p><\/p>\n    <\/div>\n\n    <div class=\"st-faq-item\">\n      <h3>Must commit to create original content on a monthly basis over a period of 12 to 24 months<\/h3>\n      <p><\/p>\n    <\/div>\n\n    <div class=\"st-faq-item\">\n      <h3>Should provide valuable feedback on products<\/h3>\n      <p><\/p>\n    <\/div>\n\n\n  <\/div>\n\n<\/div>\n<\/div>\n\n\n\n<div class=\"wp-block-uagb-container uagb-block-06bcc99d\">\n<div class=\"st-cat-content\">\n\n  <div class=\"st-faq\">\n\n    <h2>\ud83c\udf81 Rewards<\/h2>\n\n    <div class=\"st-faq-item\">\n      <h3>Equipment at huge discounts according to your Ambassador\u2019s level (Diamond, Platinum, Gold or Silver)<\/h3>\n      <p><\/p>\n    <\/div>\n\n    <div class=\"st-faq-item\">\n      <h3>Receive your own unique discount code to share with your audience and earn a commission on each sale associated with your code<\/h3>\n      <p><\/p>\n    <\/div>\n\n    <div class=\"st-faq-item\">\n      <h3>Have a profile on our Ambassadors page on our website with picture and contact<\/h3>\n      <p><\/p>\n    <\/div>\n\n    <div class=\"st-faq-item\">\n      <h3>Earn for each \u201clike\u201d to your SoprasApnea posts on social medias<\/h3>\n      <p><\/p>\n    <\/div>\n\n  <\/div>\n\n<\/div>\n<\/div>\n<\/div>\n\n\n\n<div class=\"wp-block-uagb-container uagb-block-d5de64a7 alignwide uagb-is-root-container\"><div class=\"uagb-container__shape uagb-container__shape-top\"><svg xmlns=\"https:\/\/www.w3.org\/2000\/svg\" viewBox=\"0 0 1000 20\" preserveAspectRatio=\"none\"><path class=\"uagb-container__shape-fill\" d=\"M0,0v3c0,0,393.8,0,483.4,0c9.2,0,16.6,7.4,16.6,16.6c0-9.1,7.4-16.6,16.6-16.6C606.2,3,1000,3,1000,3V0H0z\"><\/path><\/svg><\/div>\n<div class=\"wpcf7 no-js\" id=\"wpcf7-f12938-o1\" lang=\"en-US\" dir=\"ltr\" data-wpcf7-id=\"12938\">\n<div class=\"screen-reader-response\"><p role=\"status\" aria-live=\"polite\" aria-atomic=\"true\"><\/p> <ul><\/ul><\/div>\n<form action=\"\/cs\/wp-json\/wp\/v2\/pages\/14602#wpcf7-f12938-o1\" method=\"post\" class=\"wpcf7-form init\" aria-label=\"Contact form\" novalidate=\"novalidate\" data-status=\"init\">\n<fieldset class=\"hidden-fields-container\"><input type=\"hidden\" name=\"_wpcf7\" value=\"12938\" \/><input type=\"hidden\" name=\"_wpcf7_version\" value=\"6.1.5\" \/><input type=\"hidden\" name=\"_wpcf7_locale\" value=\"en_US\" \/><input type=\"hidden\" name=\"_wpcf7_unit_tag\" value=\"wpcf7-f12938-o1\" \/><input type=\"hidden\" name=\"_wpcf7_container_post\" value=\"0\" \/><input type=\"hidden\" name=\"_wpcf7_posted_data_hash\" value=\"\" \/><input type=\"hidden\" name=\"_wpcf7_recaptcha_response\" value=\"\" \/>\n<\/fieldset>\n<div class=\"st-ambassador-form\">\n\t<h3>Contact Information\n\t<\/h3>\n\t<p><label>Name *<\/label><br \/>\n<span class=\"wpcf7-form-control-wrap\" data-name=\"your-name\"><input size=\"40\" maxlength=\"400\" class=\"wpcf7-form-control wpcf7-text wpcf7-validates-as-required\" aria-required=\"true\" aria-invalid=\"false\" value=\"\" type=\"text\" name=\"your-name\" \/><\/span>\n\t<\/p>\n\t<p><label>Email *<\/label><br \/>\n<span class=\"wpcf7-form-control-wrap\" data-name=\"your-email\"><input size=\"40\" maxlength=\"400\" class=\"wpcf7-form-control wpcf7-email wpcf7-validates-as-required wpcf7-text wpcf7-validates-as-email\" aria-required=\"true\" aria-invalid=\"false\" value=\"\" type=\"email\" name=\"your-email\" \/><\/span>\n\t<\/p>\n\t<p><label>Address<\/label><br \/>\n<span class=\"wpcf7-form-control-wrap\" data-name=\"your-address\"><input size=\"40\" maxlength=\"400\" class=\"wpcf7-form-control wpcf7-text\" aria-invalid=\"false\" value=\"\" type=\"text\" name=\"your-address\" \/><\/span>\n\t<\/p>\n\t<p><label>Whatsapp<\/label><br \/>\n<span class=\"wpcf7-form-control-wrap\" data-name=\"your-whatsapp\"><input size=\"40\" maxlength=\"400\" class=\"wpcf7-form-control wpcf7-text\" aria-invalid=\"false\" value=\"\" type=\"text\" name=\"your-whatsapp\" \/><\/span>\n\t<\/p>\n\t<p><label>Age<\/label><br \/>\n<span class=\"wpcf7-form-control-wrap\" data-name=\"your-age\"><input class=\"wpcf7-form-control wpcf7-number wpcf7-validates-as-number\" aria-invalid=\"false\" value=\"\" type=\"number\" name=\"your-age\" \/><\/span>\n\t<\/p>\n\t<h3>Diving Information\n\t<\/h3>\n\t<p><label>Diving certification level<\/label><br \/>\n<span class=\"wpcf7-form-control-wrap\" data-name=\"diving-level\"><input size=\"40\" maxlength=\"400\" class=\"wpcf7-form-control wpcf7-text\" aria-invalid=\"false\" value=\"\" type=\"text\" name=\"diving-level\" \/><\/span>\n\t<\/p>\n\t<h3>Online Presence\n\t<\/h3>\n\t<p><label>Links to social media profiles<\/label><br \/>\n<span class=\"wpcf7-form-control-wrap\" data-name=\"social-links\"><textarea cols=\"40\" rows=\"10\" maxlength=\"2000\" class=\"wpcf7-form-control wpcf7-textarea\" aria-invalid=\"false\" name=\"social-links\"><\/textarea><\/span>\n\t<\/p>\n\t<p><label>Links to websites or blogs<\/label><br \/>\n<span class=\"wpcf7-form-control-wrap\" data-name=\"website-links\"><textarea cols=\"40\" rows=\"10\" maxlength=\"2000\" class=\"wpcf7-form-control wpcf7-textarea\" aria-invalid=\"false\" name=\"website-links\"><\/textarea><\/span>\n\t<\/p>\n\t<h3>Motivation\n\t<\/h3>\n\t<p><label>What product do you like the most in the brand and why<\/label><br \/>\n<span class=\"wpcf7-form-control-wrap\" data-name=\"favorite-product\"><textarea cols=\"40\" rows=\"10\" maxlength=\"2000\" class=\"wpcf7-form-control wpcf7-textarea\" aria-invalid=\"false\" name=\"favorite-product\"><\/textarea><\/span>\n\t<\/p>\n\t<p><label>How long do you know SoprasSub and how<\/label><br \/>\n<span class=\"wpcf7-form-control-wrap\" data-name=\"brand-knowledge\"><textarea cols=\"40\" rows=\"10\" maxlength=\"2000\" class=\"wpcf7-form-control wpcf7-textarea\" aria-invalid=\"false\" name=\"brand-knowledge\"><\/textarea><\/span>\n\t<\/p>\n\t<p><label>Why do you want to be our ambassador<\/label><br \/>\n<span class=\"wpcf7-form-control-wrap\" data-name=\"motivation\"><textarea cols=\"40\" rows=\"10\" maxlength=\"2000\" class=\"wpcf7-form-control wpcf7-textarea\" aria-invalid=\"false\" name=\"motivation\"><\/textarea><\/span>\n\t<\/p>\n\t<p><label>How would you promote SoprasSub<\/label><br \/>\n<span class=\"wpcf7-form-control-wrap\" data-name=\"promotion-plan\"><textarea cols=\"40\" rows=\"10\" maxlength=\"2000\" class=\"wpcf7-form-control wpcf7-textarea\" aria-invalid=\"false\" name=\"promotion-plan\"><\/textarea><\/span>\n\t<\/p>\n\t<p><span class=\"wpcf7-form-control-wrap\" data-name=\"acceptance-1\"><span class=\"wpcf7-form-control wpcf7-acceptance\"><span class=\"wpcf7-list-item\"><input type=\"checkbox\" name=\"acceptance-1\" value=\"1\" aria-invalid=\"false\" \/><\/span><\/span><\/span> I agree to the processing of my personal data. *\n\t<\/p>\n\t<p><div class=\"cf7-cf-turnstile\" style=\"margin-top: 0px; margin-bottom: -15px;\"> <div id=\"cf-turnstile-cf7-3518158063\" class=\"cf-turnstile\" data-callback=\"turnstileCF7Callback\" data-sitekey=\"0x4AAAAAAAClXnUcU_F8Oh_V\" data-theme=\"light\" data-language=\"auto\" data-size=\"\" data-retry=\"auto\" data-retry-interval=\"1000\" data-refresh-expired=\"auto\" data-action=\"contact-form-7\" data-appearance=\"always\"><\/div> <style>.wpcf7-submit { pointer-events: none; opacity: 0.5; }<\/style> <script>document.addEventListener(\"DOMContentLoaded\", function() { setTimeout(function(){ var e=document.getElementById(\"cf-turnstile-cf7-3518158063\"); e&&!e.innerHTML.trim()&&(turnstile.remove(\"#cf-turnstile-cf7-3518158063\"), turnstile.render(\"#cf-turnstile-cf7-3518158063\", {sitekey:\"0x4AAAAAAAClXnUcU_F8Oh_V\"})); }, 100); });<\/script> <br class=\"cf-turnstile-br cf-turnstile-br-cf7-3518158063\"> <style>#cf-turnstile-cf7-3518158063 { margin-left: -15px; }<\/style> <script>document.addEventListener(\"DOMContentLoaded\",function(){document.querySelectorAll('.wpcf7-form').forEach(function(e){e.addEventListener('submit',function(){if(document.getElementById('cf-turnstile-cf7-3518158063')){setTimeout(function(){turnstile.reset('#cf-turnstile-cf7-3518158063');},1000)}})})});<\/script> <\/div><br\/><input class=\"wpcf7-form-control wpcf7-submit has-spinner\" type=\"submit\" value=\"Apply to Become an Ambassador\" \/>\n\t<\/p>\n<\/div><p style=\"display: none !important;\" class=\"akismet-fields-container\" data-prefix=\"_wpcf7_ak_\"><label>&#916;<textarea name=\"_wpcf7_ak_hp_textarea\" cols=\"45\" rows=\"8\" maxlength=\"100\"><\/textarea><\/label><input type=\"hidden\" id=\"ak_js_1\" name=\"_wpcf7_ak_js\" value=\"211\"\/><script>document.getElementById( \"ak_js_1\" ).setAttribute( \"value\", ( new Date() ).getTime() );<\/script><\/p><div class=\"wpcf7-response-output\" aria-hidden=\"true\"><\/div>\n<\/form>\n<\/div>\n\n<\/div>\n","protected":false},"excerpt":{"rendered":"<p>SoprasApnea Ambassador Program We are looking for Ambassadors in each country to represent and promote&nbsp;SoprasApnea&nbsp;online and offline. \ud83c\udfaf Requirements Must be an excellent diver a great communicator and a big fan of SoprasApnea Must post quality content\/reviews regularly and have good engagement with audience\/following Must be willing to reshare SoprasApnea marketing efforts on all social&hellip;&nbsp;<a href=\"https:\/\/soprasapnea.com\/cs\/ambassador-program\/\" rel=\"bookmark\">\u010c\u00edst d\u00e1le &raquo;<span class=\"screen-reader-text\">Ambassador Program<\/span><\/a><\/p>\n","protected":false},"author":124457,"featured_media":0,"parent":0,"menu_order":0,"comment_status":"closed","ping_status":"closed","template":"","meta":{"_acf_changed":false,"_uag_custom_page_level_css":"","neve_meta_sidebar":"","neve_meta_container":"","neve_meta_enable_content_width":"","neve_meta_content_width":0,"neve_meta_title_alignment":"","neve_meta_author_avatar":"","neve_post_elements_order":"","neve_meta_disable_header":"","neve_meta_disable_footer":"","neve_meta_disable_title":"","footnotes":""},"class_list":["post-14602","page","type-page","status-publish","hentry"],"acf":[],"yoast_head":"<!-- This site is optimized with the Yoast SEO plugin v27.2 - https:\/\/yoast.com\/product\/yoast-seo-wordpress\/ -->\n<title>Ambassador Program - Sopras Apnea<\/title>\n<meta name=\"robots\" content=\"index, follow, max-snippet:-1, max-image-preview:large, max-video-preview:-1\" \/>\n<link rel=\"canonical\" href=\"https:\/\/soprasapnea.com\/cs\/ambassador-program\/\" \/>\n<meta property=\"og:locale\" content=\"cs_CZ\" \/>\n<meta property=\"og:type\" content=\"article\" \/>\n<meta property=\"og:title\" content=\"Ambassador Program - Sopras Apnea\" \/>\n<meta property=\"og:description\" content=\"SoprasApnea Ambassador Program We are looking for Ambassadors in each country to represent and promote&nbsp;SoprasApnea&nbsp;online and offline. \ud83c\udfaf Requirements Must be an excellent diver a great communicator and a big fan of SoprasApnea Must post quality content\/reviews regularly and have good engagement with audience\/following Must be willing to reshare SoprasApnea marketing efforts on all social&hellip;&nbsp;\u010c\u00edst d\u00e1le &raquo;Ambassador Program\" \/>\n<meta property=\"og:url\" content=\"https:\/\/soprasapnea.com\/cs\/ambassador-program\/\" \/>\n<meta property=\"og:site_name\" content=\"Sopras Apnea\" \/>\n<meta property=\"og:image\" content=\"https:\/\/soprasapnea.com\/wp-content\/uploads\/2026\/03\/soprasapnea-ambassador-1024x429.png\" \/>\n<meta name=\"twitter:card\" content=\"summary_large_image\" \/>\n<meta name=\"twitter:label1\" content=\"Odhadovan\u00e1 doba \u010dten\u00ed\" \/>\n\t<meta name=\"twitter:data1\" content=\"1 minuta\" \/>\n<script type=\"application\/ld+json\" class=\"yoast-schema-graph\">{\"@context\":\"https:\/\/schema.org\",\"@graph\":[{\"@type\":\"WebPage\",\"@id\":\"https:\/\/soprasapnea.com\/cs\/ambassador-program\/\",\"url\":\"https:\/\/soprasapnea.com\/cs\/ambassador-program\/\",\"name\":\"Ambassador Program - Sopras Apnea\",\"isPartOf\":{\"@id\":\"https:\/\/soprasapnea.com\/#website\"},\"primaryImageOfPage\":{\"@id\":\"https:\/\/soprasapnea.com\/cs\/ambassador-program\/#primaryimage\"},\"image\":{\"@id\":\"https:\/\/soprasapnea.com\/cs\/ambassador-program\/#primaryimage\"},\"thumbnailUrl\":\"https:\/\/soprasapnea.com\/wp-content\/uploads\/2026\/03\/soprasapnea-ambassador-1024x429.png\",\"datePublished\":\"2026-03-02T10:27:54+00:00\",\"breadcrumb\":{\"@id\":\"https:\/\/soprasapnea.com\/cs\/ambassador-program\/#breadcrumb\"},\"inLanguage\":\"cs\",\"potentialAction\":[{\"@type\":\"ReadAction\",\"target\":[\"https:\/\/soprasapnea.com\/cs\/ambassador-program\/\"]}]},{\"@type\":\"ImageObject\",\"inLanguage\":\"cs\",\"@id\":\"https:\/\/soprasapnea.com\/cs\/ambassador-program\/#primaryimage\",\"url\":\"https:\/\/soprasapnea.com\/wp-content\/uploads\/2026\/03\/soprasapnea-ambassador-1024x429.png\",\"contentUrl\":\"https:\/\/soprasapnea.com\/wp-content\/uploads\/2026\/03\/soprasapnea-ambassador-1024x429.png\"},{\"@type\":\"BreadcrumbList\",\"@id\":\"https:\/\/soprasapnea.com\/cs\/ambassador-program\/#breadcrumb\",\"itemListElement\":[{\"@type\":\"ListItem\",\"position\":1,\"name\":\"Home\",\"item\":\"https:\/\/soprasapnea.com\/cs\/\"},{\"@type\":\"ListItem\",\"position\":2,\"name\":\"Ambassador Program\"}]},{\"@type\":\"WebSite\",\"@id\":\"https:\/\/soprasapnea.com\/#website\",\"url\":\"https:\/\/soprasapnea.com\/\",\"name\":\"Sopras Apnea\",\"description\":\"Freediving, spearfishing equipment\",\"potentialAction\":[{\"@type\":\"SearchAction\",\"target\":{\"@type\":\"EntryPoint\",\"urlTemplate\":\"https:\/\/soprasapnea.com\/?s={search_term_string}\"},\"query-input\":{\"@type\":\"PropertyValueSpecification\",\"valueRequired\":true,\"valueName\":\"search_term_string\"}}],\"inLanguage\":\"cs\"}]}<\/script>\n<!-- \/ Yoast SEO plugin. -->","yoast_head_json":{"title":"Ambassador Program - Sopras Apnea","robots":{"index":"index","follow":"follow","max-snippet":"max-snippet:-1","max-image-preview":"max-image-preview:large","max-video-preview":"max-video-preview:-1"},"canonical":"https:\/\/soprasapnea.com\/cs\/ambassador-program\/","og_locale":"cs_CZ","og_type":"article","og_title":"Ambassador Program - Sopras Apnea","og_description":"SoprasApnea Ambassador Program We are looking for Ambassadors in each country to represent and promote&nbsp;SoprasApnea&nbsp;online and offline. \ud83c\udfaf Requirements Must be an excellent diver a great communicator and a big fan of SoprasApnea Must post quality content\/reviews regularly and have good engagement with audience\/following Must be willing to reshare SoprasApnea marketing efforts on all social&hellip;&nbsp;\u010c\u00edst d\u00e1le &raquo;Ambassador Program","og_url":"https:\/\/soprasapnea.com\/cs\/ambassador-program\/","og_site_name":"Sopras Apnea","og_image":[{"url":"https:\/\/soprasapnea.com\/wp-content\/uploads\/2026\/03\/soprasapnea-ambassador-1024x429.png","type":"","width":"","height":""}],"twitter_card":"summary_large_image","twitter_misc":{"Odhadovan\u00e1 doba \u010dten\u00ed":"1 minuta"},"schema":{"@context":"https:\/\/schema.org","@graph":[{"@type":"WebPage","@id":"https:\/\/soprasapnea.com\/cs\/ambassador-program\/","url":"https:\/\/soprasapnea.com\/cs\/ambassador-program\/","name":"Ambassador Program - Sopras Apnea","isPartOf":{"@id":"https:\/\/soprasapnea.com\/#website"},"primaryImageOfPage":{"@id":"https:\/\/soprasapnea.com\/cs\/ambassador-program\/#primaryimage"},"image":{"@id":"https:\/\/soprasapnea.com\/cs\/ambassador-program\/#primaryimage"},"thumbnailUrl":"https:\/\/soprasapnea.com\/wp-content\/uploads\/2026\/03\/soprasapnea-ambassador-1024x429.png","datePublished":"2026-03-02T10:27:54+00:00","breadcrumb":{"@id":"https:\/\/soprasapnea.com\/cs\/ambassador-program\/#breadcrumb"},"inLanguage":"cs","potentialAction":[{"@type":"ReadAction","target":["https:\/\/soprasapnea.com\/cs\/ambassador-program\/"]}]},{"@type":"ImageObject","inLanguage":"cs","@id":"https:\/\/soprasapnea.com\/cs\/ambassador-program\/#primaryimage","url":"https:\/\/soprasapnea.com\/wp-content\/uploads\/2026\/03\/soprasapnea-ambassador-1024x429.png","contentUrl":"https:\/\/soprasapnea.com\/wp-content\/uploads\/2026\/03\/soprasapnea-ambassador-1024x429.png"},{"@type":"BreadcrumbList","@id":"https:\/\/soprasapnea.com\/cs\/ambassador-program\/#breadcrumb","itemListElement":[{"@type":"ListItem","position":1,"name":"Home","item":"https:\/\/soprasapnea.com\/cs\/"},{"@type":"ListItem","position":2,"name":"Ambassador Program"}]},{"@type":"WebSite","@id":"https:\/\/soprasapnea.com\/#website","url":"https:\/\/soprasapnea.com\/","name":"Sopras Apnea","description":"Freediving, spearfishing equipment","potentialAction":[{"@type":"SearchAction","target":{"@type":"EntryPoint","urlTemplate":"https:\/\/soprasapnea.com\/?s={search_term_string}"},"query-input":{"@type":"PropertyValueSpecification","valueRequired":true,"valueName":"search_term_string"}}],"inLanguage":"cs"}]}},"uagb_featured_image_src":{"full":false,"thumbnail":false,"medium":false,"medium_large":false,"large":false,"1536x1536":false,"2048x2048":false,"neve-blog":false,"mailpoet_newsletter_max":false,"woocommerce_thumbnail":false,"woocommerce_single":false,"woocommerce_gallery_thumbnail":false},"uagb_author_info":{"display_name":"Adam","author_link":"https:\/\/soprasapnea.com\/cs\/author\/adam\/"},"uagb_comment_info":0,"uagb_excerpt":"SoprasApnea Ambassador Program We are looking for Ambassadors in each country to represent and promote&nbsp;SoprasApnea&nbsp;online and offline. \ud83c\udfaf Requirements Must be an excellent diver a great communicator and a big fan of SoprasApnea Must post quality content\/reviews regularly and have good engagement with audience\/following Must be willing to reshare SoprasApnea marketing efforts on all social&hellip;&nbsp;\u010c\u00edst&hellip;","_links":{"self":[{"href":"https:\/\/soprasapnea.com\/cs\/wp-json\/wp\/v2\/pages\/14602","targetHints":{"allow":["GET"]}}],"collection":[{"href":"https:\/\/soprasapnea.com\/cs\/wp-json\/wp\/v2\/pages"}],"about":[{"href":"https:\/\/soprasapnea.com\/cs\/wp-json\/wp\/v2\/types\/page"}],"author":[{"embeddable":true,"href":"https:\/\/soprasapnea.com\/cs\/wp-json\/wp\/v2\/users\/124457"}],"replies":[{"embeddable":true,"href":"https:\/\/soprasapnea.com\/cs\/wp-json\/wp\/v2\/comments?post=14602"}],"version-history":[{"count":0,"href":"https:\/\/soprasapnea.com\/cs\/wp-json\/wp\/v2\/pages\/14602\/revisions"}],"wp:attachment":[{"href":"https:\/\/soprasapnea.com\/cs\/wp-json\/wp\/v2\/media?parent=14602"}],"curies":[{"name":"wp","href":"https:\/\/api.w.org\/{rel}","templated":true}]}}