{"id":14603,"date":"2025-11-28T09:27:39","date_gmt":"2025-11-28T08:27:39","guid":{"rendered":"https:\/\/soprasapnea.com\/about-us\/"},"modified":"2025-11-28T09:27:39","modified_gmt":"2025-11-28T08:27:39","slug":"about-us","status":"publish","type":"page","link":"https:\/\/soprasapnea.com\/cs\/about-us\/","title":{"rendered":"About Us"},"content":{"rendered":"\n<div class=\"wp-block-uagb-container uagb-block-46e127c9 alignwide uagb-is-root-container\">\n<p class=\"has-text-align-center about-p has-nv-dark-bg-color has-text-color has-link-color has-medium-font-size wp-elements-4a150c7142abbabc8a108497998b1f9a\">Soprassub was founded by mr Dario Ricci in 1997. In a few years Soprassub increased the range of products to cover equipment for freedivers with Sopras Apnea as well as scuba divers both recreational (with the original brand Soprassub) and technical (with Sopras Tek).<\/p>\n<\/div>\n\n\n\n<div class=\"wp-block-uagb-container uagb-block-245c9d2d alignwide uagb-is-root-container\">\n<h2 class=\"wp-block-heading has-text-align-center\">Check out what our place looks like!<\/h2>\n<\/div>\n\n\n\n<div class=\"wp-block-uagb-container uagb-block-824e0e3e alignwide uagb-is-root-container\">\n<div class=\"wp-block-uagb-container uagb-block-c0467853\">\n<figure class=\"wp-block-embed is-type-video is-provider-youtube wp-block-embed-youtube wp-embed-aspect-16-9 wp-has-aspect-ratio\"><div class=\"wp-block-embed__wrapper\">\n<div class=\"nv-iframe-embed\"><iframe loading=\"lazy\" title=\"The warehouse\" width=\"1200\" height=\"675\" src=\"https:\/\/www.youtube.com\/embed\/xsMjKnSFFDY?feature=oembed\" frameborder=\"0\" allow=\"accelerometer; autoplay; clipboard-write; encrypted-media; gyroscope; picture-in-picture; web-share\" referrerpolicy=\"strict-origin-when-cross-origin\" allowfullscreen><\/iframe><\/div>\n<\/div><\/figure>\n\n\n\n<p class=\"has-text-align-center has-nv-dark-bg-color has-text-color has-link-color has-medium-font-size wp-elements-fdd7d67f0bec968beecfd17e3e77c4ee\">Explore our warehouse&#8230;<\/p>\n<\/div>\n\n\n\n<div class=\"wp-block-uagb-container uagb-block-34ae140c\">\n<figure class=\"wp-block-embed is-type-video is-provider-youtube wp-block-embed-youtube wp-embed-aspect-16-9 wp-has-aspect-ratio\"><div class=\"wp-block-embed__wrapper\">\n<div class=\"nv-iframe-embed\"><iframe loading=\"lazy\" title=\"An aerial view of Sopras\" width=\"1200\" height=\"675\" src=\"https:\/\/www.youtube.com\/embed\/cCMSsJDuass?feature=oembed\" frameborder=\"0\" allow=\"accelerometer; autoplay; clipboard-write; encrypted-media; gyroscope; picture-in-picture; web-share\" referrerpolicy=\"strict-origin-when-cross-origin\" allowfullscreen><\/iframe><\/div>\n<\/div><\/figure>\n\n\n\n<p class=\"has-text-align-center has-nv-dark-bg-color has-text-color has-link-color has-medium-font-size wp-elements-9611b96a01d022b164d5364a254559b0\">An aerial view of Sopras&#8230;<\/p>\n<\/div>\n\n\n\n<div class=\"wp-block-uagb-container uagb-block-1a9a0ed7\">\n<figure class=\"wp-block-embed is-type-video is-provider-youtube wp-block-embed-youtube wp-embed-aspect-9-16 wp-has-aspect-ratio\"><div class=\"wp-block-embed__wrapper\">\n<div class=\"nv-iframe-embed\"><iframe loading=\"lazy\" title=\"A walk thru the company\" width=\"563\" height=\"1000\" src=\"https:\/\/www.youtube.com\/embed\/4D2VRYabcX8?feature=oembed\" frameborder=\"0\" allow=\"accelerometer; autoplay; clipboard-write; encrypted-media; gyroscope; picture-in-picture; web-share\" referrerpolicy=\"strict-origin-when-cross-origin\" allowfullscreen><\/iframe><\/div>\n<\/div><\/figure>\n\n\n\n<p class=\"has-text-align-center has-nv-dark-bg-color has-text-color has-link-color has-medium-font-size wp-elements-6ca4b30c4515d72b1c6374c63ae8f2ad\">A walk thru the company<\/p>\n<\/div>\n<\/div>\n","protected":false},"excerpt":{"rendered":"<p>Soprassub was founded by mr Dario Ricci in 1997. In a few years Soprassub increased the range of products to cover equipment for freedivers with Sopras Apnea as well as scuba divers both recreational (with the original brand Soprassub) and technical (with Sopras Tek). Check out what our place looks like! Explore our warehouse&#8230; An&hellip;&nbsp;<a href=\"https:\/\/soprasapnea.com\/cs\/about-us\/\" rel=\"bookmark\">\u010c\u00edst d\u00e1le &raquo;<span class=\"screen-reader-text\">About Us<\/span><\/a><\/p>\n","protected":false},"author":124457,"featured_media":0,"parent":0,"menu_order":0,"comment_status":"closed","ping_status":"closed","template":"","meta":{"_acf_changed":false,"_uag_custom_page_level_css":"","neve_meta_sidebar":"","neve_meta_container":"","neve_meta_enable_content_width":"","neve_meta_content_width":0,"neve_meta_title_alignment":"","neve_meta_author_avatar":"","neve_post_elements_order":"","neve_meta_disable_header":"","neve_meta_disable_footer":"","neve_meta_disable_title":"","footnotes":""},"class_list":["post-14603","page","type-page","status-publish","hentry"],"acf":[],"yoast_head":"<!-- This site is optimized with the Yoast SEO plugin v27.2 - https:\/\/yoast.com\/product\/yoast-seo-wordpress\/ -->\n<title>About Us - Sopras Apnea<\/title>\n<meta name=\"robots\" content=\"index, follow, max-snippet:-1, max-image-preview:large, max-video-preview:-1\" \/>\n<link rel=\"canonical\" href=\"https:\/\/soprasapnea.com\/cs\/about-us\/\" \/>\n<meta property=\"og:locale\" content=\"cs_CZ\" \/>\n<meta property=\"og:type\" content=\"article\" \/>\n<meta property=\"og:title\" content=\"About Us - Sopras Apnea\" \/>\n<meta property=\"og:description\" content=\"Soprassub was founded by mr Dario Ricci in 1997. In a few years Soprassub increased the range of products to cover equipment for freedivers with Sopras Apnea as well as scuba divers both recreational (with the original brand Soprassub) and technical (with Sopras Tek). Check out what our place looks like! Explore our warehouse&#8230; An&hellip;&nbsp;\u010c\u00edst d\u00e1le &raquo;About Us\" \/>\n<meta property=\"og:url\" content=\"https:\/\/soprasapnea.com\/cs\/about-us\/\" \/>\n<meta property=\"og:site_name\" content=\"Sopras Apnea\" \/>\n<meta name=\"twitter:card\" content=\"summary_large_image\" \/>\n<script type=\"application\/ld+json\" class=\"yoast-schema-graph\">{\"@context\":\"https:\/\/schema.org\",\"@graph\":[{\"@type\":\"WebPage\",\"@id\":\"https:\/\/soprasapnea.com\/cs\/about-us\/\",\"url\":\"https:\/\/soprasapnea.com\/cs\/about-us\/\",\"name\":\"About Us - Sopras Apnea\",\"isPartOf\":{\"@id\":\"https:\/\/soprasapnea.com\/#website\"},\"datePublished\":\"2025-11-28T08:27:39+00:00\",\"breadcrumb\":{\"@id\":\"https:\/\/soprasapnea.com\/cs\/about-us\/#breadcrumb\"},\"inLanguage\":\"cs\",\"potentialAction\":[{\"@type\":\"ReadAction\",\"target\":[\"https:\/\/soprasapnea.com\/cs\/about-us\/\"]}]},{\"@type\":\"BreadcrumbList\",\"@id\":\"https:\/\/soprasapnea.com\/cs\/about-us\/#breadcrumb\",\"itemListElement\":[{\"@type\":\"ListItem\",\"position\":1,\"name\":\"Home\",\"item\":\"https:\/\/soprasapnea.com\/cs\/\"},{\"@type\":\"ListItem\",\"position\":2,\"name\":\"About Us\"}]},{\"@type\":\"WebSite\",\"@id\":\"https:\/\/soprasapnea.com\/#website\",\"url\":\"https:\/\/soprasapnea.com\/\",\"name\":\"Sopras Apnea\",\"description\":\"Freediving, spearfishing equipment\",\"potentialAction\":[{\"@type\":\"SearchAction\",\"target\":{\"@type\":\"EntryPoint\",\"urlTemplate\":\"https:\/\/soprasapnea.com\/?s={search_term_string}\"},\"query-input\":{\"@type\":\"PropertyValueSpecification\",\"valueRequired\":true,\"valueName\":\"search_term_string\"}}],\"inLanguage\":\"cs\"}]}<\/script>\n<!-- \/ Yoast SEO plugin. -->","yoast_head_json":{"title":"About Us - Sopras Apnea","robots":{"index":"index","follow":"follow","max-snippet":"max-snippet:-1","max-image-preview":"max-image-preview:large","max-video-preview":"max-video-preview:-1"},"canonical":"https:\/\/soprasapnea.com\/cs\/about-us\/","og_locale":"cs_CZ","og_type":"article","og_title":"About Us - Sopras Apnea","og_description":"Soprassub was founded by mr Dario Ricci in 1997. In a few years Soprassub increased the range of products to cover equipment for freedivers with Sopras Apnea as well as scuba divers both recreational (with the original brand Soprassub) and technical (with Sopras Tek). Check out what our place looks like! Explore our warehouse&#8230; An&hellip;&nbsp;\u010c\u00edst d\u00e1le &raquo;About Us","og_url":"https:\/\/soprasapnea.com\/cs\/about-us\/","og_site_name":"Sopras Apnea","twitter_card":"summary_large_image","schema":{"@context":"https:\/\/schema.org","@graph":[{"@type":"WebPage","@id":"https:\/\/soprasapnea.com\/cs\/about-us\/","url":"https:\/\/soprasapnea.com\/cs\/about-us\/","name":"About Us - Sopras Apnea","isPartOf":{"@id":"https:\/\/soprasapnea.com\/#website"},"datePublished":"2025-11-28T08:27:39+00:00","breadcrumb":{"@id":"https:\/\/soprasapnea.com\/cs\/about-us\/#breadcrumb"},"inLanguage":"cs","potentialAction":[{"@type":"ReadAction","target":["https:\/\/soprasapnea.com\/cs\/about-us\/"]}]},{"@type":"BreadcrumbList","@id":"https:\/\/soprasapnea.com\/cs\/about-us\/#breadcrumb","itemListElement":[{"@type":"ListItem","position":1,"name":"Home","item":"https:\/\/soprasapnea.com\/cs\/"},{"@type":"ListItem","position":2,"name":"About Us"}]},{"@type":"WebSite","@id":"https:\/\/soprasapnea.com\/#website","url":"https:\/\/soprasapnea.com\/","name":"Sopras Apnea","description":"Freediving, spearfishing equipment","potentialAction":[{"@type":"SearchAction","target":{"@type":"EntryPoint","urlTemplate":"https:\/\/soprasapnea.com\/?s={search_term_string}"},"query-input":{"@type":"PropertyValueSpecification","valueRequired":true,"valueName":"search_term_string"}}],"inLanguage":"cs"}]}},"uagb_featured_image_src":{"full":false,"thumbnail":false,"medium":false,"medium_large":false,"large":false,"1536x1536":false,"2048x2048":false,"neve-blog":false,"mailpoet_newsletter_max":false,"woocommerce_thumbnail":false,"woocommerce_single":false,"woocommerce_gallery_thumbnail":false},"uagb_author_info":{"display_name":"Adam","author_link":"https:\/\/soprasapnea.com\/cs\/author\/adam\/"},"uagb_comment_info":0,"uagb_excerpt":"Soprassub was founded by mr Dario Ricci in 1997. In a few years Soprassub increased the range of products to cover equipment for freedivers with Sopras Apnea as well as scuba divers both recreational (with the original brand Soprassub) and technical (with Sopras Tek). Check out what our place looks like! Explore our warehouse&#8230; An&hellip;&nbsp;\u010c\u00edst&hellip;","_links":{"self":[{"href":"https:\/\/soprasapnea.com\/cs\/wp-json\/wp\/v2\/pages\/14603","targetHints":{"allow":["GET"]}}],"collection":[{"href":"https:\/\/soprasapnea.com\/cs\/wp-json\/wp\/v2\/pages"}],"about":[{"href":"https:\/\/soprasapnea.com\/cs\/wp-json\/wp\/v2\/types\/page"}],"author":[{"embeddable":true,"href":"https:\/\/soprasapnea.com\/cs\/wp-json\/wp\/v2\/users\/124457"}],"replies":[{"embeddable":true,"href":"https:\/\/soprasapnea.com\/cs\/wp-json\/wp\/v2\/comments?post=14603"}],"version-history":[{"count":0,"href":"https:\/\/soprasapnea.com\/cs\/wp-json\/wp\/v2\/pages\/14603\/revisions"}],"wp:attachment":[{"href":"https:\/\/soprasapnea.com\/cs\/wp-json\/wp\/v2\/media?parent=14603"}],"curies":[{"name":"wp","href":"https:\/\/api.w.org\/{rel}","templated":true}]}}