{"id":14604,"date":"2022-05-18T05:46:35","date_gmt":"2022-05-18T04:46:35","guid":{"rendered":"https:\/\/soprasapnea.com\/principles-of-cookies-processing\/"},"modified":"2022-05-18T05:46:35","modified_gmt":"2022-05-18T04:46:35","slug":"principles-of-cookies-processing","status":"publish","type":"page","link":"https:\/\/soprasapnea.com\/cs\/principles-of-cookies-processing\/","title":{"rendered":"Principles of cookies processing"},"content":{"rendered":"\n<p>Company&nbsp;Diveproduction s.r.o.<strong>.<\/strong>&nbsp;, with its registered seat at Pavlovska 267, 27351 Cerveny Ujezd, registration number: 27163288, signed at M\u011bstsk\u00fd soud in Prague, C101114, takes the protection of personal data seriously, so please read the information of how our company processes cookies on own websites.<\/p>\n\n\n\n<p>Our contact details:<\/p>\n\n\n\n<p><a href=\"mailto:diving@sopras.cz\">diving@sopras.cz<\/a><\/p>\n\n\n\n<p>tel.+ 420&nbsp;312&nbsp;699 790<\/p>\n\n\n\n<p><strong>What are cookies?<\/strong><\/p>\n\n\n\n<p>Cookies are short text files created by a&nbsp;web server and stored on a&nbsp;computer. The computer is then identified when it returns to the server. Usually, user preferences are loaded into cookies (e.g. the language selected on the page) or some situation (if you are logged in, what goods you have in the basket, etc.).<\/p>\n\n\n\n<p><strong>What cookies do&nbsp;we use?&nbsp;&nbsp;&nbsp;&nbsp;&nbsp;&nbsp;&nbsp;&nbsp;&nbsp;&nbsp;&nbsp;&nbsp;<\/strong><\/p>\n\n\n\n<p><strong>Functional cookies<\/strong><strong><\/strong><\/p>\n\n\n\n<p>Functional Cookies help a site work well, they enable additional features which can make the user experience better.<\/p>\n\n\n\n<p><strong>Analytical cookies<\/strong><strong><\/strong><\/p>\n\n\n\n<p>Analytical Cookies are used to determine usage of a site, they may track an individual users, but only to the extent to allow a users journey through the site. They are not used for targeting adverts (Marketing Cookies)<\/p>\n\n\n\n<p><strong>Marketing cookies<\/strong><strong><\/strong><\/p>\n\n\n\n<p>Marketing Cookies are used to target advertising to a user (behavioural targeting). They are often served by third party companies, and track a user across websites.<\/p>\n\n\n\n<p><strong>What purposes do&nbsp;we collect cookies for?<\/strong><\/p>\n\n\n\n<ol class=\"wp-block-list\" type=\"1\"><li>For the&nbsp;<strong>operation of websites<\/strong>. Such technical cookies are necessary for the site functioning in a&nbsp;way they supposed to and saving them to your device is in our legitimate interest.&nbsp;<\/li><li>For&nbsp;<strong>measuring website traffic and generating statistics<\/strong>&nbsp;related to traffic and behaviour of visitors on the site are reviewed in the form of a&nbsp;collective unit and in anonymized form (as our legitimate interest) or in pseudonymized form in which personal data are processed and which allows the identification of an individual with considerable and professional effort only. The processing of these tracking cookies can only take place with your agreement.<\/li><li>Cookies for the purpose of&nbsp;<strong>targeting advertising&nbsp;<\/strong>are processed based on your agreement and contain personal data. These are remarketing cookies. Thanks to these cookies, third parties such as Google, display advertisements that match with your preferences and interests on our websites, as well as on the web advertising spaces of other companies.<\/li><\/ol>\n\n\n\n<p>You can dispute by setting up your browser. In case of an objection, we cannot guarantee that websites will function properly.<\/p>\n\n\n\n<p>You can revoke your agreement to processing of cookies at any time or again allow it by setting your browser as described below udner each line of browser.<\/p>\n\n\n\n<ul class=\"wp-block-list\"><li><a href=\"https:\/\/support.google.com\/accounts\/answer\/61416?hl=cs\">Chrome<\/a><\/li><li><a href=\"https:\/\/support.google.com\/accounts\/answer\/61416?hl=cs\">Firefox<\/a><\/li><li><a href=\"https:\/\/support.google.com\/accounts\/answer\/61416?hl=cs\">Internet Explorer<\/a><\/li><li><a href=\"https:\/\/support.google.com\/accounts\/answer\/61416?hl=cs\">Opera<\/a><\/li><li><a href=\"https:\/\/support.google.com\/accounts\/answer\/61416?hl=cs\">Seznam<\/a><\/li><li><a href=\"https:\/\/support.google.com\/accounts\/answer\/61416?hl=cs\">Android<\/a><\/li><li><a href=\"https:\/\/support.google.com\/accounts\/answer\/61416?hl=cs\">Safari<\/a><\/li><li><a href=\"https:\/\/support.google.com\/accounts\/answer\/61416?hl=cs\">Microsoft Edge<\/a><\/li><\/ul>\n\n\n\n<p><strong>Who can see cookies?<\/strong><\/p>\n\n\n\n<ul class=\"wp-block-list\"><li>Google Ireland Limited (registration number: 368047), based in Gordon House, Barrow Street, Dublin 4, Ireland; Google Terms of Service Analytics&nbsp;<a href=\"https:\/\/policies.google.com\/privacy\">https:\/\/policies.google.com\/privacy<\/a><\/li><li>Facebook Ireland Limited, based in 4 Grand Canal Square, Grand Canal Harbour, Dublin 2, D02 X525, Ireland. Facebook Terms of Service&nbsp;<a href=\"https:\/\/www.facebook.com\/full_data_use_policy\">https:\/\/www.facebook.com\/full_data_use_policy<\/a><\/li><\/ul>\n\n\n\n<p>The above-mentioned recipients process your personal data for stated purposes only and based on our instructions in accordance with the relevant measures to ensure confidentiality and security of your personal data.<\/p>\n\n\n\n<p>Personal data are transferred outside the European Union with a&nbsp;sufficient guarantee \u2013 Google and Facebook are part of Privacy Shield.<\/p>\n\n\n\n<p>In case of any probl\u00e9m you can always contact our data protection officer &#8211; office @sopras.cz<\/p>\n\n\n\n<p id=\"block-af76f8a1-0d9c-40b4-97bf-793a186ece27\">Company&nbsp;Diveproduction s.r.o.<strong>.<\/strong>&nbsp;, with its registered seat at Pavlovska 267, 27351 Cerveny Ujezd, registration number: 27163288, signed at M\u011bstsk\u00fd soud in Prague, C101114, takes the protection of personal data seriously, so please read the information of how our company processes cookies on own websites.<\/p>\n\n\n\n<p id=\"block-be3b1f2d-348c-41cd-962f-916b2c990a66\">Our contact details:<\/p>\n\n\n\n<p id=\"block-480477bb-eeb4-41fc-aa76-5a85cbc7b77f\"><a href=\"mailto:diving@sopras.cz\">diving@sopras.cz<\/a><\/p>\n\n\n\n<p id=\"block-55b4d182-a408-4366-9a0a-e695ca1c4054\">tel.+ 420&nbsp;312&nbsp;699 790<\/p>\n\n\n\n<p id=\"block-f87aab3a-c126-4f08-b215-cf2c97433daa\"><strong>What are cookies?<\/strong><\/p>\n\n\n\n<p id=\"block-831c1025-85d7-41b3-adaa-b047306ad84f\">Cookies are short text files created by a&nbsp;web server and stored on a&nbsp;computer. The computer is then identified when it returns to the server. Usually, user preferences are loaded into cookies (e.g. the language selected on the page) or some situation (if you are logged in, what goods you have in the basket, etc.).<\/p>\n\n\n\n<p id=\"block-1626f14f-10eb-4b6c-9817-59cf2b171cc3\"><strong>What cookies do&nbsp;we use?&nbsp;&nbsp;&nbsp;&nbsp;&nbsp;&nbsp;&nbsp;&nbsp;&nbsp;&nbsp;&nbsp;&nbsp;<\/strong><\/p>\n\n\n\n<p id=\"block-5d402314-5e72-44f5-a224-933dd58dfd3e\"><strong>Functional cookies<\/strong><\/p>\n\n\n\n<p id=\"block-2805d034-b73c-45b7-9a50-3f8e5c5606cb\">Functional Cookies help a site work well, they enable additional features which can make the user experience better.<\/p>\n\n\n\n<p id=\"block-be59834b-72c9-4d3b-a48c-a9617929aca8\"><strong>Analytical cookies<\/strong><\/p>\n\n\n\n<p id=\"block-402956a0-b8ce-495a-93ea-d1fb8f95b1f2\">Analytical Cookies are used to determine usage of a site, they may track an individual users, but only to the extent to allow a users journey through the site. They are not used for targeting adverts (Marketing Cookies)<\/p>\n\n\n\n<p id=\"block-0391db0e-da24-4546-86e0-b15be1579f58\"><strong>Marketing cookies<\/strong><\/p>\n\n\n\n<p id=\"block-9ef4d8b6-fa4c-4587-9dc5-923e702a8502\">Marketing Cookies are used to target advertising to a user (behavioural targeting). They are often served by third party companies, and track a user across websites.<\/p>\n\n\n\n<p id=\"block-ccadbdcb-c6cb-4892-b07b-a1e0cc7fae4c\"><strong>What purposes do&nbsp;we collect cookies for?<\/strong><\/p>\n\n\n\n<ol class=\"wp-block-list\" type=\"1\" id=\"block-052cbe6c-29f2-4ce4-8caf-1ed072abe12e\"><li>For the&nbsp;<strong>operation of websites<\/strong>. Such technical cookies are necessary for the site functioning in a&nbsp;way they supposed to and saving them to your device is in our legitimate interest.&nbsp;<\/li><li>For&nbsp;<strong>measuring website traffic and generating statistics<\/strong>&nbsp;related to traffic and behaviour of visitors on the site are reviewed in the form of a&nbsp;collective unit and in anonymized form (as our legitimate interest) or in pseudonymized form in which personal data are processed and which allows the identification of an individual with considerable and professional effort only. The processing of these tracking cookies can only take place with your agreement.<\/li><li>Cookies for the purpose of&nbsp;<strong>targeting advertising&nbsp;<\/strong>are processed based on your agreement and contain personal data. These are remarketing cookies. Thanks to these cookies, third parties such as Google, display advertisements that match with your preferences and interests on our websites, as well as on the web advertising spaces of other companies.<\/li><\/ol>\n\n\n\n<p id=\"block-4b2c97b5-5dfd-4d0b-8b89-90ec92db99a4\">You can dispute by setting up your browser. In case of an objection, we cannot guarantee that websites will function properly.<\/p>\n\n\n\n<p id=\"block-ffbe4ffb-8c76-4489-a013-c47777dff5ec\">You can revoke your agreement to processing of cookies at any time or again allow it by setting your browser as described below udner each line of browser.<\/p>\n\n\n\n<ul class=\"wp-block-list\" id=\"block-c41730f8-4979-4d5a-a8b5-18d2792b1b6f\"><li><a href=\"https:\/\/support.google.com\/accounts\/answer\/61416?hl=cs\">Chrome<\/a><\/li><li><a href=\"https:\/\/support.google.com\/accounts\/answer\/61416?hl=cs\">Firefox<\/a><\/li><li><a href=\"https:\/\/support.google.com\/accounts\/answer\/61416?hl=cs\">Internet Explorer<\/a><\/li><li><a href=\"https:\/\/support.google.com\/accounts\/answer\/61416?hl=cs\">Opera<\/a><\/li><li><a href=\"https:\/\/support.google.com\/accounts\/answer\/61416?hl=cs\">Seznam<\/a><\/li><li><a href=\"https:\/\/support.google.com\/accounts\/answer\/61416?hl=cs\">Android<\/a><\/li><li><a href=\"https:\/\/support.google.com\/accounts\/answer\/61416?hl=cs\">Safari<\/a><\/li><li><a href=\"https:\/\/support.google.com\/accounts\/answer\/61416?hl=cs\">Microsoft Edge<\/a><\/li><\/ul>\n\n\n\n<p id=\"block-d1cee8f3-1b0b-4ab9-af95-240921e4cd87\"><strong>Who can see cookies?<\/strong><\/p>\n\n\n\n<ul class=\"wp-block-list\" id=\"block-3aea1c33-e8ee-4b42-a59f-dc3eb4e78b08\"><li>Google Ireland Limited (registration number: 368047), based in Gordon House, Barrow Street, Dublin 4, Ireland; Google Terms of Service Analytics&nbsp;<a href=\"https:\/\/policies.google.com\/privacy\">https:\/\/policies.google.com\/privacy<\/a><\/li><li>Facebook Ireland Limited, based in 4 Grand Canal Square, Grand Canal Harbour, Dublin 2, D02 X525, Ireland. Facebook Terms of Service&nbsp;<a href=\"https:\/\/www.facebook.com\/full_data_use_policy\">https:\/\/www.facebook.com\/full_data_use_policy<\/a><\/li><\/ul>\n\n\n\n<p id=\"block-fc53d006-977b-4748-994a-380267204711\">The above-mentioned recipients process your personal data for stated purposes only and based on our instructions in accordance with the relevant measures to ensure confidentiality and security of your personal data.<\/p>\n\n\n\n<p id=\"block-5beb6621-7aea-4773-ab56-66527618f0f3\">Personal data are transferred outside the European Union with a&nbsp;sufficient guarantee \u2013 Google and Facebook are part of Privacy Shield.<\/p>\n\n\n\n<p id=\"block-d38fb7e1-6f2a-4f12-bcb0-f62ae71c27b9\">In case of any probl\u00e9m you can always contact our data protection officer &#8211; office @sopras.cz<\/p>\n","protected":false},"excerpt":{"rendered":"<p>Company&nbsp;Diveproduction s.r.o..&nbsp;, with its registered seat at Pavlovska 267, 27351 Cerveny Ujezd, registration number: 27163288, signed at M\u011bstsk\u00fd soud in Prague, C101114, takes the protection of personal data seriously, so please read the information of how our company processes cookies on own websites. Our contact details: diving@sopras.cz tel.+ 420&nbsp;312&nbsp;699 790 What are cookies? Cookies are&hellip;&nbsp;<a href=\"https:\/\/soprasapnea.com\/cs\/principles-of-cookies-processing\/\" rel=\"bookmark\">\u010c\u00edst d\u00e1le &raquo;<span class=\"screen-reader-text\">Principles of cookies processing<\/span><\/a><\/p>\n","protected":false},"author":1184,"featured_media":0,"parent":0,"menu_order":0,"comment_status":"closed","ping_status":"closed","template":"","meta":{"_acf_changed":false,"_uag_custom_page_level_css":"","neve_meta_sidebar":"","neve_meta_container":"","neve_meta_enable_content_width":"","neve_meta_content_width":0,"neve_meta_title_alignment":"","neve_meta_author_avatar":"","neve_post_elements_order":"","neve_meta_disable_header":"","neve_meta_disable_footer":"","neve_meta_disable_title":"","footnotes":""},"class_list":["post-14604","page","type-page","status-publish","hentry"],"acf":[],"yoast_head":"<!-- This site is optimized with the Yoast SEO plugin v27.2 - https:\/\/yoast.com\/product\/yoast-seo-wordpress\/ -->\n<title>Principles of cookies processing - Sopras Apnea<\/title>\n<meta name=\"robots\" content=\"index, follow, max-snippet:-1, max-image-preview:large, max-video-preview:-1\" \/>\n<link rel=\"canonical\" href=\"https:\/\/soprasapnea.com\/cs\/principles-of-cookies-processing\/\" \/>\n<meta property=\"og:locale\" content=\"cs_CZ\" \/>\n<meta property=\"og:type\" content=\"article\" \/>\n<meta property=\"og:title\" content=\"Principles of cookies processing - Sopras Apnea\" \/>\n<meta property=\"og:description\" content=\"Company&nbsp;Diveproduction s.r.o..&nbsp;, with its registered seat at Pavlovska 267, 27351 Cerveny Ujezd, registration number: 27163288, signed at M\u011bstsk\u00fd soud in Prague, C101114, takes the protection of personal data seriously, so please read the information of how our company processes cookies on own websites. Our contact details: diving@sopras.cz tel.+ 420&nbsp;312&nbsp;699 790 What are cookies? Cookies are&hellip;&nbsp;\u010c\u00edst d\u00e1le &raquo;Principles of cookies processing\" \/>\n<meta property=\"og:url\" content=\"https:\/\/soprasapnea.com\/cs\/principles-of-cookies-processing\/\" \/>\n<meta property=\"og:site_name\" content=\"Sopras Apnea\" \/>\n<meta name=\"twitter:card\" content=\"summary_large_image\" \/>\n<meta name=\"twitter:label1\" content=\"Odhadovan\u00e1 doba \u010dten\u00ed\" \/>\n\t<meta name=\"twitter:data1\" content=\"6 minut\" \/>\n<script type=\"application\/ld+json\" class=\"yoast-schema-graph\">{\"@context\":\"https:\/\/schema.org\",\"@graph\":[{\"@type\":\"WebPage\",\"@id\":\"https:\/\/soprasapnea.com\/cs\/principles-of-cookies-processing\/\",\"url\":\"https:\/\/soprasapnea.com\/cs\/principles-of-cookies-processing\/\",\"name\":\"Principles of cookies processing - Sopras Apnea\",\"isPartOf\":{\"@id\":\"https:\/\/soprasapnea.com\/#website\"},\"datePublished\":\"2022-05-18T04:46:35+00:00\",\"breadcrumb\":{\"@id\":\"https:\/\/soprasapnea.com\/cs\/principles-of-cookies-processing\/#breadcrumb\"},\"inLanguage\":\"cs\",\"potentialAction\":[{\"@type\":\"ReadAction\",\"target\":[\"https:\/\/soprasapnea.com\/cs\/principles-of-cookies-processing\/\"]}]},{\"@type\":\"BreadcrumbList\",\"@id\":\"https:\/\/soprasapnea.com\/cs\/principles-of-cookies-processing\/#breadcrumb\",\"itemListElement\":[{\"@type\":\"ListItem\",\"position\":1,\"name\":\"Home\",\"item\":\"https:\/\/soprasapnea.com\/cs\/\"},{\"@type\":\"ListItem\",\"position\":2,\"name\":\"Principles of cookies processing\"}]},{\"@type\":\"WebSite\",\"@id\":\"https:\/\/soprasapnea.com\/#website\",\"url\":\"https:\/\/soprasapnea.com\/\",\"name\":\"Sopras Apnea\",\"description\":\"Freediving, spearfishing equipment\",\"potentialAction\":[{\"@type\":\"SearchAction\",\"target\":{\"@type\":\"EntryPoint\",\"urlTemplate\":\"https:\/\/soprasapnea.com\/?s={search_term_string}\"},\"query-input\":{\"@type\":\"PropertyValueSpecification\",\"valueRequired\":true,\"valueName\":\"search_term_string\"}}],\"inLanguage\":\"cs\"}]}<\/script>\n<!-- \/ Yoast SEO plugin. -->","yoast_head_json":{"title":"Principles of cookies processing - Sopras Apnea","robots":{"index":"index","follow":"follow","max-snippet":"max-snippet:-1","max-image-preview":"max-image-preview:large","max-video-preview":"max-video-preview:-1"},"canonical":"https:\/\/soprasapnea.com\/cs\/principles-of-cookies-processing\/","og_locale":"cs_CZ","og_type":"article","og_title":"Principles of cookies processing - Sopras Apnea","og_description":"Company&nbsp;Diveproduction s.r.o..&nbsp;, with its registered seat at Pavlovska 267, 27351 Cerveny Ujezd, registration number: 27163288, signed at M\u011bstsk\u00fd soud in Prague, C101114, takes the protection of personal data seriously, so please read the information of how our company processes cookies on own websites. Our contact details: diving@sopras.cz tel.+ 420&nbsp;312&nbsp;699 790 What are cookies? Cookies are&hellip;&nbsp;\u010c\u00edst d\u00e1le &raquo;Principles of cookies processing","og_url":"https:\/\/soprasapnea.com\/cs\/principles-of-cookies-processing\/","og_site_name":"Sopras Apnea","twitter_card":"summary_large_image","twitter_misc":{"Odhadovan\u00e1 doba \u010dten\u00ed":"6 minut"},"schema":{"@context":"https:\/\/schema.org","@graph":[{"@type":"WebPage","@id":"https:\/\/soprasapnea.com\/cs\/principles-of-cookies-processing\/","url":"https:\/\/soprasapnea.com\/cs\/principles-of-cookies-processing\/","name":"Principles of cookies processing - Sopras Apnea","isPartOf":{"@id":"https:\/\/soprasapnea.com\/#website"},"datePublished":"2022-05-18T04:46:35+00:00","breadcrumb":{"@id":"https:\/\/soprasapnea.com\/cs\/principles-of-cookies-processing\/#breadcrumb"},"inLanguage":"cs","potentialAction":[{"@type":"ReadAction","target":["https:\/\/soprasapnea.com\/cs\/principles-of-cookies-processing\/"]}]},{"@type":"BreadcrumbList","@id":"https:\/\/soprasapnea.com\/cs\/principles-of-cookies-processing\/#breadcrumb","itemListElement":[{"@type":"ListItem","position":1,"name":"Home","item":"https:\/\/soprasapnea.com\/cs\/"},{"@type":"ListItem","position":2,"name":"Principles of cookies processing"}]},{"@type":"WebSite","@id":"https:\/\/soprasapnea.com\/#website","url":"https:\/\/soprasapnea.com\/","name":"Sopras Apnea","description":"Freediving, spearfishing equipment","potentialAction":[{"@type":"SearchAction","target":{"@type":"EntryPoint","urlTemplate":"https:\/\/soprasapnea.com\/?s={search_term_string}"},"query-input":{"@type":"PropertyValueSpecification","valueRequired":true,"valueName":"search_term_string"}}],"inLanguage":"cs"}]}},"uagb_featured_image_src":{"full":false,"thumbnail":false,"medium":false,"medium_large":false,"large":false,"1536x1536":false,"2048x2048":false,"neve-blog":false,"mailpoet_newsletter_max":false,"woocommerce_thumbnail":false,"woocommerce_single":false,"woocommerce_gallery_thumbnail":false},"uagb_author_info":{"display_name":"Musilda","author_link":"https:\/\/soprasapnea.com\/cs\/author\/musilda\/"},"uagb_comment_info":0,"uagb_excerpt":"Company&nbsp;Diveproduction s.r.o..&nbsp;, with its registered seat at Pavlovska 267, 27351 Cerveny Ujezd, registration number: 27163288, signed at M\u011bstsk\u00fd soud in Prague, C101114, takes the protection of personal data seriously, so please read the information of how our company processes cookies on own websites. Our contact details: diving@sopras.cz tel.+ 420&nbsp;312&nbsp;699 790 What are cookies? Cookies are&hellip;&nbsp;\u010c\u00edst&hellip;","_links":{"self":[{"href":"https:\/\/soprasapnea.com\/cs\/wp-json\/wp\/v2\/pages\/14604","targetHints":{"allow":["GET"]}}],"collection":[{"href":"https:\/\/soprasapnea.com\/cs\/wp-json\/wp\/v2\/pages"}],"about":[{"href":"https:\/\/soprasapnea.com\/cs\/wp-json\/wp\/v2\/types\/page"}],"author":[{"embeddable":true,"href":"https:\/\/soprasapnea.com\/cs\/wp-json\/wp\/v2\/users\/1184"}],"replies":[{"embeddable":true,"href":"https:\/\/soprasapnea.com\/cs\/wp-json\/wp\/v2\/comments?post=14604"}],"version-history":[{"count":0,"href":"https:\/\/soprasapnea.com\/cs\/wp-json\/wp\/v2\/pages\/14604\/revisions"}],"wp:attachment":[{"href":"https:\/\/soprasapnea.com\/cs\/wp-json\/wp\/v2\/media?parent=14604"}],"curies":[{"name":"wp","href":"https:\/\/api.w.org\/{rel}","templated":true}]}}