{"id":14610,"date":"2015-10-21T19:41:44","date_gmt":"2015-10-21T19:41:44","guid":{"rendered":"https:\/\/soprasapnea.com\/manuals\/"},"modified":"2015-10-21T19:41:44","modified_gmt":"2015-10-21T19:41:44","slug":"manuals","status":"publish","type":"page","link":"https:\/\/soprasapnea.com\/cs\/manuals\/","title":{"rendered":"Catalogues, manuals"},"content":{"rendered":"\n<section class=\"wp-block-uagb-section uagb-section__wrap uagb-section__background-undefined uagb-block-b6981c5c\"><div class=\"uagb-section__overlay\"><\/div><div class=\"uagb-section__inner-wrap\">\n<section class=\"wp-block-uagb-columns uagb-columns__wrap uagb-columns__background-none uagb-columns__stack-mobile uagb-columns__valign- uagb-columns__gap-10 align uagb-block-a6bdc49a uagb-columns__columns-1 uagb-columns__max_width-custom\"><div class=\"uagb-columns__overlay\"><\/div><div class=\"uagb-columns__inner-wrap uagb-columns__columns-1\">\n<div class=\"wp-block-uagb-column uagb-column__wrap uagb-column__background-undefined uagb-block-639b8c06\"><div class=\"uagb-column__overlay\"><\/div>\n<table width=\"300\" cellspacing=\"0\" cellpadding=\"2\">\n<tbody>\n<tr>\n<td><\/td>\n<td><\/td>\n<td><\/td>\n<td><\/td>\n<\/tr>\n<tr>\n<td height=\"24\">541000<\/td>\n<td><strong>Declaration of conformity DB-01<\/strong><\/td>\n<td align=\"right\"><a href=\"https:\/\/soprasapnea.com\/wp-content\/uploads\/2025\/02\/DoC-DB-01-scaled.jpg\" target=\"_blank\" rel=\"noopener noreferrer\"><img decoding=\"async\" loading=\"lazy\" class=\"alignnone\" src=\"https:\/\/soprasapnea.com\/wp-content\/uploads\/2023\/08\/video-log.png\" alt=\"JPG\" width=\"16\" height=\"16\" border=\"0\"><\/a><\/td>\n<td><\/td>\n<\/tr>\n<tr>\n<tr>\n<td height=\"24\">2023<\/td>\n<td><strong>Video &#8211; How to properly take the measurements for your suit<\/strong><\/td>\n<td align=\"right\"><a href=\"https:\/\/www.youtube.com\/watch?v=KCpxaMpj9ZA&#038;t=1s&#038;ab_channel=Soprassub\" target=\"_blank\" rel=\"noopener noreferrer\"><img decoding=\"async\" loading=\"lazy\" class=\"alignnone\" src=\"https:\/\/soprasapnea.com\/wp-content\/uploads\/2023\/08\/video-log.png\" alt=\"LINK\" width=\"16\" height=\"16\" border=\"0\"><\/a><\/td>\n<td><\/td>\n<\/tr>\n<tr>\n<td height=\"24\">2024<\/td>\n<td><strong>Basic standard size chart freediving suits<\/strong><\/td>\n<td align=\"right\"><a href=\"https:\/\/soprasapnea.com\/wp-content\/uploads\/2022\/07\/Standard-size-chart-fd-suits.pdf\" target=\"_blank\" rel=\"noopener noreferrer\"><img decoding=\"async\" loading=\"lazy\" class=\"alignnone\" src=\"https:\/\/soprasapnea.com\/wp-content\/uploads\/2022\/05\/pdf.png\" alt=\"PDF\" width=\"16\" height=\"16\" border=\"0\"><\/a><\/td>\n<td>316kB<\/td>\n<\/tr>\n<tr>\n<td height=\"24\">2024<\/td>\n<td><strong>Measurement table of wetsuits<\/strong><\/td>\n<td align=\"right\"><a href=\"https:\/\/soprasapnea.com\/wp-content\/uploads\/2026\/03\/Measurement-table-fd-suits-26.3.2026.pdf\" target=\"_blank\" rel=\"noopener noreferrer\"><img decoding=\"async\" loading=\"lazy\" class=\"alignnone\" src=\"https:\/\/soprasapnea.com\/wp-content\/uploads\/2022\/05\/pdf.png\" alt=\"PDF\" width=\"16\" height=\"16\" border=\"0\"><\/a><\/td>\n<td>316kB<\/td>\n<\/tr>\n<tr>\n<td height=\"24\">2024<\/td>\n<td><strong> Made to measure neoprene suits info<\/strong><\/td>\n<td align=\"right\"><a href=\"https:\/\/soprasapnea.com\/wp-content\/uploads\/2024\/01\/Sopras-Apnea-MTM-neoprene-suits.pdf\" target=\"_blank\" rel=\"noopener noreferrer\"><img decoding=\"async\" loading=\"lazy\" class=\"alignnone\" src=\"https:\/\/soprasapnea.com\/wp-content\/uploads\/2022\/05\/pdf.png\" alt=\"PDF\" width=\"16\" height=\"16\" border=\"0\"><\/a><\/td>\n<td>6,2MB<\/td>\n<\/tr>\n<tr>\n<td height=\"24\">2024<\/td>\n<td><strong>Prezentace \u0161it\u00ed FD oblek\u016f 2024<\/strong><\/td>\n<td align=\"right\"><a href=\"https:\/\/soprasapnea.com\/wp-content\/uploads\/2024\/01\/Sopras-Apnea-neopreny-na-miru.pdf\" target=\"_blank\" rel=\"noopener noreferrer\"><img decoding=\"async\" loading=\"lazy\" class=\"alignnone\" src=\"https:\/\/soprasapnea.com\/wp-content\/uploads\/2022\/05\/pdf.png\" alt=\"PDF\" width=\"16\" height=\"16\" border=\"0\"><\/a><\/td>\n<td>6,2MB<\/td>\n<\/tr>\n<tr>\n<td height=\"24\">2024<\/td>\n<td><strong>SY 25 torch 3000l &#8211; manual <\/strong><\/td>\n<td align=\"right\"><a href=\"https:\/\/soprasapnea.com\/wp-content\/uploads\/2024\/08\/SY25-manual.pdf\" target=\"_blank\" rel=\"noopener noreferrer\"><img decoding=\"async\" loading=\"lazy\" class=\"alignnone\" src=\"https:\/\/soprasapnea.com\/wp-content\/uploads\/2022\/05\/pdf.png\" alt=\"PDF\" width=\"16\" height=\"16\" border=\"0\"><\/a><\/td>\n<td>1MB<\/td>\n<\/tr>\n<tr>\n<td height=\"24\">2019<\/td>\n<td><strong>Sopras Apnea catalogue 2019<\/strong><\/td>\n<td align=\"right\"><a href=\"https:\/\/soprasapnea.com\/wp-content\/uploads\/2015\/10\/soprasapneanewproducts2019.pdf\" target=\"_blank\" rel=\"noopener noreferrer\"><img decoding=\"async\" loading=\"lazy\" class=\"alignnone\" src=\"https:\/\/soprasapnea.com\/wp-content\/uploads\/2022\/05\/pdf.png\" alt=\"PDF\" width=\"16\" height=\"16\" border=\"0\"><\/a><\/td>\n<td>4MB<\/td>\n<\/tr>\n<tr>\n<td height=\"24\">2017<\/td>\n<td><strong>Sopras Apnea catalogue 2017<\/strong><\/td>\n<td align=\"right\"><a href=\"https:\/\/www.soprasapnea.com\/wp-content\/uploads\/2015\/10\/soprasapnea_catalogue_hr_for_pc.pdf\" target=\"_blank\" rel=\"noopener noreferrer\"><img decoding=\"async\" loading=\"lazy\" class=\"alignnone\" src=\"https:\/\/soprasapnea.com\/wp-content\/uploads\/2022\/05\/pdf.png\" alt=\"PDF\" width=\"16\" height=\"16\" border=\"0\"><\/a><\/td>\n<td>36MB<\/td>\n<\/tr>\n<tr>\n<td height=\"24\">2017<\/td>\n<td><strong>Sopras Apnea catalogue 2017 (pdf for smartphones)<\/strong><\/td>\n<td align=\"right\"><a href=\"https:\/\/www.soprasapnea.com\/wp-content\/uploads\/2015\/10\/soprasapnea_catalogue_pdf_for_smartphone.pdf\" target=\"_blank\" rel=\"noopener noreferrer\"><img decoding=\"async\" loading=\"lazy\" class=\"alignnone\" src=\"https:\/\/soprasapnea.com\/wp-content\/uploads\/2022\/05\/pdf.png\" alt=\"PDF\" width=\"16\" height=\"16\" border=\"0\"><\/a><\/td>\n<td>2,9MB<\/td>\n<\/tr>\n<tr>\n<td height=\"24\">2017<\/td>\n<td><strong>Sopras Apnea \u2013 all catalogue pictures in jpg and width 900px (zip)<\/strong><\/td>\n<td align=\"right\"><a href=\"https:\/\/www.soprasapnea.com\/wp-content\/uploads\/2017\/02\/sopras_apnea_allpictures_width-900px.zip\" target=\"_blank\" rel=\"noopener noreferrer\"><img decoding=\"async\" loading=\"lazy\" class=\"alignnone\" src=\"https:\/\/soprasapnea.com\/wp-content\/uploads\/2022\/05\/pdf.png\" alt=\"PDF\" width=\"16\" height=\"16\" border=\"0\"><\/a><\/td>\n<td>36MB<\/td>\n<\/tr>\n\n<\/tbody>\n<\/table>\n<\/div>\n<\/div><\/section>\n<\/div><\/section>\n","protected":false},"excerpt":{"rendered":"","protected":false},"author":1184,"featured_media":0,"parent":0,"menu_order":0,"comment_status":"closed","ping_status":"closed","template":"","meta":{"_acf_changed":false,"_uag_custom_page_level_css":"","neve_meta_sidebar":"","neve_meta_container":"","neve_meta_enable_content_width":"","neve_meta_content_width":0,"neve_meta_title_alignment":"","neve_meta_author_avatar":"","neve_post_elements_order":"","neve_meta_disable_header":"","neve_meta_disable_footer":"","neve_meta_disable_title":"","footnotes":""},"class_list":["post-14610","page","type-page","status-publish","hentry"],"acf":[],"yoast_head":"<!-- This site is optimized with the Yoast SEO plugin v27.2 - https:\/\/yoast.com\/product\/yoast-seo-wordpress\/ -->\n<title>Catalogues, manuals - Sopras Apnea<\/title>\n<meta name=\"robots\" content=\"index, follow, max-snippet:-1, max-image-preview:large, max-video-preview:-1\" \/>\n<link rel=\"canonical\" href=\"https:\/\/soprasapnea.com\/cs\/manuals\/\" \/>\n<meta property=\"og:locale\" content=\"cs_CZ\" \/>\n<meta property=\"og:type\" content=\"article\" \/>\n<meta property=\"og:title\" content=\"Catalogues, manuals - Sopras Apnea\" \/>\n<meta property=\"og:url\" content=\"https:\/\/soprasapnea.com\/cs\/manuals\/\" \/>\n<meta property=\"og:site_name\" content=\"Sopras Apnea\" \/>\n<meta property=\"og:image\" content=\"https:\/\/soprasapnea.com\/wp-content\/uploads\/2023\/08\/video-log.png\" \/>\n<meta name=\"twitter:card\" content=\"summary_large_image\" \/>\n<script type=\"application\/ld+json\" class=\"yoast-schema-graph\">{\"@context\":\"https:\/\/schema.org\",\"@graph\":[{\"@type\":\"WebPage\",\"@id\":\"https:\/\/soprasapnea.com\/cs\/manuals\/\",\"url\":\"https:\/\/soprasapnea.com\/cs\/manuals\/\",\"name\":\"Catalogues, manuals - Sopras Apnea\",\"isPartOf\":{\"@id\":\"https:\/\/soprasapnea.com\/#website\"},\"primaryImageOfPage\":{\"@id\":\"https:\/\/soprasapnea.com\/cs\/manuals\/#primaryimage\"},\"image\":{\"@id\":\"https:\/\/soprasapnea.com\/cs\/manuals\/#primaryimage\"},\"thumbnailUrl\":\"https:\/\/soprasapnea.com\/wp-content\/uploads\/2023\/08\/video-log.png\",\"datePublished\":\"2015-10-21T19:41:44+00:00\",\"breadcrumb\":{\"@id\":\"https:\/\/soprasapnea.com\/cs\/manuals\/#breadcrumb\"},\"inLanguage\":\"cs\",\"potentialAction\":[{\"@type\":\"ReadAction\",\"target\":[\"https:\/\/soprasapnea.com\/cs\/manuals\/\"]}]},{\"@type\":\"ImageObject\",\"inLanguage\":\"cs\",\"@id\":\"https:\/\/soprasapnea.com\/cs\/manuals\/#primaryimage\",\"url\":\"https:\/\/soprasapnea.com\/wp-content\/uploads\/2023\/08\/video-log.png\",\"contentUrl\":\"https:\/\/soprasapnea.com\/wp-content\/uploads\/2023\/08\/video-log.png\"},{\"@type\":\"BreadcrumbList\",\"@id\":\"https:\/\/soprasapnea.com\/cs\/manuals\/#breadcrumb\",\"itemListElement\":[{\"@type\":\"ListItem\",\"position\":1,\"name\":\"Home\",\"item\":\"https:\/\/soprasapnea.com\/cs\/\"},{\"@type\":\"ListItem\",\"position\":2,\"name\":\"Catalogues, manuals\"}]},{\"@type\":\"WebSite\",\"@id\":\"https:\/\/soprasapnea.com\/#website\",\"url\":\"https:\/\/soprasapnea.com\/\",\"name\":\"Sopras Apnea\",\"description\":\"Freediving, spearfishing equipment\",\"potentialAction\":[{\"@type\":\"SearchAction\",\"target\":{\"@type\":\"EntryPoint\",\"urlTemplate\":\"https:\/\/soprasapnea.com\/?s={search_term_string}\"},\"query-input\":{\"@type\":\"PropertyValueSpecification\",\"valueRequired\":true,\"valueName\":\"search_term_string\"}}],\"inLanguage\":\"cs\"}]}<\/script>\n<!-- \/ Yoast SEO plugin. -->","yoast_head_json":{"title":"Catalogues, manuals - Sopras Apnea","robots":{"index":"index","follow":"follow","max-snippet":"max-snippet:-1","max-image-preview":"max-image-preview:large","max-video-preview":"max-video-preview:-1"},"canonical":"https:\/\/soprasapnea.com\/cs\/manuals\/","og_locale":"cs_CZ","og_type":"article","og_title":"Catalogues, manuals - Sopras Apnea","og_url":"https:\/\/soprasapnea.com\/cs\/manuals\/","og_site_name":"Sopras Apnea","og_image":[{"url":"https:\/\/soprasapnea.com\/wp-content\/uploads\/2023\/08\/video-log.png","type":"","width":"","height":""}],"twitter_card":"summary_large_image","schema":{"@context":"https:\/\/schema.org","@graph":[{"@type":"WebPage","@id":"https:\/\/soprasapnea.com\/cs\/manuals\/","url":"https:\/\/soprasapnea.com\/cs\/manuals\/","name":"Catalogues, manuals - Sopras Apnea","isPartOf":{"@id":"https:\/\/soprasapnea.com\/#website"},"primaryImageOfPage":{"@id":"https:\/\/soprasapnea.com\/cs\/manuals\/#primaryimage"},"image":{"@id":"https:\/\/soprasapnea.com\/cs\/manuals\/#primaryimage"},"thumbnailUrl":"https:\/\/soprasapnea.com\/wp-content\/uploads\/2023\/08\/video-log.png","datePublished":"2015-10-21T19:41:44+00:00","breadcrumb":{"@id":"https:\/\/soprasapnea.com\/cs\/manuals\/#breadcrumb"},"inLanguage":"cs","potentialAction":[{"@type":"ReadAction","target":["https:\/\/soprasapnea.com\/cs\/manuals\/"]}]},{"@type":"ImageObject","inLanguage":"cs","@id":"https:\/\/soprasapnea.com\/cs\/manuals\/#primaryimage","url":"https:\/\/soprasapnea.com\/wp-content\/uploads\/2023\/08\/video-log.png","contentUrl":"https:\/\/soprasapnea.com\/wp-content\/uploads\/2023\/08\/video-log.png"},{"@type":"BreadcrumbList","@id":"https:\/\/soprasapnea.com\/cs\/manuals\/#breadcrumb","itemListElement":[{"@type":"ListItem","position":1,"name":"Home","item":"https:\/\/soprasapnea.com\/cs\/"},{"@type":"ListItem","position":2,"name":"Catalogues, manuals"}]},{"@type":"WebSite","@id":"https:\/\/soprasapnea.com\/#website","url":"https:\/\/soprasapnea.com\/","name":"Sopras Apnea","description":"Freediving, spearfishing equipment","potentialAction":[{"@type":"SearchAction","target":{"@type":"EntryPoint","urlTemplate":"https:\/\/soprasapnea.com\/?s={search_term_string}"},"query-input":{"@type":"PropertyValueSpecification","valueRequired":true,"valueName":"search_term_string"}}],"inLanguage":"cs"}]}},"uagb_featured_image_src":{"full":false,"thumbnail":false,"medium":false,"medium_large":false,"large":false,"1536x1536":false,"2048x2048":false,"neve-blog":false,"mailpoet_newsletter_max":false,"woocommerce_thumbnail":false,"woocommerce_single":false,"woocommerce_gallery_thumbnail":false},"uagb_author_info":{"display_name":"Musilda","author_link":"https:\/\/soprasapnea.com\/cs\/author\/musilda\/"},"uagb_comment_info":0,"uagb_excerpt":null,"_links":{"self":[{"href":"https:\/\/soprasapnea.com\/cs\/wp-json\/wp\/v2\/pages\/14610","targetHints":{"allow":["GET"]}}],"collection":[{"href":"https:\/\/soprasapnea.com\/cs\/wp-json\/wp\/v2\/pages"}],"about":[{"href":"https:\/\/soprasapnea.com\/cs\/wp-json\/wp\/v2\/types\/page"}],"author":[{"embeddable":true,"href":"https:\/\/soprasapnea.com\/cs\/wp-json\/wp\/v2\/users\/1184"}],"replies":[{"embeddable":true,"href":"https:\/\/soprasapnea.com\/cs\/wp-json\/wp\/v2\/comments?post=14610"}],"version-history":[{"count":0,"href":"https:\/\/soprasapnea.com\/cs\/wp-json\/wp\/v2\/pages\/14610\/revisions"}],"wp:attachment":[{"href":"https:\/\/soprasapnea.com\/cs\/wp-json\/wp\/v2\/media?parent=14610"}],"curies":[{"name":"wp","href":"https:\/\/api.w.org\/{rel}","templated":true}]}}