{"id":14611,"date":"2015-10-21T19:35:00","date_gmt":"2015-10-21T19:35:00","guid":{"rendered":"https:\/\/soprasapnea.com\/distributors\/"},"modified":"2015-10-21T19:35:00","modified_gmt":"2015-10-21T19:35:00","slug":"distributors","status":"publish","type":"page","link":"https:\/\/soprasapnea.com\/cs\/distributors\/","title":{"rendered":"Distributors"},"content":{"rendered":"\n<section class=\"wp-block-uagb-section uagb-section__wrap uagb-section__background-undefined uagb-block-daf1b667\"><div class=\"uagb-section__overlay\"><\/div><div class=\"uagb-section__inner-wrap\">\n<section class=\"wp-block-uagb-columns uagb-columns__wrap uagb-columns__background-none uagb-columns__stack-mobile uagb-columns__valign- uagb-columns__gap-10 align uagb-block-4bfed405 uagb-columns__columns-2 uagb-columns__max_width-theme\"><div class=\"uagb-columns__overlay\"><\/div><div class=\"uagb-columns__inner-wrap uagb-columns__columns-2\">\n<div class=\"wp-block-uagb-column uagb-column__wrap uagb-column__background-undefined uagb-block-a7694d23\"><div class=\"uagb-column__overlay\"><\/div>\n<h2 class=\"wp-block-heading\" id=\"czech-republic\">Brazil<\/h2>\n\n\n\n<p><strong>Dive Supply Comercio de Material Esportivo Ltda<\/strong><br>Av.Dom Pedro II 2584<br>09080-001 Santo Andre\/SP<br>Tel: (11) 2759-4282<br>WhatsApp: (11) 95589-7268<br><a href=\"mailto:vendas@divesupply.com.br\">vendas@divesupply.com.br<\/a><\/p>\n<\/div>\n\n\n\n<div class=\"wp-block-uagb-column uagb-column__wrap uagb-column__background-undefined uagb-block-abc72b37\"><div class=\"uagb-column__overlay\"><\/div>\n<h2 class=\"wp-block-heading\" id=\"czech-republic\">Czech Republic<\/h2>\n\n\n\n<p><strong>DIVEPRODUCTION spol.s r.o.<\/strong><br>Pavlovsk\u00e1 \u010d.p.267<br>273 51 \u010cerven\u00fd \u00dajezd, Praha &#8211; z\u00e1pad<br>Tel: +420 312 699 790<br>Fax: +420 312 699 792<br><a href=\"mailto:diving@sopras.cz\">diving@sopras.cz<\/a><\/p>\n<\/div>\n<\/div><\/section>\n<\/div><\/section>\n\n\n\n<section class=\"wp-block-uagb-section uagb-section__wrap uagb-section__background-undefined uagb-block-edcb9784\"><div class=\"uagb-section__overlay\"><\/div><div class=\"uagb-section__inner-wrap\">\n<section class=\"wp-block-uagb-columns uagb-columns__wrap uagb-columns__background-none uagb-columns__stack-mobile uagb-columns__valign- uagb-columns__gap-10 align uagb-block-c3df5cca uagb-columns__columns-2 uagb-columns__max_width-theme\"><div class=\"uagb-columns__overlay\"><\/div><div class=\"uagb-columns__inner-wrap uagb-columns__columns-2\">\n<div class=\"wp-block-uagb-column uagb-column__wrap uagb-column__background-undefined uagb-block-ce7584de\"><div class=\"uagb-column__overlay\"><\/div>\n<h2 class=\"wp-block-heading\" id=\"Denmark\">Denmark<\/h2>\n\n\n\n<p><strong>Dykker-Butikken.dk<\/strong><br>Silkeborgvej 229<br>8230 \u00c5byh\u00f8j<br>Tel.: +45 30200866<br><a href=\"mailto:info@dykker-butikken.dk\">info@dykker-butikken.dk<\/a><br><a href=\"https:\/\/www.dykker-butikken.dk\/\">https:\/\/www.dykker-butikken.dk\/<\/a><\/p>\n\n\n\n<p><strong>Ocean Dive\u00a0<\/strong><br>Peter Bangsvej 18<br>2000 Frederiksberg<br>Tel.: +45 3833 7778<br><a href=\"mailto:oceandive@oceandive.dk\">oceandive@oceandive.dk<\/a><br><a href=\"https:\/\/www.oceandive.dk\/\">https:\/\/www.oceandive.dk\/<\/a><\/p>\n<\/div>\n\n\n\n<div class=\"wp-block-uagb-column uagb-column__wrap uagb-column__background-undefined uagb-block-8672b09d\"><div class=\"uagb-column__overlay\"><\/div>\n<h2 class=\"wp-block-heading\" id=\"germany\">France<\/h2>\n\n\n\n<p><strong>SEATOOLS SAS<\/strong><br>Plong\u00e9e Tek et CCR<br>6 Impasse Rousseau, 83260 La Crau<br>Tel.: +33 6 11 11 80 27<br><a href=\"mailto:seatoolsvar@gmail.com\">seatoolsvar@gmail.com<\/a><br><a href=\"https:\/\/www.seatools-var.fr\/\">https:\/\/www.seatools-var.fr\/<\/a><\/p>\n<\/div>\n<\/div><\/section>\n<\/div><\/section>\n\n\n\n<section class=\"wp-block-uagb-section uagb-section__wrap uagb-section__background-undefined uagb-block-aea786c7\"><div class=\"uagb-section__overlay\"><\/div><div class=\"uagb-section__inner-wrap\">\n<section class=\"wp-block-uagb-columns uagb-columns__wrap uagb-columns__background-none uagb-columns__stack-mobile uagb-columns__valign- uagb-columns__gap-10 align uagb-block-4542ad03 uagb-columns__columns-2 uagb-columns__max_width-theme\"><div class=\"uagb-columns__overlay\"><\/div><div class=\"uagb-columns__inner-wrap uagb-columns__columns-2\">\n<div class=\"wp-block-uagb-column uagb-column__wrap uagb-column__background-undefined uagb-block-a26366db\"><div class=\"uagb-column__overlay\"><\/div>\n<h2 class=\"wp-block-heading\" id=\"germany\">Germany<\/h2>\n\n\n\n<p><strong>Tauchsport Egginger Reblinger Hof GmbH<\/strong><br>Rebling 3, 94505&nbsp;Bernried<br>Tel.: +49 9905 555<br>Fax: +49 9905 1839<br><a href=\"mailto:info@tauchsport-egginger.de\">info@tauchsport-egginger.de<\/a><br><a href=\"https:\/\/www.tauchsport-egginger.de\/\">www.tauchsport-egginger.de<\/a><\/p>\n\n\n\n<p><strong>Tauchsport Hohen Bogel Winkel<\/strong><br>Waldschmidtstr.10, 93458 Eschlkam<br>Tel.: +49 9948 230<br>Fax: +49 9948 1026<br><a href=\"mailto:info@tauchsportzentrum.com\">info@tauchsportzentrum.com<\/a><br><a href=\"https:\/\/www.tauchsportzentrum.com\/\">https:\/\/www.tauchsportzentrum.com\/<\/a><\/p>\n\n\n\n<p><strong>Sports-4u<\/strong><br>Bgm.-Oettle-Str. 11, 86502 Laugna<br>Tel: +49 8272 64 10 796<br><a href=\"https:\/\/www.sports-4u.de\/\">https:\/\/www.sports-4u.de\/<\/a><\/p>\n<\/div>\n\n\n\n<div class=\"wp-block-uagb-column uagb-column__wrap uagb-column__background-undefined uagb-block-07e65b43\"><div class=\"uagb-column__overlay\"><\/div>\n<h2 class=\"wp-block-heading\" id=\"greece\">Greece<\/h2>\n\n\n\n<p><strong>MEDITERRANEAN DIVE CENTER<\/strong><br>Pozidis Christos<br>95 Al. Papanastasiou<br>18533, Kastella, Piraeus<br>Tel. + 30 2104125376 &amp; + 30 210 4227537<br>Fax + 30 210 4227025<br><a href=\"mailto:info@pozidis.gr\">info@pozidis.gr<\/a><br><a href=\"https:\/\/www.pozidis.gr\/\">www.pozidis.gr<\/a><\/p>\n<\/div>\n<\/div><\/section>\n<\/div><\/section>\n\n\n\n<section class=\"wp-block-uagb-section uagb-section__wrap uagb-section__background-undefined uagb-block-f6506596\"><div class=\"uagb-section__overlay\"><\/div><div class=\"uagb-section__inner-wrap\">\n<section class=\"wp-block-uagb-columns uagb-columns__wrap uagb-columns__background-none uagb-columns__stack-mobile uagb-columns__valign- uagb-columns__gap-10 align uagb-block-ca7f0336 uagb-columns__columns-2 uagb-columns__max_width-theme\"><div class=\"uagb-columns__overlay\"><\/div><div class=\"uagb-columns__inner-wrap uagb-columns__columns-2\">\n<div class=\"wp-block-uagb-column uagb-column__wrap uagb-column__background-undefined uagb-block-9716aa55\"><div class=\"uagb-column__overlay\"><\/div>\n<h2 class=\"wp-block-heading\" id=\"malta\">Hungary<\/h2>\n\n\n\n<p><strong>GED EXPERT LTD<\/strong><br>Illyes Gyula u. 2-4<br>1152 Budapest<br>Tel.: (+36) 70 3345445<br><a href=\"mailto:j.krazsik@gmail.com\">j.krazsik@gmail.com<\/a><br><a href=\"https:\/\/www.gedsystem.com\/\">https:\/\/www.gedsystem.com\/<\/a><\/p>\n\n\n\n<p><strong>Ami-Vas Kivitelez\u00f6 Kft.<\/strong><br>Major \u00fat. 6<br>2243 K\u00f3ka<br>Tel.: 06209550644<br><a href=\"mailto:email.rendeles.amivas@gmail.com \">email.rendeles.amivas@gmail.com <\/a><\/p>\n<\/div>\n\n\n\n<div class=\"wp-block-uagb-column uagb-column__wrap uagb-column__background-undefined uagb-block-fe66337b\"><div class=\"uagb-column__overlay\"><\/div>\n<h2 class=\"wp-block-heading\" id=\"italy\">Italy<\/h2>\n\n\n\n<p><strong>Gibielle<\/strong><br>via Toscana 37, 20060 Vignate (MI)<br>Tel. 02\/9567616<br><a href=\"mailto:gibielle@virgilio.it\">gibielle@virgilio.it<\/a><\/p>\n\n\n\n<p><strong>MASSYSUB<\/strong><br>Via G. di Balduccio n.20, 56122 Pisa<br>Tel. 050\/503323, 349\/8556981<br><a href=\"mailto:info@massysub.it\">info@massysub.it<\/a><\/p>\n\n\n\n<p>Siamo alla ricerca di&nbsp;dealer per le altre regioni italiane.<br>Per informazioni scrivete a <a href=\"mailto:ricci@sopras.cz\">ricci@sopras.cz<\/a><\/p>\n<\/div>\n<\/div><\/section>\n<\/div><\/section>\n\n\n\n<section class=\"wp-block-uagb-section uagb-section__wrap uagb-section__background-undefined uagb-block-c6aeb4fb\"><div class=\"uagb-section__overlay\"><\/div><div class=\"uagb-section__inner-wrap\">\n<section class=\"wp-block-uagb-columns uagb-columns__wrap uagb-columns__background-none uagb-columns__stack-mobile uagb-columns__valign- uagb-columns__gap-10 align uagb-block-54f15526 uagb-columns__columns-2 uagb-columns__max_width-theme\"><div class=\"uagb-columns__overlay\"><\/div><div class=\"uagb-columns__inner-wrap uagb-columns__columns-2\">\n<div class=\"wp-block-uagb-column uagb-column__wrap uagb-column__background-undefined uagb-block-fda8e6f0\"><div class=\"uagb-column__overlay\"><\/div>\n<h2 class=\"wp-block-heading\" id=\"singapore-indonesia\">Malaysia<\/h2>\n\n\n\n<p><strong>BAND OF SAUJANA DIVERS<\/strong><br>32-3 Jalan Setiawangsa 10, Taman Setiawangsa<br>54200 Kuala Lumpur<br><br>Tel:&nbsp;+ 601 836 614 72<br><a href=\"mailto:saujanadivers@gmail.com\">saujanadivers@gmail.com<\/a><\/p>\n<\/div>\n\n\n\n<div class=\"wp-block-uagb-column uagb-column__wrap uagb-column__background-undefined uagb-block-1b587a9d\"><div class=\"uagb-column__overlay\"><\/div>\n<h2 class=\"wp-block-heading\" id=\"block-d478fc72-7eaa-499c-976d-142477390cd7\">Malta<\/h2>\n\n\n\n<p id=\"block-73ea11ca-34ff-4478-90dc-def3edfcc852\"><strong>One Breath Freediving<\/strong><br>Shop 4; Lampuki Street, St. Paul&#8217;s Bay<br>SPB3064<br>Tel.: (+356) 79801668<br><a href=\"mailto:info@onebreathfreediving.com\">info@onebreathfreediving.com<\/a><br><a href=\"https:\/\/www.onebreathfreediving.com\/\">https:\/\/www.onebreathfreediving.com<\/a><\/p>\n<\/div>\n<\/div><\/section>\n<\/div><\/section>\n\n\n\n<section class=\"wp-block-uagb-section uagb-section__wrap uagb-section__background-undefined uagb-block-9e6e689b\"><div class=\"uagb-section__overlay\"><\/div><div class=\"uagb-section__inner-wrap\">\n<section class=\"wp-block-uagb-columns uagb-columns__wrap uagb-columns__background-none uagb-columns__stack-mobile uagb-columns__valign- uagb-columns__gap-10 align uagb-block-79562bd3 uagb-columns__columns-2 uagb-columns__max_width-theme\"><div class=\"uagb-columns__overlay\"><\/div><div class=\"uagb-columns__inner-wrap uagb-columns__columns-2\">\n<div class=\"wp-block-uagb-column uagb-column__wrap uagb-column__background-undefined uagb-block-cc10b7d7\"><div class=\"uagb-column__overlay\"><\/div>\n<h2 class=\"wp-block-heading\" id=\"nederland\">Nederland<\/h2>\n\n\n\n<p><strong>Duiksport Nederland<\/strong><br>Nijverheidsweg 2<br>3931 CX Woudenberg<br>Tel: 0031-654364289<br>Tel: 0031-84717 3305<br><a href=\"mailto:info@duiksport.nl\">info@duiksport.nl<\/a><br><a href=\"https:\/\/www.duiksport.nl\/\">www.duiksport.nl<\/a><\/p>\n<\/div>\n\n\n\n<div class=\"wp-block-uagb-column uagb-column__wrap uagb-column__background-undefined uagb-block-e01dfa72\"><div class=\"uagb-column__overlay\"><\/div>\n<h2 class=\"wp-block-heading\" id=\"poland\">Poland<\/h2>\n\n\n\n<p><strong>Centrum Nurkowe Underwater.pl<\/strong><br>Robert Borzymek<br>ul. Okopowa 31\/94<br>01-059 Warszawa<br>Tel.: +48 504 162014<br>fax :+48 22 6599850<br><a href=\"mailto:underwater@underwater.pl\">underwater@underwater.pl<\/a><br><a href=\"https:\/\/www.underwater.pl\/\">www.underwater.pl<\/a><\/p>\n<\/div>\n<\/div><\/section>\n<\/div><\/section>\n\n\n\n<section class=\"wp-block-uagb-section uagb-section__wrap uagb-section__background-undefined uagb-block-07f66cbb\"><div class=\"uagb-section__overlay\"><\/div><div class=\"uagb-section__inner-wrap\">\n<section class=\"wp-block-uagb-columns uagb-columns__wrap uagb-columns__background-none uagb-columns__stack-mobile uagb-columns__valign- uagb-columns__gap-10 align uagb-block-3101f489 uagb-columns__columns-2 uagb-columns__max_width-theme\"><div class=\"uagb-columns__overlay\"><\/div><div class=\"uagb-columns__inner-wrap uagb-columns__columns-2\">\n<div class=\"wp-block-uagb-column uagb-column__wrap uagb-column__background-undefined uagb-block-736be046\"><div class=\"uagb-column__overlay\"><\/div>\n<h2 class=\"wp-block-heading\" id=\"romania\">Romania<\/h2>\n\n\n\n<p><strong>DIVING SHOP SRL<\/strong><br>Sos. Oltenitei nr.142, Bl.4, Sc.4 Apt.130, Sector 4,<br>Bucharest 041322<br>Tel: +40723612493<br><a href=\"mailto:office@dive-romania.ro\">office@dive-romania.ro<\/a><br><a href=\"https:\/\/www.dive-romania.ro\/\">www.dive-romania.ro<\/a><\/p>\n\n\n\n<p><strong>Marine Explorers &#8211; Dive Shop<\/strong><br>Str. Pictor Nicolae Grigorescu, nr. 88 H<br>90388, Constanta<br>Tel. +40.723.186.444, <br>Tel. +40.723.650.260<br><a href=\"mailto:echipamente@scubadivingcenter.ro\">office@scubadivingcenter.ro<\/a><br><a href=\"https:\/\/www.scubadivingcenter.ro\/magazin\">www.scubadivingcenter.ro<\/a><\/p>\n\n\n\n<p><strong>Active Training \u2013 Dive Center &amp; Shop<\/strong><br>str. Jupiter 4 H<br>90069, Constanta<br>tel. +40 722 325135, <br>fax: +40 341 819298<br><a href=\"mailto:diving@activetraining.ro\">diving@activetraining.ro<\/a><\/p>\n<\/div>\n\n\n\n<div class=\"wp-block-uagb-column uagb-column__wrap uagb-column__background-undefined uagb-block-2fe39284\"><div class=\"uagb-column__overlay\"><\/div>\n<h2 class=\"wp-block-heading\" id=\"russia\">Russia<\/h2>\n\n\n\n<p><strong>OOO &#8222;Vat-Invest&#8220;<\/strong><br>ul. Gaidara 49\/8<br>236029 Kaliningrad<br>Tel: +74012337688<br>Mob: +79062343105<br>Skype: dimovdim<br><a href=\"mailto:info.vat.invest@gmail.com\">info.vat.invest@gmail.com<\/a><br>or<br>Tel. + 79 588133108&nbsp; <br><a href=\"mailto:info@dive-style.ru\">info@dive-style.ru<\/a><br><a href=\"http:\/\/www.dive-style.ru\">www.dive-style.ru<\/a><\/p>\n\n\n\n<p><strong>Company Underwater Dimension<\/strong><br>Frontovih&nbsp;Brigad 7<br>Ekaterinburg<br>Tel: +734 337 29126; <br>Tel:+734 338 01188<br>Mob: +7922 0 305 305<br><a href=\"mailto: info@podvodnik.pro\"> info@podvodnik.pro<\/a><\/p>\n<\/div>\n<\/div><\/section>\n<\/div><\/section>\n\n\n\n<section class=\"wp-block-uagb-section uagb-section__wrap uagb-section__background-undefined uagb-block-627803d5\"><div class=\"uagb-section__overlay\"><\/div><div class=\"uagb-section__inner-wrap\">\n<section class=\"wp-block-uagb-columns uagb-columns__wrap uagb-columns__background-none uagb-columns__stack-mobile uagb-columns__valign- uagb-columns__gap-10 align uagb-block-1dc78c81 uagb-columns__columns-2 uagb-columns__max_width-theme\"><div class=\"uagb-columns__overlay\"><\/div><div class=\"uagb-columns__inner-wrap uagb-columns__columns-2\">\n<div class=\"wp-block-uagb-column uagb-column__wrap uagb-column__background-undefined uagb-block-826ef68c\"><div class=\"uagb-column__overlay\"><\/div>\n<h2 class=\"wp-block-heading\" id=\"south-africa\">Senegal<\/h2>\n\n\n\n<p><strong>AQUAVENTURES<\/strong><br>Battey District &#8211;&nbsp; Toubab Dialaw &#8211; B.P. 35<br>20000 Yene<br>Tel: +221 78 124 74 59<br><a href=\"mailto:soprassub.senegal@gmail.com\">soprassub.senegal@gmail.com<\/a><\/p>\n<\/div>\n\n\n\n<div class=\"wp-block-uagb-column uagb-column__wrap uagb-column__background-undefined uagb-block-2c2bc4e8\"><div class=\"uagb-column__overlay\"><\/div>\n<h2 class=\"wp-block-heading\" id=\"singapore-indonesia\">Singapore and Indonesia<\/h2>\n\n\n\n<p><strong>NICE DIVE<\/strong><br>Commercial &amp; Sport Dive Equipments Shop<br>Citraland, G-Walk W-1 nos. 16<br>Surabaya &#8211; Indonesia<br>Tel: (+62 31) 849 3988<br>Fax (+62 31) 843 6232<br>SMS Centre +818 0306 8822<br><a href=\"mailto:nicedive@nicedive.com\">nicedive@nicedive.com<\/a><br><a href=\"https:\/\/www.nicedive.com\/\">www.nicedive.com<\/a><\/p>\n<\/div>\n<\/div><\/section>\n<\/div><\/section>\n\n\n\n<section class=\"wp-block-uagb-section uagb-section__wrap uagb-section__background-undefined uagb-block-525fbb48\"><div class=\"uagb-section__overlay\"><\/div><div class=\"uagb-section__inner-wrap\">\n<section class=\"wp-block-uagb-columns uagb-columns__wrap uagb-columns__background-none uagb-columns__stack-mobile uagb-columns__valign- uagb-columns__gap-10 align uagb-block-2c608d97 uagb-columns__columns-2 uagb-columns__max_width-theme\"><div class=\"uagb-columns__overlay\"><\/div><div class=\"uagb-columns__inner-wrap uagb-columns__columns-2\">\n<div class=\"wp-block-uagb-column uagb-column__wrap uagb-column__background-undefined uagb-block-6ec8de02\"><div class=\"uagb-column__overlay\"><\/div>\n<h2 class=\"wp-block-heading\" id=\"slovenia\">Slovenia<\/h2>\n\n\n\n<p><strong>H2O Globe d.o.o.<\/strong><br>Ple\u010dnikova ulica 1<br>2000 Maribor<br>Tel.: +386\/(0)31 827 392<br><a href=\"mailto: info@h2oteam.com\">info@h2oteam.com<\/a><br><a href=\"https:\/\/www.h2oteam.com\/shop\/\">https:\/\/www.h2oteam.com\/shop\/<\/a><\/p>\n<\/div>\n\n\n\n<div class=\"wp-block-uagb-column uagb-column__wrap uagb-column__background-undefined uagb-block-671625e8\"><div class=\"uagb-column__overlay\"><\/div>\n<h2 class=\"wp-block-heading has-text-align-left\" style=\"font-size:35px\">Spain<\/h2>\n\n\n\n<p><strong>BUCEO HONDARRIBIA ( DIVE CENTER)<\/strong><br>Puerto Deportivo de Hondarribia<br>Zona t\u00e9cnica, nave 5<br>20280 HONDARRIBIA ( Gipuzkoa)&nbsp;<br>TELF: (34) 943 100 609&nbsp; and&nbsp; 610 940 608<br><a href=\"mailto: buceohondarribia@gmail.com\">buceohondarribia@gmail.com<\/a><br><a href=\"web: www.buceohondarribia.com\">https:\/\/www.buceohondarribia.com<\/a><\/p>\n<\/div>\n<\/div><\/section>\n<\/div><\/section>\n\n\n\n<section class=\"wp-block-uagb-section uagb-section__wrap uagb-section__background-undefined uagb-block-ead2b6d1\"><div class=\"uagb-section__overlay\"><\/div><div class=\"uagb-section__inner-wrap\">\n<section class=\"wp-block-uagb-columns uagb-columns__wrap uagb-columns__background-none uagb-columns__stack-mobile uagb-columns__valign- uagb-columns__gap-10 align uagb-block-297e8dff uagb-columns__columns-2 uagb-columns__max_width-theme\"><div class=\"uagb-columns__overlay\"><\/div><div class=\"uagb-columns__inner-wrap uagb-columns__columns-2\">\n<div class=\"wp-block-uagb-column uagb-column__wrap uagb-column__background-undefined uagb-block-95eeceec\"><div class=\"uagb-column__overlay\"><\/div>\n<h2 class=\"wp-block-heading\" id=\"south-africa\">Taiwan<\/h2>\n\n\n\n<p><strong>SOPRAS TW Co., Ltd.<\/strong><br>Rm.a04, B1F, No.20, Aly.1, Ln.768, Sec.4, Bade&nbsp;Rd.<br>Nangang Dist., Taipei City 115<br>Taiwan (R.O.C.)<br>Tel: + 886 0910 925 181<br><a href=\"mailto:yulin@soprassub.com.tw\">yulin@soprassub.com.tw<\/a><\/p>\n<\/div>\n\n\n\n<div class=\"wp-block-uagb-column uagb-column__wrap uagb-column__background-undefined uagb-block-060874a3\"><div class=\"uagb-column__overlay\"><\/div>\n<h2 class=\"wp-block-heading\">Thailand<\/h2>\n\n\n\n<p><strong>CHAICHAROEN MULTI TRADING CO.,LTD<\/strong><br>189\/40-45 Moo 5, Tambon Pantainorasingh<br>Muang Samut Sakhon<br>74000 SAMUT SAKHON<br>Tel: 66-34-118-670-3<br>Fax: 66-34-118-675<br><a href=\"mailto:blueculturediving@gmail.com\">blueculturediving@gmail.com<\/a><\/p>\n\n\n\n<p><strong>WATER PRO<\/strong><br>82\/12, Moo 4, Patak Road<br>Rawai, Phuket<br>tel. +66 91 034 5259<br><a href=\"mailto:thailandwaterpro@gmail.com\">thailandwaterpro@gmail.com<\/a><\/p>\n<\/div>\n<\/div><\/section>\n<\/div><\/section>\n\n\n\n<section class=\"wp-block-uagb-section uagb-section__wrap uagb-section__background-undefined uagb-block-eac2ae4c\"><div class=\"uagb-section__overlay\"><\/div><div class=\"uagb-section__inner-wrap\">\n<section class=\"wp-block-uagb-columns uagb-columns__wrap uagb-columns__background-none uagb-columns__stack-mobile uagb-columns__valign- uagb-columns__gap-10 align uagb-block-fe08c66a uagb-columns__columns-2 uagb-columns__max_width-theme\"><div class=\"uagb-columns__overlay\"><\/div><div class=\"uagb-columns__inner-wrap uagb-columns__columns-2\">\n<div class=\"wp-block-uagb-column uagb-column__wrap uagb-column__background-undefined uagb-block-7379bede\"><div class=\"uagb-column__overlay\"><\/div>\n<h2 class=\"wp-block-heading\">USA<\/h2>\n\n\n\n<p><strong>DIXIE DIVERS<\/strong><br>455&nbsp;South Federal Hwy<br>FL 33441, Deerfield Beach<br>Toll Free: +1 800 630 3441<br>Local phone: 954 420 0009<br>Fax: 954 420 0380<br>Skype me: dixiedivers<br><a href=\"mailto:orders@dixiedivers.com\">orders@dixiedivers.com<\/a><br><a href=\"http:\/\/www.dixiediver.com\">www.dixiediver.com<\/a><\/p>\n\n\n\n<p><strong>ALPHA DIVERS<\/strong><br>2001 N Broadway St., suite B<br>TN 37917, Knoxville<br>Phone: 865-951-0691<br><a href=\"mailto:info@AlphaDivers.com\">info@AlphaDivers.com<\/a><br><a href=\"https:\/\/www.AlphaDivers.com\/\" target=\"_blank\" rel=\"noopener noreferrer\">https:\/\/www.AlphaDivers.com<\/a><\/p>\n<\/div>\n\n\n\n<div class=\"wp-block-uagb-column uagb-column__wrap uagb-column__background-undefined uagb-block-ef8613ae\"><div class=\"uagb-column__overlay\"><\/div><\/div>\n<\/div><\/section>\n<\/div><\/section>\n\n\n\n<hr class=\"wp-block-separator has-alpha-channel-opacity\"\/>\n\n\n\n<p>We are looking for new distributors. Write to us: <a href=\"mailto:sobkovasopras@seznam.cz\">Michaela Sobkova<\/a><\/p>\n","protected":false},"excerpt":{"rendered":"<p>We are looking for new distributors. Write to us: Michaela Sobkova<\/p>\n","protected":false},"author":5,"featured_media":0,"parent":0,"menu_order":0,"comment_status":"closed","ping_status":"closed","template":"","meta":{"_acf_changed":false,"_uag_custom_page_level_css":"","neve_meta_sidebar":"","neve_meta_container":"","neve_meta_enable_content_width":"","neve_meta_content_width":0,"neve_meta_title_alignment":"","neve_meta_author_avatar":"","neve_post_elements_order":"","neve_meta_disable_header":"","neve_meta_disable_footer":"","neve_meta_disable_title":"","footnotes":""},"class_list":["post-14611","page","type-page","status-publish","hentry"],"acf":[],"yoast_head":"<!-- This site is optimized with the Yoast SEO plugin v27.5 - https:\/\/yoast.com\/product\/yoast-seo-wordpress\/ -->\n<title>Distributors - Sopras Apnea<\/title>\n<meta name=\"robots\" content=\"index, follow, max-snippet:-1, max-image-preview:large, max-video-preview:-1\" \/>\n<link rel=\"canonical\" href=\"https:\/\/soprasapnea.com\/cs\/distributors\/\" \/>\n<meta property=\"og:locale\" content=\"cs_CZ\" \/>\n<meta property=\"og:type\" content=\"article\" \/>\n<meta property=\"og:title\" content=\"Distributors - Sopras Apnea\" \/>\n<meta property=\"og:description\" content=\"We are looking for new distributors. Write to us: Michaela Sobkova\" \/>\n<meta property=\"og:url\" content=\"https:\/\/soprasapnea.com\/cs\/distributors\/\" \/>\n<meta property=\"og:site_name\" content=\"Sopras Apnea\" \/>\n<meta name=\"twitter:card\" content=\"summary_large_image\" \/>\n<meta name=\"twitter:label1\" content=\"Odhadovan\u00e1 doba \u010dten\u00ed\" \/>\n\t<meta name=\"twitter:data1\" content=\"3 minuty\" \/>\n<script type=\"application\/ld+json\" class=\"yoast-schema-graph\">{\"@context\":\"https:\\\/\\\/schema.org\",\"@graph\":[{\"@type\":\"WebPage\",\"@id\":\"https:\\\/\\\/soprasapnea.com\\\/cs\\\/distributors\\\/\",\"url\":\"https:\\\/\\\/soprasapnea.com\\\/cs\\\/distributors\\\/\",\"name\":\"Distributors - Sopras Apnea\",\"isPartOf\":{\"@id\":\"https:\\\/\\\/soprasapnea.com\\\/#website\"},\"datePublished\":\"2015-10-21T19:35:00+00:00\",\"breadcrumb\":{\"@id\":\"https:\\\/\\\/soprasapnea.com\\\/cs\\\/distributors\\\/#breadcrumb\"},\"inLanguage\":\"cs\",\"potentialAction\":[{\"@type\":\"ReadAction\",\"target\":[\"https:\\\/\\\/soprasapnea.com\\\/cs\\\/distributors\\\/\"]}]},{\"@type\":\"BreadcrumbList\",\"@id\":\"https:\\\/\\\/soprasapnea.com\\\/cs\\\/distributors\\\/#breadcrumb\",\"itemListElement\":[{\"@type\":\"ListItem\",\"position\":1,\"name\":\"Home\",\"item\":\"https:\\\/\\\/soprasapnea.com\\\/cs\\\/\"},{\"@type\":\"ListItem\",\"position\":2,\"name\":\"Distributors\"}]},{\"@type\":\"WebSite\",\"@id\":\"https:\\\/\\\/soprasapnea.com\\\/#website\",\"url\":\"https:\\\/\\\/soprasapnea.com\\\/\",\"name\":\"Sopras Apnea\",\"description\":\"Freediving, spearfishing equipment\",\"potentialAction\":[{\"@type\":\"SearchAction\",\"target\":{\"@type\":\"EntryPoint\",\"urlTemplate\":\"https:\\\/\\\/soprasapnea.com\\\/?s={search_term_string}\"},\"query-input\":{\"@type\":\"PropertyValueSpecification\",\"valueRequired\":true,\"valueName\":\"search_term_string\"}}],\"inLanguage\":\"cs\"}]}<\/script>\n<!-- \/ Yoast SEO plugin. -->","yoast_head_json":{"title":"Distributors - Sopras Apnea","robots":{"index":"index","follow":"follow","max-snippet":"max-snippet:-1","max-image-preview":"max-image-preview:large","max-video-preview":"max-video-preview:-1"},"canonical":"https:\/\/soprasapnea.com\/cs\/distributors\/","og_locale":"cs_CZ","og_type":"article","og_title":"Distributors - Sopras Apnea","og_description":"We are looking for new distributors. Write to us: Michaela Sobkova","og_url":"https:\/\/soprasapnea.com\/cs\/distributors\/","og_site_name":"Sopras Apnea","twitter_card":"summary_large_image","twitter_misc":{"Odhadovan\u00e1 doba \u010dten\u00ed":"3 minuty"},"schema":{"@context":"https:\/\/schema.org","@graph":[{"@type":"WebPage","@id":"https:\/\/soprasapnea.com\/cs\/distributors\/","url":"https:\/\/soprasapnea.com\/cs\/distributors\/","name":"Distributors - Sopras Apnea","isPartOf":{"@id":"https:\/\/soprasapnea.com\/#website"},"datePublished":"2015-10-21T19:35:00+00:00","breadcrumb":{"@id":"https:\/\/soprasapnea.com\/cs\/distributors\/#breadcrumb"},"inLanguage":"cs","potentialAction":[{"@type":"ReadAction","target":["https:\/\/soprasapnea.com\/cs\/distributors\/"]}]},{"@type":"BreadcrumbList","@id":"https:\/\/soprasapnea.com\/cs\/distributors\/#breadcrumb","itemListElement":[{"@type":"ListItem","position":1,"name":"Home","item":"https:\/\/soprasapnea.com\/cs\/"},{"@type":"ListItem","position":2,"name":"Distributors"}]},{"@type":"WebSite","@id":"https:\/\/soprasapnea.com\/#website","url":"https:\/\/soprasapnea.com\/","name":"Sopras Apnea","description":"Freediving, spearfishing equipment","potentialAction":[{"@type":"SearchAction","target":{"@type":"EntryPoint","urlTemplate":"https:\/\/soprasapnea.com\/?s={search_term_string}"},"query-input":{"@type":"PropertyValueSpecification","valueRequired":true,"valueName":"search_term_string"}}],"inLanguage":"cs"}]}},"uagb_featured_image_src":{"full":false,"thumbnail":false,"medium":false,"medium_large":false,"large":false,"1536x1536":false,"2048x2048":false,"neve-blog":false,"mailpoet_newsletter_max":false,"woocommerce_thumbnail":false,"woocommerce_single":false,"woocommerce_gallery_thumbnail":false},"uagb_author_info":{"display_name":"musilekv","author_link":"https:\/\/soprasapnea.com\/cs\/author\/musilekv\/"},"uagb_comment_info":0,"uagb_excerpt":"We are looking for new distributors. Write to us: Michaela Sobkova","_links":{"self":[{"href":"https:\/\/soprasapnea.com\/cs\/wp-json\/wp\/v2\/pages\/14611","targetHints":{"allow":["GET"]}}],"collection":[{"href":"https:\/\/soprasapnea.com\/cs\/wp-json\/wp\/v2\/pages"}],"about":[{"href":"https:\/\/soprasapnea.com\/cs\/wp-json\/wp\/v2\/types\/page"}],"author":[{"embeddable":true,"href":"https:\/\/soprasapnea.com\/cs\/wp-json\/wp\/v2\/users\/5"}],"replies":[{"embeddable":true,"href":"https:\/\/soprasapnea.com\/cs\/wp-json\/wp\/v2\/comments?post=14611"}],"version-history":[{"count":0,"href":"https:\/\/soprasapnea.com\/cs\/wp-json\/wp\/v2\/pages\/14611\/revisions"}],"wp:attachment":[{"href":"https:\/\/soprasapnea.com\/cs\/wp-json\/wp\/v2\/media?parent=14611"}],"curies":[{"name":"wp","href":"https:\/\/api.w.org\/{rel}","templated":true}]}}