{"id":13010,"date":"2025-08-28T18:08:56","date_gmt":"2025-08-28T17:08:56","guid":{"rendered":"https:\/\/soprasapnea.com\/shop\/marlin-pro-smooth-lady-25mm\/"},"modified":"2025-08-28T18:08:56","modified_gmt":"2025-08-28T17:08:56","slug":"marlin-pro-smooth-lady-25mm","status":"publish","type":"product","link":"https:\/\/soprasapnea.com\/cs\/shop\/marlin-pro-smooth-lady-25mm\/","title":{"rendered":"Marlin pro smooth lady 2,5mm"},"content":{"rendered":"<p>Marlin Pro Smooth is a training suit ideal for swimming in the pool or in the ocean. Its extremely flexible and comfortable with thickness of 2.5mm.<\/p>\n<p>There are multiple stitchings on the wrist and you can shorten the wrist length by yourself.<\/p>\n<p>Sizes S, M, L<\/p>\n<p>&nbsp;<\/p>\n<p>Size characteristics-<\/p>\n<p>S \u2013 168cm height, weight 52kg<\/p>\n<p>M \u2013 172cm height,\u00a0 weight 57kg<\/p>\n<p>L \u2013 176cm height, weight 62kg<\/p>\n","protected":false},"excerpt":{"rendered":"<p>Marlin Pro Smooth is a training suit ideal for swimming in the pool or in the ocean. Its extremely flexible and comfortable with thickness of 2.5mm. There are multiple stitchings on the wrist and you can shorten the wrist length by yourself. Sizes S, M, L &nbsp; Size characteristics- S \u2013 168cm height, weight 52kg&hellip;&nbsp;<a href=\"https:\/\/soprasapnea.com\/cs\/shop\/marlin-pro-smooth-lady-25mm\/\" rel=\"bookmark\">\u010c\u00edst d\u00e1le &raquo;<span class=\"screen-reader-text\">Marlin pro smooth lady 2,5mm<\/span><\/a><\/p>\n","protected":false},"featured_media":12289,"comment_status":"open","ping_status":"closed","template":"","meta":{"_acf_changed":false,"_uag_custom_page_level_css":"","neve_meta_sidebar":"","neve_meta_container":"","neve_meta_enable_content_width":"off","neve_meta_content_width":100,"neve_meta_title_alignment":"","neve_meta_author_avatar":"","neve_post_elements_order":"","neve_meta_disable_header":"","neve_meta_disable_footer":"","neve_meta_disable_title":""},"product_brand":[],"product_cat":[554],"product_tag":[589],"class_list":{"0":"post-13010","1":"product","2":"type-product","3":"status-publish","4":"has-post-thumbnail","6":"product_cat-ostatni","7":"product_tag-new-cs","9":"first","10":"instock","11":"taxable","12":"shipping-taxable","13":"purchasable","14":"product-type-variable"},"acf":[],"yoast_head":"<!-- This site is optimized with the Yoast SEO plugin v27.2 - https:\/\/yoast.com\/product\/yoast-seo-wordpress\/ -->\n<title>Marlin pro smooth lady 2,5mm - Sopras Apnea<\/title>\n<meta name=\"robots\" content=\"index, follow, max-snippet:-1, max-image-preview:large, max-video-preview:-1\" \/>\n<link rel=\"canonical\" href=\"https:\/\/soprasapnea.com\/cs\/shop\/marlin-pro-smooth-lady-25mm\/\" \/>\n<meta property=\"og:locale\" content=\"cs_CZ\" \/>\n<meta property=\"og:type\" content=\"article\" \/>\n<meta property=\"og:title\" content=\"Marlin pro smooth lady 2,5mm - Sopras Apnea\" \/>\n<meta property=\"og:description\" content=\"Marlin Pro Smooth is a training suit ideal for swimming in the pool or in the ocean. Its extremely flexible and comfortable with thickness of 2.5mm. There are multiple stitchings on the wrist and you can shorten the wrist length by yourself. Sizes S, M, L &nbsp; Size characteristics- S \u2013 168cm height, weight 52kg&hellip;&nbsp;\u010c\u00edst d\u00e1le &raquo;Marlin pro smooth lady 2,5mm\" \/>\n<meta property=\"og:url\" content=\"https:\/\/soprasapnea.com\/cs\/shop\/marlin-pro-smooth-lady-25mm\/\" \/>\n<meta property=\"og:site_name\" content=\"Sopras Apnea\" \/>\n<meta name=\"twitter:card\" content=\"summary_large_image\" \/>\n<script type=\"application\/ld+json\" class=\"yoast-schema-graph\">{\"@context\":\"https:\/\/schema.org\",\"@graph\":[{\"@type\":\"WebPage\",\"@id\":\"https:\/\/soprasapnea.com\/cs\/shop\/marlin-pro-smooth-lady-25mm\/\",\"url\":\"https:\/\/soprasapnea.com\/cs\/shop\/marlin-pro-smooth-lady-25mm\/\",\"name\":\"Marlin pro smooth lady 2,5mm - Sopras Apnea\",\"isPartOf\":{\"@id\":\"https:\/\/soprasapnea.com\/#website\"},\"primaryImageOfPage\":{\"@id\":\"https:\/\/soprasapnea.com\/cs\/shop\/marlin-pro-smooth-lady-25mm\/#primaryimage\"},\"image\":{\"@id\":\"https:\/\/soprasapnea.com\/cs\/shop\/marlin-pro-smooth-lady-25mm\/#primaryimage\"},\"thumbnailUrl\":\"https:\/\/soprasapnea.com\/wp-content\/uploads\/2025\/08\/113775-7-Marlin-pro-smooth-lady-25mm.jpg\",\"datePublished\":\"2025-08-28T17:08:56+00:00\",\"breadcrumb\":{\"@id\":\"https:\/\/soprasapnea.com\/cs\/shop\/marlin-pro-smooth-lady-25mm\/#breadcrumb\"},\"inLanguage\":\"cs\",\"potentialAction\":[{\"@type\":\"ReadAction\",\"target\":[\"https:\/\/soprasapnea.com\/cs\/shop\/marlin-pro-smooth-lady-25mm\/\"]}]},{\"@type\":\"ImageObject\",\"inLanguage\":\"cs\",\"@id\":\"https:\/\/soprasapnea.com\/cs\/shop\/marlin-pro-smooth-lady-25mm\/#primaryimage\",\"url\":\"https:\/\/soprasapnea.com\/wp-content\/uploads\/2025\/08\/113775-7-Marlin-pro-smooth-lady-25mm.jpg\",\"contentUrl\":\"https:\/\/soprasapnea.com\/wp-content\/uploads\/2025\/08\/113775-7-Marlin-pro-smooth-lady-25mm.jpg\",\"width\":1500,\"height\":1500},{\"@type\":\"BreadcrumbList\",\"@id\":\"https:\/\/soprasapnea.com\/cs\/shop\/marlin-pro-smooth-lady-25mm\/#breadcrumb\",\"itemListElement\":[{\"@type\":\"ListItem\",\"position\":1,\"name\":\"Home\",\"item\":\"https:\/\/soprasapnea.com\/cs\/\"},{\"@type\":\"ListItem\",\"position\":2,\"name\":\"Shop\",\"item\":\"https:\/\/soprasapnea.com\/cs\/shop\/\"},{\"@type\":\"ListItem\",\"position\":3,\"name\":\"Marlin pro smooth lady 2,5mm\"}]},{\"@type\":\"WebSite\",\"@id\":\"https:\/\/soprasapnea.com\/#website\",\"url\":\"https:\/\/soprasapnea.com\/\",\"name\":\"Sopras Apnea\",\"description\":\"Freediving, spearfishing equipment\",\"potentialAction\":[{\"@type\":\"SearchAction\",\"target\":{\"@type\":\"EntryPoint\",\"urlTemplate\":\"https:\/\/soprasapnea.com\/?s={search_term_string}\"},\"query-input\":{\"@type\":\"PropertyValueSpecification\",\"valueRequired\":true,\"valueName\":\"search_term_string\"}}],\"inLanguage\":\"cs\"}]}<\/script>\n<!-- \/ Yoast SEO plugin. -->","yoast_head_json":{"title":"Marlin pro smooth lady 2,5mm - Sopras Apnea","robots":{"index":"index","follow":"follow","max-snippet":"max-snippet:-1","max-image-preview":"max-image-preview:large","max-video-preview":"max-video-preview:-1"},"canonical":"https:\/\/soprasapnea.com\/cs\/shop\/marlin-pro-smooth-lady-25mm\/","og_locale":"cs_CZ","og_type":"article","og_title":"Marlin pro smooth lady 2,5mm - Sopras Apnea","og_description":"Marlin Pro Smooth is a training suit ideal for swimming in the pool or in the ocean. Its extremely flexible and comfortable with thickness of 2.5mm. There are multiple stitchings on the wrist and you can shorten the wrist length by yourself. Sizes S, M, L &nbsp; Size characteristics- S \u2013 168cm height, weight 52kg&hellip;&nbsp;\u010c\u00edst d\u00e1le &raquo;Marlin pro smooth lady 2,5mm","og_url":"https:\/\/soprasapnea.com\/cs\/shop\/marlin-pro-smooth-lady-25mm\/","og_site_name":"Sopras Apnea","twitter_card":"summary_large_image","schema":{"@context":"https:\/\/schema.org","@graph":[{"@type":"WebPage","@id":"https:\/\/soprasapnea.com\/cs\/shop\/marlin-pro-smooth-lady-25mm\/","url":"https:\/\/soprasapnea.com\/cs\/shop\/marlin-pro-smooth-lady-25mm\/","name":"Marlin pro smooth lady 2,5mm - Sopras Apnea","isPartOf":{"@id":"https:\/\/soprasapnea.com\/#website"},"primaryImageOfPage":{"@id":"https:\/\/soprasapnea.com\/cs\/shop\/marlin-pro-smooth-lady-25mm\/#primaryimage"},"image":{"@id":"https:\/\/soprasapnea.com\/cs\/shop\/marlin-pro-smooth-lady-25mm\/#primaryimage"},"thumbnailUrl":"https:\/\/soprasapnea.com\/wp-content\/uploads\/2025\/08\/113775-7-Marlin-pro-smooth-lady-25mm.jpg","datePublished":"2025-08-28T17:08:56+00:00","breadcrumb":{"@id":"https:\/\/soprasapnea.com\/cs\/shop\/marlin-pro-smooth-lady-25mm\/#breadcrumb"},"inLanguage":"cs","potentialAction":[{"@type":"ReadAction","target":["https:\/\/soprasapnea.com\/cs\/shop\/marlin-pro-smooth-lady-25mm\/"]}]},{"@type":"ImageObject","inLanguage":"cs","@id":"https:\/\/soprasapnea.com\/cs\/shop\/marlin-pro-smooth-lady-25mm\/#primaryimage","url":"https:\/\/soprasapnea.com\/wp-content\/uploads\/2025\/08\/113775-7-Marlin-pro-smooth-lady-25mm.jpg","contentUrl":"https:\/\/soprasapnea.com\/wp-content\/uploads\/2025\/08\/113775-7-Marlin-pro-smooth-lady-25mm.jpg","width":1500,"height":1500},{"@type":"BreadcrumbList","@id":"https:\/\/soprasapnea.com\/cs\/shop\/marlin-pro-smooth-lady-25mm\/#breadcrumb","itemListElement":[{"@type":"ListItem","position":1,"name":"Home","item":"https:\/\/soprasapnea.com\/cs\/"},{"@type":"ListItem","position":2,"name":"Shop","item":"https:\/\/soprasapnea.com\/cs\/shop\/"},{"@type":"ListItem","position":3,"name":"Marlin pro smooth lady 2,5mm"}]},{"@type":"WebSite","@id":"https:\/\/soprasapnea.com\/#website","url":"https:\/\/soprasapnea.com\/","name":"Sopras Apnea","description":"Freediving, spearfishing equipment","potentialAction":[{"@type":"SearchAction","target":{"@type":"EntryPoint","urlTemplate":"https:\/\/soprasapnea.com\/?s={search_term_string}"},"query-input":{"@type":"PropertyValueSpecification","valueRequired":true,"valueName":"search_term_string"}}],"inLanguage":"cs"}]}},"uagb_featured_image_src":{"full":["https:\/\/soprasapnea.com\/wp-content\/uploads\/2025\/08\/113775-7-Marlin-pro-smooth-lady-25mm.jpg",1500,1500,false],"thumbnail":["https:\/\/soprasapnea.com\/wp-content\/uploads\/2025\/08\/113775-7-Marlin-pro-smooth-lady-25mm-150x150.jpg",150,150,true],"medium":["https:\/\/soprasapnea.com\/wp-content\/uploads\/2025\/08\/113775-7-Marlin-pro-smooth-lady-25mm-300x300.jpg",300,300,true],"medium_large":["https:\/\/soprasapnea.com\/wp-content\/uploads\/2025\/08\/113775-7-Marlin-pro-smooth-lady-25mm-768x768.jpg",768,768,true],"large":["https:\/\/soprasapnea.com\/wp-content\/uploads\/2025\/08\/113775-7-Marlin-pro-smooth-lady-25mm-1024x1024.jpg",1024,1024,true],"1536x1536":["https:\/\/soprasapnea.com\/wp-content\/uploads\/2025\/08\/113775-7-Marlin-pro-smooth-lady-25mm.jpg",1500,1500,false],"2048x2048":["https:\/\/soprasapnea.com\/wp-content\/uploads\/2025\/08\/113775-7-Marlin-pro-smooth-lady-25mm.jpg",1500,1500,false],"neve-blog":["https:\/\/soprasapnea.com\/wp-content\/uploads\/2025\/08\/113775-7-Marlin-pro-smooth-lady-25mm-930x620.jpg",930,620,true],"mailpoet_newsletter_max":["https:\/\/soprasapnea.com\/wp-content\/uploads\/2025\/08\/113775-7-Marlin-pro-smooth-lady-25mm-1320x1320.jpg",1320,1320,true],"woocommerce_thumbnail":["https:\/\/soprasapnea.com\/wp-content\/uploads\/2025\/08\/113775-7-Marlin-pro-smooth-lady-25mm-300x300.jpg",300,300,true],"woocommerce_single":["https:\/\/soprasapnea.com\/wp-content\/uploads\/2025\/08\/113775-7-Marlin-pro-smooth-lady-25mm-600x600.jpg",600,600,true],"woocommerce_gallery_thumbnail":["https:\/\/soprasapnea.com\/wp-content\/uploads\/2025\/08\/113775-7-Marlin-pro-smooth-lady-25mm-100x100.jpg",100,100,true]},"uagb_author_info":{"display_name":"Michaela Sobkova","author_link":"https:\/\/soprasapnea.com\/cs\/author\/"},"uagb_comment_info":0,"uagb_excerpt":"Marlin Pro Smooth is a training suit ideal for swimming in the pool or in the ocean. Its extremely flexible and comfortable with thickness of 2.5mm. There are multiple stitchings on the wrist and you can shorten the wrist length by yourself. Sizes S, M, L &nbsp; Size characteristics- S \u2013 168cm height, weight 52kg&hellip;&nbsp;\u010c\u00edst&hellip;","_links":{"self":[{"href":"https:\/\/soprasapnea.com\/cs\/wp-json\/wp\/v2\/product\/13010","targetHints":{"allow":["GET"]}}],"collection":[{"href":"https:\/\/soprasapnea.com\/cs\/wp-json\/wp\/v2\/product"}],"about":[{"href":"https:\/\/soprasapnea.com\/cs\/wp-json\/wp\/v2\/types\/product"}],"replies":[{"embeddable":true,"href":"https:\/\/soprasapnea.com\/cs\/wp-json\/wp\/v2\/comments?post=13010"}],"wp:featuredmedia":[{"embeddable":true,"href":"https:\/\/soprasapnea.com\/cs\/wp-json\/wp\/v2\/media\/12289"}],"wp:attachment":[{"href":"https:\/\/soprasapnea.com\/cs\/wp-json\/wp\/v2\/media?parent=13010"}],"wp:term":[{"taxonomy":"product_brand","embeddable":true,"href":"https:\/\/soprasapnea.com\/cs\/wp-json\/wp\/v2\/product_brand?post=13010"},{"taxonomy":"product_cat","embeddable":true,"href":"https:\/\/soprasapnea.com\/cs\/wp-json\/wp\/v2\/product_cat?post=13010"},{"taxonomy":"product_tag","embeddable":true,"href":"https:\/\/soprasapnea.com\/cs\/wp-json\/wp\/v2\/product_tag?post=13010"}],"curies":[{"name":"wp","href":"https:\/\/api.w.org\/{rel}","templated":true}]}}