{"id":13028,"date":"2025-08-21T13:39:04","date_gmt":"2025-08-21T12:39:04","guid":{"rendered":"https:\/\/soprasapnea.com\/shop\/competition-smooth-man-5-mm\/"},"modified":"2025-08-21T13:39:04","modified_gmt":"2025-08-21T12:39:04","slug":"competition-smooth-man-5-mm","status":"publish","type":"product","link":"https:\/\/soprasapnea.com\/cs\/shop\/competition-smooth-man-5-mm\/","title":{"rendered":"Competition smooth man 5 mm"},"content":{"rendered":"<p>Competition Smooth is our new top of the line two pieces suit made of super stretch neoprene with smoothskin on the outside and lycra lining on the inside and is available in 3 and 5mm.<\/p>\n<p>These are the main characteristics:<\/p>\n<ul>\n<li>The inside lycra lining allows easy donning even when dry with no need to use a baby shampoo<\/li>\n<li>The outside smoothskin allows for low water resistance for maximum swimming speed and very fast drying<\/li>\n<li>The tail on the jacket has two buckles for maximum comfort and tightness (see the detail picture)<\/li>\n<li>The wrist and ankle seals are watertight (see the detail pictures)<\/li>\n<li>All crossings are internally reinforced with a neoprene patch for maximum durability (see the detail picture)<\/li>\n<li>Easy hanging of the pants for drying and storing with two webbing loops (see the detail picture)<\/li>\n<li>You can purchase just the jacket separately! In other words you can have one pair of pants and two jackets in two different thicknesses which gives you the flexibility of diving in different water temperatures. Moreover pants are usually lasting longer than the jackets that are usually under more stress when wearing and diving.<\/li>\n<\/ul>\n","protected":false},"excerpt":{"rendered":"<p>Competition Smooth is our new top of the line two pieces suit made of super stretch neoprene with smoothskin on the outside and lycra lining on the inside and is available in 3 and 5mm. These are the main characteristics: The inside lycra lining allows easy donning even when dry with no need to use&hellip;&nbsp;<a href=\"https:\/\/soprasapnea.com\/cs\/shop\/competition-smooth-man-5-mm\/\" rel=\"bookmark\">\u010c\u00edst d\u00e1le &raquo;<span class=\"screen-reader-text\">Competition smooth man 5 mm<\/span><\/a><\/p>\n","protected":false},"featured_media":11873,"comment_status":"open","ping_status":"closed","template":"","meta":{"_acf_changed":false,"_uag_custom_page_level_css":"","neve_meta_sidebar":"","neve_meta_container":"","neve_meta_enable_content_width":"off","neve_meta_content_width":100,"neve_meta_title_alignment":"","neve_meta_author_avatar":"","neve_post_elements_order":"","neve_meta_disable_header":"","neve_meta_disable_footer":"","neve_meta_disable_title":""},"product_brand":[],"product_cat":[554],"product_tag":[589],"class_list":{"0":"post-13028","1":"product","2":"type-product","3":"status-publish","4":"has-post-thumbnail","6":"product_cat-ostatni","7":"product_tag-new-cs","9":"first","10":"instock","11":"taxable","12":"shipping-taxable","13":"purchasable","14":"product-type-variable"},"acf":[],"yoast_head":"<!-- This site is optimized with the Yoast SEO plugin v27.2 - https:\/\/yoast.com\/product\/yoast-seo-wordpress\/ -->\n<title>Competition smooth man 5 mm - Sopras Apnea<\/title>\n<meta name=\"robots\" content=\"index, follow, max-snippet:-1, max-image-preview:large, max-video-preview:-1\" \/>\n<link rel=\"canonical\" href=\"https:\/\/soprasapnea.com\/cs\/shop\/competition-smooth-man-5-mm\/\" \/>\n<meta property=\"og:locale\" content=\"cs_CZ\" \/>\n<meta property=\"og:type\" content=\"article\" \/>\n<meta property=\"og:title\" content=\"Competition smooth man 5 mm - Sopras Apnea\" \/>\n<meta property=\"og:description\" content=\"Competition Smooth is our new top of the line two pieces suit made of super stretch neoprene with smoothskin on the outside and lycra lining on the inside and is available in 3 and 5mm. These are the main characteristics: The inside lycra lining allows easy donning even when dry with no need to use&hellip;&nbsp;\u010c\u00edst d\u00e1le &raquo;Competition smooth man 5 mm\" \/>\n<meta property=\"og:url\" content=\"https:\/\/soprasapnea.com\/cs\/shop\/competition-smooth-man-5-mm\/\" \/>\n<meta property=\"og:site_name\" content=\"Sopras Apnea\" \/>\n<meta name=\"twitter:card\" content=\"summary_large_image\" \/>\n<meta name=\"twitter:label1\" content=\"Odhadovan\u00e1 doba \u010dten\u00ed\" \/>\n\t<meta name=\"twitter:data1\" content=\"1 minuta\" \/>\n<script type=\"application\/ld+json\" class=\"yoast-schema-graph\">{\"@context\":\"https:\/\/schema.org\",\"@graph\":[{\"@type\":\"WebPage\",\"@id\":\"https:\/\/soprasapnea.com\/cs\/shop\/competition-smooth-man-5-mm\/\",\"url\":\"https:\/\/soprasapnea.com\/cs\/shop\/competition-smooth-man-5-mm\/\",\"name\":\"Competition smooth man 5 mm - Sopras Apnea\",\"isPartOf\":{\"@id\":\"https:\/\/soprasapnea.com\/#website\"},\"primaryImageOfPage\":{\"@id\":\"https:\/\/soprasapnea.com\/cs\/shop\/competition-smooth-man-5-mm\/#primaryimage\"},\"image\":{\"@id\":\"https:\/\/soprasapnea.com\/cs\/shop\/competition-smooth-man-5-mm\/#primaryimage\"},\"thumbnailUrl\":\"https:\/\/soprasapnea.com\/wp-content\/uploads\/2025\/08\/113910-3-113940-43-Competition-smooth-man-3-5mm.jpg\",\"datePublished\":\"2025-08-21T12:39:04+00:00\",\"breadcrumb\":{\"@id\":\"https:\/\/soprasapnea.com\/cs\/shop\/competition-smooth-man-5-mm\/#breadcrumb\"},\"inLanguage\":\"cs\",\"potentialAction\":[{\"@type\":\"ReadAction\",\"target\":[\"https:\/\/soprasapnea.com\/cs\/shop\/competition-smooth-man-5-mm\/\"]}]},{\"@type\":\"ImageObject\",\"inLanguage\":\"cs\",\"@id\":\"https:\/\/soprasapnea.com\/cs\/shop\/competition-smooth-man-5-mm\/#primaryimage\",\"url\":\"https:\/\/soprasapnea.com\/wp-content\/uploads\/2025\/08\/113910-3-113940-43-Competition-smooth-man-3-5mm.jpg\",\"contentUrl\":\"https:\/\/soprasapnea.com\/wp-content\/uploads\/2025\/08\/113910-3-113940-43-Competition-smooth-man-3-5mm.jpg\",\"width\":1500,\"height\":1500},{\"@type\":\"BreadcrumbList\",\"@id\":\"https:\/\/soprasapnea.com\/cs\/shop\/competition-smooth-man-5-mm\/#breadcrumb\",\"itemListElement\":[{\"@type\":\"ListItem\",\"position\":1,\"name\":\"Home\",\"item\":\"https:\/\/soprasapnea.com\/cs\/\"},{\"@type\":\"ListItem\",\"position\":2,\"name\":\"Shop\",\"item\":\"https:\/\/soprasapnea.com\/cs\/shop\/\"},{\"@type\":\"ListItem\",\"position\":3,\"name\":\"Competition smooth man 5 mm\"}]},{\"@type\":\"WebSite\",\"@id\":\"https:\/\/soprasapnea.com\/#website\",\"url\":\"https:\/\/soprasapnea.com\/\",\"name\":\"Sopras Apnea\",\"description\":\"Freediving, spearfishing equipment\",\"potentialAction\":[{\"@type\":\"SearchAction\",\"target\":{\"@type\":\"EntryPoint\",\"urlTemplate\":\"https:\/\/soprasapnea.com\/?s={search_term_string}\"},\"query-input\":{\"@type\":\"PropertyValueSpecification\",\"valueRequired\":true,\"valueName\":\"search_term_string\"}}],\"inLanguage\":\"cs\"}]}<\/script>\n<!-- \/ Yoast SEO plugin. -->","yoast_head_json":{"title":"Competition smooth man 5 mm - Sopras Apnea","robots":{"index":"index","follow":"follow","max-snippet":"max-snippet:-1","max-image-preview":"max-image-preview:large","max-video-preview":"max-video-preview:-1"},"canonical":"https:\/\/soprasapnea.com\/cs\/shop\/competition-smooth-man-5-mm\/","og_locale":"cs_CZ","og_type":"article","og_title":"Competition smooth man 5 mm - Sopras Apnea","og_description":"Competition Smooth is our new top of the line two pieces suit made of super stretch neoprene with smoothskin on the outside and lycra lining on the inside and is available in 3 and 5mm. These are the main characteristics: The inside lycra lining allows easy donning even when dry with no need to use&hellip;&nbsp;\u010c\u00edst d\u00e1le &raquo;Competition smooth man 5 mm","og_url":"https:\/\/soprasapnea.com\/cs\/shop\/competition-smooth-man-5-mm\/","og_site_name":"Sopras Apnea","twitter_card":"summary_large_image","twitter_misc":{"Odhadovan\u00e1 doba \u010dten\u00ed":"1 minuta"},"schema":{"@context":"https:\/\/schema.org","@graph":[{"@type":"WebPage","@id":"https:\/\/soprasapnea.com\/cs\/shop\/competition-smooth-man-5-mm\/","url":"https:\/\/soprasapnea.com\/cs\/shop\/competition-smooth-man-5-mm\/","name":"Competition smooth man 5 mm - Sopras Apnea","isPartOf":{"@id":"https:\/\/soprasapnea.com\/#website"},"primaryImageOfPage":{"@id":"https:\/\/soprasapnea.com\/cs\/shop\/competition-smooth-man-5-mm\/#primaryimage"},"image":{"@id":"https:\/\/soprasapnea.com\/cs\/shop\/competition-smooth-man-5-mm\/#primaryimage"},"thumbnailUrl":"https:\/\/soprasapnea.com\/wp-content\/uploads\/2025\/08\/113910-3-113940-43-Competition-smooth-man-3-5mm.jpg","datePublished":"2025-08-21T12:39:04+00:00","breadcrumb":{"@id":"https:\/\/soprasapnea.com\/cs\/shop\/competition-smooth-man-5-mm\/#breadcrumb"},"inLanguage":"cs","potentialAction":[{"@type":"ReadAction","target":["https:\/\/soprasapnea.com\/cs\/shop\/competition-smooth-man-5-mm\/"]}]},{"@type":"ImageObject","inLanguage":"cs","@id":"https:\/\/soprasapnea.com\/cs\/shop\/competition-smooth-man-5-mm\/#primaryimage","url":"https:\/\/soprasapnea.com\/wp-content\/uploads\/2025\/08\/113910-3-113940-43-Competition-smooth-man-3-5mm.jpg","contentUrl":"https:\/\/soprasapnea.com\/wp-content\/uploads\/2025\/08\/113910-3-113940-43-Competition-smooth-man-3-5mm.jpg","width":1500,"height":1500},{"@type":"BreadcrumbList","@id":"https:\/\/soprasapnea.com\/cs\/shop\/competition-smooth-man-5-mm\/#breadcrumb","itemListElement":[{"@type":"ListItem","position":1,"name":"Home","item":"https:\/\/soprasapnea.com\/cs\/"},{"@type":"ListItem","position":2,"name":"Shop","item":"https:\/\/soprasapnea.com\/cs\/shop\/"},{"@type":"ListItem","position":3,"name":"Competition smooth man 5 mm"}]},{"@type":"WebSite","@id":"https:\/\/soprasapnea.com\/#website","url":"https:\/\/soprasapnea.com\/","name":"Sopras Apnea","description":"Freediving, spearfishing equipment","potentialAction":[{"@type":"SearchAction","target":{"@type":"EntryPoint","urlTemplate":"https:\/\/soprasapnea.com\/?s={search_term_string}"},"query-input":{"@type":"PropertyValueSpecification","valueRequired":true,"valueName":"search_term_string"}}],"inLanguage":"cs"}]}},"uagb_featured_image_src":{"full":["https:\/\/soprasapnea.com\/wp-content\/uploads\/2025\/08\/113910-3-113940-43-Competition-smooth-man-3-5mm.jpg",1500,1500,false],"thumbnail":["https:\/\/soprasapnea.com\/wp-content\/uploads\/2025\/08\/113910-3-113940-43-Competition-smooth-man-3-5mm-150x150.jpg",150,150,true],"medium":["https:\/\/soprasapnea.com\/wp-content\/uploads\/2025\/08\/113910-3-113940-43-Competition-smooth-man-3-5mm-300x300.jpg",300,300,true],"medium_large":["https:\/\/soprasapnea.com\/wp-content\/uploads\/2025\/08\/113910-3-113940-43-Competition-smooth-man-3-5mm-768x768.jpg",768,768,true],"large":["https:\/\/soprasapnea.com\/wp-content\/uploads\/2025\/08\/113910-3-113940-43-Competition-smooth-man-3-5mm-1024x1024.jpg",1024,1024,true],"1536x1536":["https:\/\/soprasapnea.com\/wp-content\/uploads\/2025\/08\/113910-3-113940-43-Competition-smooth-man-3-5mm.jpg",1500,1500,false],"2048x2048":["https:\/\/soprasapnea.com\/wp-content\/uploads\/2025\/08\/113910-3-113940-43-Competition-smooth-man-3-5mm.jpg",1500,1500,false],"neve-blog":["https:\/\/soprasapnea.com\/wp-content\/uploads\/2025\/08\/113910-3-113940-43-Competition-smooth-man-3-5mm-930x620.jpg",930,620,true],"mailpoet_newsletter_max":["https:\/\/soprasapnea.com\/wp-content\/uploads\/2025\/08\/113910-3-113940-43-Competition-smooth-man-3-5mm-1320x1320.jpg",1320,1320,true],"woocommerce_thumbnail":["https:\/\/soprasapnea.com\/wp-content\/uploads\/2025\/08\/113910-3-113940-43-Competition-smooth-man-3-5mm-300x300.jpg",300,300,true],"woocommerce_single":["https:\/\/soprasapnea.com\/wp-content\/uploads\/2025\/08\/113910-3-113940-43-Competition-smooth-man-3-5mm-600x600.jpg",600,600,true],"woocommerce_gallery_thumbnail":["https:\/\/soprasapnea.com\/wp-content\/uploads\/2025\/08\/113910-3-113940-43-Competition-smooth-man-3-5mm-100x100.jpg",100,100,true]},"uagb_author_info":{"display_name":"Michaela Sobkova","author_link":"https:\/\/soprasapnea.com\/cs\/author\/"},"uagb_comment_info":0,"uagb_excerpt":"Competition Smooth is our new top of the line two pieces suit made of super stretch neoprene with smoothskin on the outside and lycra lining on the inside and is available in 3 and 5mm. These are the main characteristics: The inside lycra lining allows easy donning even when dry with no need to use&hellip;&nbsp;\u010c\u00edst&hellip;","_links":{"self":[{"href":"https:\/\/soprasapnea.com\/cs\/wp-json\/wp\/v2\/product\/13028","targetHints":{"allow":["GET"]}}],"collection":[{"href":"https:\/\/soprasapnea.com\/cs\/wp-json\/wp\/v2\/product"}],"about":[{"href":"https:\/\/soprasapnea.com\/cs\/wp-json\/wp\/v2\/types\/product"}],"replies":[{"embeddable":true,"href":"https:\/\/soprasapnea.com\/cs\/wp-json\/wp\/v2\/comments?post=13028"}],"wp:featuredmedia":[{"embeddable":true,"href":"https:\/\/soprasapnea.com\/cs\/wp-json\/wp\/v2\/media\/11873"}],"wp:attachment":[{"href":"https:\/\/soprasapnea.com\/cs\/wp-json\/wp\/v2\/media?parent=13028"}],"wp:term":[{"taxonomy":"product_brand","embeddable":true,"href":"https:\/\/soprasapnea.com\/cs\/wp-json\/wp\/v2\/product_brand?post=13028"},{"taxonomy":"product_cat","embeddable":true,"href":"https:\/\/soprasapnea.com\/cs\/wp-json\/wp\/v2\/product_cat?post=13028"},{"taxonomy":"product_tag","embeddable":true,"href":"https:\/\/soprasapnea.com\/cs\/wp-json\/wp\/v2\/product_tag?post=13028"}],"curies":[{"name":"wp","href":"https:\/\/api.w.org\/{rel}","templated":true}]}}