{"id":13069,"date":"2025-02-10T10:22:08","date_gmt":"2025-02-10T09:22:08","guid":{"rendered":"https:\/\/soprasapnea.com\/shop\/db-01\/"},"modified":"2025-02-10T10:22:08","modified_gmt":"2025-02-10T09:22:08","slug":"db-01","status":"publish","type":"product","link":"https:\/\/soprasapnea.com\/cs\/shop\/db-01\/","title":{"rendered":"DB-01"},"content":{"rendered":"<p><strong>DIVEBRAIN model DB-01<\/strong>\u00a0is a dive watch computer suitable for\u00a0<strong>Recreational<\/strong>\u00a0 (with Nitrox up to 100%) and <strong>Technical<\/strong>\u00a0diving (with 5 preset gases including Trimix). <strong>Freedivers<\/strong> will also appreciate it with its complete freediving functions, showing surface interval, last depth, last dive time and stop watch. Alarms can be set in all modes with sound and\/or vibration for depth, dive time and surface interval. The depth rating is 10ATM diveable down to a maximum depth of 100 meters. The Decompression Algorithm is computed using 16 tissue intervals, based on the half-time tissue table of B\u00fchlmann ZH-L16C with gradient factor setting. The user interface is extremely intuitive and easy to use with 5 buttons. The display is large, colourful and very well visible both under the sunlight as well as during night diving or cave diving. The lens is made of Corning Gorilla Glass delivering exceptional scratch resistance. It weighs only 75gr and it is comfortable to wear in your every day life. GPS location is incorporated and everything can be downloaded easily on your Android and Iphone via our app. Easily rechargeable with the plug in with 4 pins. The user manual is available for download at the end of this page \u2013 Please read it well and all before starting.<\/p>\n<p><strong>Dive Algorithm:<\/strong>\u00a0B\u00fchlmann ZH-L16C with gradient factor<\/p>\n<p><strong>Color Sunlight Readable LCD<\/strong>\u00a0clearly visible under sunlight and dark with automatic backlight<\/p>\n<p><strong>Lens:<\/strong>\u00a0Corning high-end antiscratch Gorilla glass<\/p>\n<p><strong>User interface:\u00a0<\/strong>very intuitive and easy to use with 5 buttons<\/p>\n<p><strong>Screen display size<\/strong>\u00a0<strong>and resolution<\/strong>: 3.1 cm \/ 1.22 inches, 240 x 240\/pixel<\/p>\n<p><strong>Ring Material:<\/strong>\u00a0Fiber-reinforced polymer<\/p>\n<p><strong>Dive modes:<\/strong><\/p>\n<p>REC Scuba diving, Free diving, TEC diving, Instrument diving (Gauge mode), Dive planning, Diving navigation<\/p>\n<p><strong>Gas support:<\/strong>\u00a0Air, Nitrox (EAN 21 ~ 99%), multi-gas and TRIMIX (5 mixes can be preset for DECO, BOTTOM, TRAVEL gases with possibility to set a different PO2 for each)<\/p>\n<p><strong>Planning preparation and log:<\/strong><\/p>\n<p>Built-in 9000+ dive sites around the world<\/p>\n<p>Can Log 1000+ dives<\/p>\n<p><strong>Depth rating:<\/strong>\u00a010 ATM (100m\/330ft)<\/p>\n<p><strong>Battery type and life:\u00a0<\/strong>Rechargeable (the recharger with mini USB cable is included)<\/p>\n<p>Dive mode up to 25 dives (average dive of 45mins)<br \/>\nUp to 14 days in standby mode<\/p>\n<p>300+ Charge Cycle<\/p>\n<p><strong>GPS and Electronic compass\u00a0<\/strong>for dive navigation and planning<\/p>\n<p><strong>DIVE SAFETY ALERT:\u00a0<\/strong>3 depth and 3 time presattable alarms (with sound and\/or vibration) for SCUBA, TEC and FREEDIVING modes<\/p>\n<p><strong>Exterior color:\u00a0<\/strong>Black\/red<\/p>\n<p><strong>Weight:\u00a0<\/strong>75g<\/p>\n<p><strong>Strap \u00a0\u2013\u00a0<\/strong>1 set of Nylon Webbing strap with quick release<\/p>\n<p><strong>Special Settings<\/strong>: Altitude diving, sea\/sweet water diving<\/p>\n<p><strong>Warranty period \u2013\u00a0<\/strong>Global warranty 1 year<\/p>\n<p><strong>Exclusive APP:\u00a0DiveStory PRO<\/strong>\u00a0for both Android and Iphone<\/p>\n<p>Once the APP is installed you have to connect it via BT and see all the logged dives, with info about location, dive chart with depth and temperature and where you can add dive site pictures<\/p>\n<p>Download and READ the manual here <a href=\"https:\/\/soprasapnea.com\/wp-content\/uploads\/2025\/02\/DIVEBRAIN-User-Manual_EN.pdf\">https:\/\/soprasapnea.com\/wp-content\/uploads\/2025\/02\/DIVEBRAIN-User-Manual_EN.pdf<\/a><\/p>\n<p>You can also check our videos on youtube:<\/p>\n<p><a href=\"https:\/\/youtube.com\/shorts\/m_g4fteDkjk\">https:\/\/youtube.com\/shorts\/m_g4fteDkjk<\/a><\/p>\n<p><a href=\"https:\/\/youtube.com\/shorts\/2F-tOWJOI6o\">https:\/\/youtube.com\/shorts\/2F-tOWJOI6o<\/a><\/p>\n<p><strong>TROUBLESHOOTING:<\/strong><\/p>\n<p><strong>It shows NO DIVING , why and what do I have to do?<\/strong><\/p>\n<p>After diving in Gauge mode or if you do not respect the recommended stops it will give you the message NO DIVING. If you know what you&#8217;re doing you can just clear the tissues and dive. Watch the video: <a href=\"https:\/\/youtube.com\/shorts\/DSv3yAmNw5s?si=_u402HuewPV5JuPq\">https:\/\/youtube.com\/shorts\/DSv3yAmNw5s?feature=share<\/a><\/p>\n<p><strong>During the dive the screen is changing by itself? Why?<\/strong><\/p>\n<p>Probably you are twisting your wrist when this happens, right? This function is ON by default and allows changing screens during your dive by just twisting your wrist instead of pressing the up and down buttons. If it annoys you, turn it off! This function is not available in TEC mode, where it would represent a problem for most&#8230;<\/p>\n<p><strong>During the dive in Tec mode I have problems swithing gases, how to do it?<\/strong><\/p>\n<p>Make sure you were really in Tec mode and not in Scuba mode!<\/p>\n<p>Once you arrived at the required depth you can switch gases pressing the up\/down buttons until you arrive to the switch gas mode, which you select and then you select one of the pre-set gases. Watch the video: <a href=\"https:\/\/youtube.com\/shorts\/g4rZzK1gC5I?si=BIqgz-dy8xFb4_uy\">https:\/\/youtube.com\/shorts\/g4rZzK1gC5I?feature=share<\/a><\/p>\n<p><strong>I started as Free dive but then it switched to Scuba (recreational) by itself, why?<\/strong><\/p>\n<p>The Automode is set to Scuba by default. You should change the automode, so it will start automatically with freedive (or tec dive or gauge) at the pre-set depth (1 to 3m). Also we advise to start the recording of the dive at a deeper depth than just 1m to prevent having 100 logged dives in one session on a choppy day :-). Watch the video: h<a href=\"https:\/\/youtube.com\/shorts\/TfxGx7r-K7o?si=GxK6xsElFNU36ma1\">ttps:\/\/youtube.com\/shorts\/TfxGx7r-K7o?feature=share<\/a><\/p>\n<p><strong>The watch seems to be dead, no reaction, not even possible to recharge, what to do?<\/strong><\/p>\n<p>Leave it charge for 20 minutes by making 100% sure the connections are well in place. After 20 minutes make s Forced Shutdown by pressing for 15 seconds the left down button<\/p>\n<p><strong>The compass got stuck, what to do?<\/strong><\/p>\n<p>Make a Forced Shutdown by pressing for 15 seconds the left down button and recalibrate<\/p>\n<p><strong>The GPS positioning is not been recorded, why?<\/strong><\/p>\n<p>Make sure the watch is calibrated before entering the water and if not recalibrate and then start the diving mode, it will find the positioning<\/p>\n","protected":false},"excerpt":{"rendered":"<p>DIVEBRAIN model DB-01\u00a0is a dive watch computer suitable for\u00a0Recreational\u00a0 (with Nitrox up to 100%) and Technical\u00a0diving (with 5 preset gases including Trimix). Freedivers will also appreciate it with its complete freediving functions, showing surface interval, last depth, last dive time and stop watch. Alarms can be set in all modes with sound and\/or vibration for&hellip;&nbsp;<a href=\"https:\/\/soprasapnea.com\/cs\/shop\/db-01\/\" rel=\"bookmark\">\u010c\u00edst d\u00e1le &raquo;<span class=\"screen-reader-text\">DB-01<\/span><\/a><\/p>\n","protected":false},"featured_media":11645,"comment_status":"open","ping_status":"closed","template":"","meta":{"_acf_changed":false,"_uag_custom_page_level_css":"","neve_meta_sidebar":"","neve_meta_container":"","neve_meta_enable_content_width":"off","neve_meta_content_width":100,"neve_meta_title_alignment":"","neve_meta_author_avatar":"","neve_post_elements_order":"","neve_meta_disable_header":"","neve_meta_disable_footer":"","neve_meta_disable_title":""},"product_brand":[],"product_cat":[569],"product_tag":[589],"class_list":{"0":"post-13069","1":"product","2":"type-product","3":"status-publish","4":"has-post-thumbnail","6":"product_cat-potapecky-pocitac","7":"product_tag-new-cs","9":"first","10":"instock","11":"taxable","12":"shipping-taxable","13":"purchasable","14":"product-type-simple"},"acf":[],"yoast_head":"<!-- This site is optimized with the Yoast SEO plugin v27.2 - https:\/\/yoast.com\/product\/yoast-seo-wordpress\/ -->\n<title>DB-01 - Sopras Apnea<\/title>\n<meta name=\"robots\" content=\"index, follow, max-snippet:-1, max-image-preview:large, max-video-preview:-1\" \/>\n<link rel=\"canonical\" href=\"https:\/\/soprasapnea.com\/cs\/shop\/db-01\/\" \/>\n<meta property=\"og:locale\" content=\"cs_CZ\" \/>\n<meta property=\"og:type\" content=\"article\" \/>\n<meta property=\"og:title\" content=\"DB-01 - Sopras Apnea\" \/>\n<meta property=\"og:description\" content=\"DIVEBRAIN model DB-01\u00a0is a dive watch computer suitable for\u00a0Recreational\u00a0 (with Nitrox up to 100%) and Technical\u00a0diving (with 5 preset gases including Trimix). Freedivers will also appreciate it with its complete freediving functions, showing surface interval, last depth, last dive time and stop watch. Alarms can be set in all modes with sound and\/or vibration for&hellip;&nbsp;\u010c\u00edst d\u00e1le &raquo;DB-01\" \/>\n<meta property=\"og:url\" content=\"https:\/\/soprasapnea.com\/cs\/shop\/db-01\/\" \/>\n<meta property=\"og:site_name\" content=\"Sopras Apnea\" \/>\n<meta name=\"twitter:card\" content=\"summary_large_image\" \/>\n<meta name=\"twitter:label1\" content=\"Odhadovan\u00e1 doba \u010dten\u00ed\" \/>\n\t<meta name=\"twitter:data1\" content=\"4 minuty\" \/>\n<script type=\"application\/ld+json\" class=\"yoast-schema-graph\">{\"@context\":\"https:\/\/schema.org\",\"@graph\":[{\"@type\":\"WebPage\",\"@id\":\"https:\/\/soprasapnea.com\/cs\/shop\/db-01\/\",\"url\":\"https:\/\/soprasapnea.com\/cs\/shop\/db-01\/\",\"name\":\"DB-01 - Sopras Apnea\",\"isPartOf\":{\"@id\":\"https:\/\/soprasapnea.com\/#website\"},\"primaryImageOfPage\":{\"@id\":\"https:\/\/soprasapnea.com\/cs\/shop\/db-01\/#primaryimage\"},\"image\":{\"@id\":\"https:\/\/soprasapnea.com\/cs\/shop\/db-01\/#primaryimage\"},\"thumbnailUrl\":\"https:\/\/soprasapnea.com\/wp-content\/uploads\/2025\/02\/Dive-Brain_DB01-1.jpg\",\"datePublished\":\"2025-02-10T09:22:08+00:00\",\"breadcrumb\":{\"@id\":\"https:\/\/soprasapnea.com\/cs\/shop\/db-01\/#breadcrumb\"},\"inLanguage\":\"cs\",\"potentialAction\":[{\"@type\":\"ReadAction\",\"target\":[\"https:\/\/soprasapnea.com\/cs\/shop\/db-01\/\"]}]},{\"@type\":\"ImageObject\",\"inLanguage\":\"cs\",\"@id\":\"https:\/\/soprasapnea.com\/cs\/shop\/db-01\/#primaryimage\",\"url\":\"https:\/\/soprasapnea.com\/wp-content\/uploads\/2025\/02\/Dive-Brain_DB01-1.jpg\",\"contentUrl\":\"https:\/\/soprasapnea.com\/wp-content\/uploads\/2025\/02\/Dive-Brain_DB01-1.jpg\",\"width\":1499,\"height\":1500},{\"@type\":\"BreadcrumbList\",\"@id\":\"https:\/\/soprasapnea.com\/cs\/shop\/db-01\/#breadcrumb\",\"itemListElement\":[{\"@type\":\"ListItem\",\"position\":1,\"name\":\"Home\",\"item\":\"https:\/\/soprasapnea.com\/cs\/\"},{\"@type\":\"ListItem\",\"position\":2,\"name\":\"Shop\",\"item\":\"https:\/\/soprasapnea.com\/cs\/shop\/\"},{\"@type\":\"ListItem\",\"position\":3,\"name\":\"DB-01\"}]},{\"@type\":\"WebSite\",\"@id\":\"https:\/\/soprasapnea.com\/#website\",\"url\":\"https:\/\/soprasapnea.com\/\",\"name\":\"Sopras Apnea\",\"description\":\"Freediving, spearfishing equipment\",\"potentialAction\":[{\"@type\":\"SearchAction\",\"target\":{\"@type\":\"EntryPoint\",\"urlTemplate\":\"https:\/\/soprasapnea.com\/?s={search_term_string}\"},\"query-input\":{\"@type\":\"PropertyValueSpecification\",\"valueRequired\":true,\"valueName\":\"search_term_string\"}}],\"inLanguage\":\"cs\"}]}<\/script>\n<!-- \/ Yoast SEO plugin. -->","yoast_head_json":{"title":"DB-01 - Sopras Apnea","robots":{"index":"index","follow":"follow","max-snippet":"max-snippet:-1","max-image-preview":"max-image-preview:large","max-video-preview":"max-video-preview:-1"},"canonical":"https:\/\/soprasapnea.com\/cs\/shop\/db-01\/","og_locale":"cs_CZ","og_type":"article","og_title":"DB-01 - Sopras Apnea","og_description":"DIVEBRAIN model DB-01\u00a0is a dive watch computer suitable for\u00a0Recreational\u00a0 (with Nitrox up to 100%) and Technical\u00a0diving (with 5 preset gases including Trimix). Freedivers will also appreciate it with its complete freediving functions, showing surface interval, last depth, last dive time and stop watch. Alarms can be set in all modes with sound and\/or vibration for&hellip;&nbsp;\u010c\u00edst d\u00e1le &raquo;DB-01","og_url":"https:\/\/soprasapnea.com\/cs\/shop\/db-01\/","og_site_name":"Sopras Apnea","twitter_card":"summary_large_image","twitter_misc":{"Odhadovan\u00e1 doba \u010dten\u00ed":"4 minuty"},"schema":{"@context":"https:\/\/schema.org","@graph":[{"@type":"WebPage","@id":"https:\/\/soprasapnea.com\/cs\/shop\/db-01\/","url":"https:\/\/soprasapnea.com\/cs\/shop\/db-01\/","name":"DB-01 - Sopras Apnea","isPartOf":{"@id":"https:\/\/soprasapnea.com\/#website"},"primaryImageOfPage":{"@id":"https:\/\/soprasapnea.com\/cs\/shop\/db-01\/#primaryimage"},"image":{"@id":"https:\/\/soprasapnea.com\/cs\/shop\/db-01\/#primaryimage"},"thumbnailUrl":"https:\/\/soprasapnea.com\/wp-content\/uploads\/2025\/02\/Dive-Brain_DB01-1.jpg","datePublished":"2025-02-10T09:22:08+00:00","breadcrumb":{"@id":"https:\/\/soprasapnea.com\/cs\/shop\/db-01\/#breadcrumb"},"inLanguage":"cs","potentialAction":[{"@type":"ReadAction","target":["https:\/\/soprasapnea.com\/cs\/shop\/db-01\/"]}]},{"@type":"ImageObject","inLanguage":"cs","@id":"https:\/\/soprasapnea.com\/cs\/shop\/db-01\/#primaryimage","url":"https:\/\/soprasapnea.com\/wp-content\/uploads\/2025\/02\/Dive-Brain_DB01-1.jpg","contentUrl":"https:\/\/soprasapnea.com\/wp-content\/uploads\/2025\/02\/Dive-Brain_DB01-1.jpg","width":1499,"height":1500},{"@type":"BreadcrumbList","@id":"https:\/\/soprasapnea.com\/cs\/shop\/db-01\/#breadcrumb","itemListElement":[{"@type":"ListItem","position":1,"name":"Home","item":"https:\/\/soprasapnea.com\/cs\/"},{"@type":"ListItem","position":2,"name":"Shop","item":"https:\/\/soprasapnea.com\/cs\/shop\/"},{"@type":"ListItem","position":3,"name":"DB-01"}]},{"@type":"WebSite","@id":"https:\/\/soprasapnea.com\/#website","url":"https:\/\/soprasapnea.com\/","name":"Sopras Apnea","description":"Freediving, spearfishing equipment","potentialAction":[{"@type":"SearchAction","target":{"@type":"EntryPoint","urlTemplate":"https:\/\/soprasapnea.com\/?s={search_term_string}"},"query-input":{"@type":"PropertyValueSpecification","valueRequired":true,"valueName":"search_term_string"}}],"inLanguage":"cs"}]}},"uagb_featured_image_src":{"full":["https:\/\/soprasapnea.com\/wp-content\/uploads\/2025\/02\/Dive-Brain_DB01-1.jpg",1499,1500,false],"thumbnail":["https:\/\/soprasapnea.com\/wp-content\/uploads\/2025\/02\/Dive-Brain_DB01-1-150x150.jpg",150,150,true],"medium":["https:\/\/soprasapnea.com\/wp-content\/uploads\/2025\/02\/Dive-Brain_DB01-1-300x300.jpg",300,300,true],"medium_large":["https:\/\/soprasapnea.com\/wp-content\/uploads\/2025\/02\/Dive-Brain_DB01-1-768x769.jpg",768,769,true],"large":["https:\/\/soprasapnea.com\/wp-content\/uploads\/2025\/02\/Dive-Brain_DB01-1-1024x1024.jpg",1024,1024,true],"1536x1536":["https:\/\/soprasapnea.com\/wp-content\/uploads\/2025\/02\/Dive-Brain_DB01-1.jpg",1499,1500,false],"2048x2048":["https:\/\/soprasapnea.com\/wp-content\/uploads\/2025\/02\/Dive-Brain_DB01-1.jpg",1499,1500,false],"neve-blog":["https:\/\/soprasapnea.com\/wp-content\/uploads\/2025\/02\/Dive-Brain_DB01-1-930x620.jpg",930,620,true],"mailpoet_newsletter_max":["https:\/\/soprasapnea.com\/wp-content\/uploads\/2025\/02\/Dive-Brain_DB01-1.jpg",1320,1321,false],"woocommerce_thumbnail":["https:\/\/soprasapnea.com\/wp-content\/uploads\/2025\/02\/Dive-Brain_DB01-1-300x300.jpg",300,300,true],"woocommerce_single":["https:\/\/soprasapnea.com\/wp-content\/uploads\/2025\/02\/Dive-Brain_DB01-1-600x600.jpg",600,600,true],"woocommerce_gallery_thumbnail":["https:\/\/soprasapnea.com\/wp-content\/uploads\/2025\/02\/Dive-Brain_DB01-1-100x100.jpg",100,100,true]},"uagb_author_info":{"display_name":"Michaela Sobkova","author_link":"https:\/\/soprasapnea.com\/cs\/author\/"},"uagb_comment_info":0,"uagb_excerpt":"DIVEBRAIN model DB-01\u00a0is a dive watch computer suitable for\u00a0Recreational\u00a0 (with Nitrox up to 100%) and Technical\u00a0diving (with 5 preset gases including Trimix). Freedivers will also appreciate it with its complete freediving functions, showing surface interval, last depth, last dive time and stop watch. Alarms can be set in all modes with sound and\/or vibration for&hellip;&nbsp;\u010c\u00edst&hellip;","_links":{"self":[{"href":"https:\/\/soprasapnea.com\/cs\/wp-json\/wp\/v2\/product\/13069","targetHints":{"allow":["GET"]}}],"collection":[{"href":"https:\/\/soprasapnea.com\/cs\/wp-json\/wp\/v2\/product"}],"about":[{"href":"https:\/\/soprasapnea.com\/cs\/wp-json\/wp\/v2\/types\/product"}],"replies":[{"embeddable":true,"href":"https:\/\/soprasapnea.com\/cs\/wp-json\/wp\/v2\/comments?post=13069"}],"wp:featuredmedia":[{"embeddable":true,"href":"https:\/\/soprasapnea.com\/cs\/wp-json\/wp\/v2\/media\/11645"}],"wp:attachment":[{"href":"https:\/\/soprasapnea.com\/cs\/wp-json\/wp\/v2\/media?parent=13069"}],"wp:term":[{"taxonomy":"product_brand","embeddable":true,"href":"https:\/\/soprasapnea.com\/cs\/wp-json\/wp\/v2\/product_brand?post=13069"},{"taxonomy":"product_cat","embeddable":true,"href":"https:\/\/soprasapnea.com\/cs\/wp-json\/wp\/v2\/product_cat?post=13069"},{"taxonomy":"product_tag","embeddable":true,"href":"https:\/\/soprasapnea.com\/cs\/wp-json\/wp\/v2\/product_tag?post=13069"}],"curies":[{"name":"wp","href":"https:\/\/api.w.org\/{rel}","templated":true}]}}