{"id":13079,"date":"2024-10-14T08:51:41","date_gmt":"2024-10-14T07:51:41","guid":{"rendered":"https:\/\/soprasapnea.com\/shop\/carbon-fins-detach\/"},"modified":"2024-10-14T08:51:41","modified_gmt":"2024-10-14T07:51:41","slug":"carbon-fins-detach","status":"publish","type":"product","link":"https:\/\/soprasapnea.com\/cs\/shop\/carbon-fins-detach\/","title":{"rendered":"Carbon Fins detach"},"content":{"rendered":"<p>New revolutionary design of these carbon blade fins with detachable foot pocket.<\/p>\n<p>Turn the lever to \u201copen\u201d and you can easily detach the blade from the pocket and store it in your luggage.<\/p>\n<p>Pockets are available in sizes 36 up to 45 and the blade has one size. There are three different hardnesses for the blades that can be soft (20), medium (25), harder (30).<\/p>\n","protected":false},"excerpt":{"rendered":"<p>New revolutionary design of these carbon blade fins with detachable foot pocket. Turn the lever to \u201copen\u201d and you can easily detach the blade from the pocket and store it in your luggage. Pockets are available in sizes 36 up to 45 and the blade has one size. There are three different hardnesses for the&hellip;&nbsp;<a href=\"https:\/\/soprasapnea.com\/cs\/shop\/carbon-fins-detach\/\" rel=\"bookmark\">\u010c\u00edst d\u00e1le &raquo;<span class=\"screen-reader-text\">Carbon Fins detach<\/span><\/a><\/p>\n","protected":false},"featured_media":11434,"comment_status":"open","ping_status":"closed","template":"","meta":{"_acf_changed":false,"_uag_custom_page_level_css":"","neve_meta_sidebar":"","neve_meta_container":"","neve_meta_enable_content_width":"off","neve_meta_content_width":100,"neve_meta_title_alignment":"","neve_meta_author_avatar":"","neve_post_elements_order":"","neve_meta_disable_header":"","neve_meta_disable_footer":"","neve_meta_disable_title":""},"product_brand":[],"product_cat":[480],"product_tag":[589],"class_list":{"0":"post-13079","1":"product","2":"type-product","3":"status-publish","4":"has-post-thumbnail","6":"product_cat-freedivingove-ploutve","7":"product_tag-new-cs","9":"first","10":"instock","11":"taxable","12":"shipping-taxable","13":"purchasable","14":"product-type-variable"},"acf":[],"yoast_head":"<!-- This site is optimized with the Yoast SEO plugin v27.2 - https:\/\/yoast.com\/product\/yoast-seo-wordpress\/ -->\n<title>Carbon Fins detach - Sopras Apnea<\/title>\n<meta name=\"robots\" content=\"index, follow, max-snippet:-1, max-image-preview:large, max-video-preview:-1\" \/>\n<link rel=\"canonical\" href=\"https:\/\/soprasapnea.com\/cs\/shop\/carbon-fins-detach\/\" \/>\n<meta property=\"og:locale\" content=\"cs_CZ\" \/>\n<meta property=\"og:type\" content=\"article\" \/>\n<meta property=\"og:title\" content=\"Carbon Fins detach - Sopras Apnea\" \/>\n<meta property=\"og:description\" content=\"New revolutionary design of these carbon blade fins with detachable foot pocket. Turn the lever to \u201copen\u201d and you can easily detach the blade from the pocket and store it in your luggage. Pockets are available in sizes 36 up to 45 and the blade has one size. There are three different hardnesses for the&hellip;&nbsp;\u010c\u00edst d\u00e1le &raquo;Carbon Fins detach\" \/>\n<meta property=\"og:url\" content=\"https:\/\/soprasapnea.com\/cs\/shop\/carbon-fins-detach\/\" \/>\n<meta property=\"og:site_name\" content=\"Sopras Apnea\" \/>\n<meta name=\"twitter:card\" content=\"summary_large_image\" \/>\n<script type=\"application\/ld+json\" class=\"yoast-schema-graph\">{\"@context\":\"https:\/\/schema.org\",\"@graph\":[{\"@type\":\"WebPage\",\"@id\":\"https:\/\/soprasapnea.com\/cs\/shop\/carbon-fins-detach\/\",\"url\":\"https:\/\/soprasapnea.com\/cs\/shop\/carbon-fins-detach\/\",\"name\":\"Carbon Fins detach - Sopras Apnea\",\"isPartOf\":{\"@id\":\"https:\/\/soprasapnea.com\/#website\"},\"primaryImageOfPage\":{\"@id\":\"https:\/\/soprasapnea.com\/cs\/shop\/carbon-fins-detach\/#primaryimage\"},\"image\":{\"@id\":\"https:\/\/soprasapnea.com\/cs\/shop\/carbon-fins-detach\/#primaryimage\"},\"thumbnailUrl\":\"https:\/\/soprasapnea.com\/wp-content\/uploads\/2024\/10\/416568-1500x1500-1.jpg\",\"datePublished\":\"2024-10-14T07:51:41+00:00\",\"breadcrumb\":{\"@id\":\"https:\/\/soprasapnea.com\/cs\/shop\/carbon-fins-detach\/#breadcrumb\"},\"inLanguage\":\"cs\",\"potentialAction\":[{\"@type\":\"ReadAction\",\"target\":[\"https:\/\/soprasapnea.com\/cs\/shop\/carbon-fins-detach\/\"]}]},{\"@type\":\"ImageObject\",\"inLanguage\":\"cs\",\"@id\":\"https:\/\/soprasapnea.com\/cs\/shop\/carbon-fins-detach\/#primaryimage\",\"url\":\"https:\/\/soprasapnea.com\/wp-content\/uploads\/2024\/10\/416568-1500x1500-1.jpg\",\"contentUrl\":\"https:\/\/soprasapnea.com\/wp-content\/uploads\/2024\/10\/416568-1500x1500-1.jpg\",\"width\":1500,\"height\":1500},{\"@type\":\"BreadcrumbList\",\"@id\":\"https:\/\/soprasapnea.com\/cs\/shop\/carbon-fins-detach\/#breadcrumb\",\"itemListElement\":[{\"@type\":\"ListItem\",\"position\":1,\"name\":\"Home\",\"item\":\"https:\/\/soprasapnea.com\/cs\/\"},{\"@type\":\"ListItem\",\"position\":2,\"name\":\"Shop\",\"item\":\"https:\/\/soprasapnea.com\/cs\/shop\/\"},{\"@type\":\"ListItem\",\"position\":3,\"name\":\"Carbon Fins detach\"}]},{\"@type\":\"WebSite\",\"@id\":\"https:\/\/soprasapnea.com\/#website\",\"url\":\"https:\/\/soprasapnea.com\/\",\"name\":\"Sopras Apnea\",\"description\":\"Freediving, spearfishing equipment\",\"potentialAction\":[{\"@type\":\"SearchAction\",\"target\":{\"@type\":\"EntryPoint\",\"urlTemplate\":\"https:\/\/soprasapnea.com\/?s={search_term_string}\"},\"query-input\":{\"@type\":\"PropertyValueSpecification\",\"valueRequired\":true,\"valueName\":\"search_term_string\"}}],\"inLanguage\":\"cs\"}]}<\/script>\n<!-- \/ Yoast SEO plugin. -->","yoast_head_json":{"title":"Carbon Fins detach - Sopras Apnea","robots":{"index":"index","follow":"follow","max-snippet":"max-snippet:-1","max-image-preview":"max-image-preview:large","max-video-preview":"max-video-preview:-1"},"canonical":"https:\/\/soprasapnea.com\/cs\/shop\/carbon-fins-detach\/","og_locale":"cs_CZ","og_type":"article","og_title":"Carbon Fins detach - Sopras Apnea","og_description":"New revolutionary design of these carbon blade fins with detachable foot pocket. Turn the lever to \u201copen\u201d and you can easily detach the blade from the pocket and store it in your luggage. Pockets are available in sizes 36 up to 45 and the blade has one size. There are three different hardnesses for the&hellip;&nbsp;\u010c\u00edst d\u00e1le &raquo;Carbon Fins detach","og_url":"https:\/\/soprasapnea.com\/cs\/shop\/carbon-fins-detach\/","og_site_name":"Sopras Apnea","twitter_card":"summary_large_image","schema":{"@context":"https:\/\/schema.org","@graph":[{"@type":"WebPage","@id":"https:\/\/soprasapnea.com\/cs\/shop\/carbon-fins-detach\/","url":"https:\/\/soprasapnea.com\/cs\/shop\/carbon-fins-detach\/","name":"Carbon Fins detach - Sopras Apnea","isPartOf":{"@id":"https:\/\/soprasapnea.com\/#website"},"primaryImageOfPage":{"@id":"https:\/\/soprasapnea.com\/cs\/shop\/carbon-fins-detach\/#primaryimage"},"image":{"@id":"https:\/\/soprasapnea.com\/cs\/shop\/carbon-fins-detach\/#primaryimage"},"thumbnailUrl":"https:\/\/soprasapnea.com\/wp-content\/uploads\/2024\/10\/416568-1500x1500-1.jpg","datePublished":"2024-10-14T07:51:41+00:00","breadcrumb":{"@id":"https:\/\/soprasapnea.com\/cs\/shop\/carbon-fins-detach\/#breadcrumb"},"inLanguage":"cs","potentialAction":[{"@type":"ReadAction","target":["https:\/\/soprasapnea.com\/cs\/shop\/carbon-fins-detach\/"]}]},{"@type":"ImageObject","inLanguage":"cs","@id":"https:\/\/soprasapnea.com\/cs\/shop\/carbon-fins-detach\/#primaryimage","url":"https:\/\/soprasapnea.com\/wp-content\/uploads\/2024\/10\/416568-1500x1500-1.jpg","contentUrl":"https:\/\/soprasapnea.com\/wp-content\/uploads\/2024\/10\/416568-1500x1500-1.jpg","width":1500,"height":1500},{"@type":"BreadcrumbList","@id":"https:\/\/soprasapnea.com\/cs\/shop\/carbon-fins-detach\/#breadcrumb","itemListElement":[{"@type":"ListItem","position":1,"name":"Home","item":"https:\/\/soprasapnea.com\/cs\/"},{"@type":"ListItem","position":2,"name":"Shop","item":"https:\/\/soprasapnea.com\/cs\/shop\/"},{"@type":"ListItem","position":3,"name":"Carbon Fins detach"}]},{"@type":"WebSite","@id":"https:\/\/soprasapnea.com\/#website","url":"https:\/\/soprasapnea.com\/","name":"Sopras Apnea","description":"Freediving, spearfishing equipment","potentialAction":[{"@type":"SearchAction","target":{"@type":"EntryPoint","urlTemplate":"https:\/\/soprasapnea.com\/?s={search_term_string}"},"query-input":{"@type":"PropertyValueSpecification","valueRequired":true,"valueName":"search_term_string"}}],"inLanguage":"cs"}]}},"uagb_featured_image_src":{"full":["https:\/\/soprasapnea.com\/wp-content\/uploads\/2024\/10\/416568-1500x1500-1.jpg",1500,1500,false],"thumbnail":["https:\/\/soprasapnea.com\/wp-content\/uploads\/2024\/10\/416568-1500x1500-1-150x150.jpg",150,150,true],"medium":["https:\/\/soprasapnea.com\/wp-content\/uploads\/2024\/10\/416568-1500x1500-1-300x300.jpg",300,300,true],"medium_large":["https:\/\/soprasapnea.com\/wp-content\/uploads\/2024\/10\/416568-1500x1500-1-768x768.jpg",768,768,true],"large":["https:\/\/soprasapnea.com\/wp-content\/uploads\/2024\/10\/416568-1500x1500-1-1024x1024.jpg",1024,1024,true],"1536x1536":["https:\/\/soprasapnea.com\/wp-content\/uploads\/2024\/10\/416568-1500x1500-1.jpg",1500,1500,false],"2048x2048":["https:\/\/soprasapnea.com\/wp-content\/uploads\/2024\/10\/416568-1500x1500-1.jpg",1500,1500,false],"neve-blog":["https:\/\/soprasapnea.com\/wp-content\/uploads\/2024\/10\/416568-1500x1500-1-930x620.jpg",930,620,true],"mailpoet_newsletter_max":["https:\/\/soprasapnea.com\/wp-content\/uploads\/2024\/10\/416568-1500x1500-1.jpg",1320,1320,false],"woocommerce_thumbnail":["https:\/\/soprasapnea.com\/wp-content\/uploads\/2024\/10\/416568-1500x1500-1-300x300.jpg",300,300,true],"woocommerce_single":["https:\/\/soprasapnea.com\/wp-content\/uploads\/2024\/10\/416568-1500x1500-1-600x600.jpg",600,600,true],"woocommerce_gallery_thumbnail":["https:\/\/soprasapnea.com\/wp-content\/uploads\/2024\/10\/416568-1500x1500-1-100x100.jpg",100,100,true]},"uagb_author_info":{"display_name":"Michaela Sobkova","author_link":"https:\/\/soprasapnea.com\/cs\/author\/"},"uagb_comment_info":0,"uagb_excerpt":"New revolutionary design of these carbon blade fins with detachable foot pocket. Turn the lever to \u201copen\u201d and you can easily detach the blade from the pocket and store it in your luggage. Pockets are available in sizes 36 up to 45 and the blade has one size. There are three different hardnesses for the&hellip;&nbsp;\u010c\u00edst&hellip;","_links":{"self":[{"href":"https:\/\/soprasapnea.com\/cs\/wp-json\/wp\/v2\/product\/13079","targetHints":{"allow":["GET"]}}],"collection":[{"href":"https:\/\/soprasapnea.com\/cs\/wp-json\/wp\/v2\/product"}],"about":[{"href":"https:\/\/soprasapnea.com\/cs\/wp-json\/wp\/v2\/types\/product"}],"replies":[{"embeddable":true,"href":"https:\/\/soprasapnea.com\/cs\/wp-json\/wp\/v2\/comments?post=13079"}],"wp:featuredmedia":[{"embeddable":true,"href":"https:\/\/soprasapnea.com\/cs\/wp-json\/wp\/v2\/media\/11434"}],"wp:attachment":[{"href":"https:\/\/soprasapnea.com\/cs\/wp-json\/wp\/v2\/media?parent=13079"}],"wp:term":[{"taxonomy":"product_brand","embeddable":true,"href":"https:\/\/soprasapnea.com\/cs\/wp-json\/wp\/v2\/product_brand?post=13079"},{"taxonomy":"product_cat","embeddable":true,"href":"https:\/\/soprasapnea.com\/cs\/wp-json\/wp\/v2\/product_cat?post=13079"},{"taxonomy":"product_tag","embeddable":true,"href":"https:\/\/soprasapnea.com\/cs\/wp-json\/wp\/v2\/product_tag?post=13079"}],"curies":[{"name":"wp","href":"https:\/\/api.w.org\/{rel}","templated":true}]}}