{"id":13103,"date":"2023-07-12T13:00:01","date_gmt":"2023-07-12T12:00:01","guid":{"rendered":"https:\/\/soprasapnea.com\/shop\/dive-center-freediving-buoy\/"},"modified":"2023-07-12T13:00:01","modified_gmt":"2023-07-12T12:00:01","slug":"dive-center-freediving-buoy","status":"publish","type":"product","link":"https:\/\/soprasapnea.com\/cs\/shop\/dive-center-freediving-buoy\/","title":{"rendered":"DIVE CENTER freediving buoy red"},"content":{"rendered":"<p>More handles (also on the upper part of the buoy) for a safer recovery breathing and double D-rings at the bottom for hanging the rope. The inside truck tyre allows better stability and floatability and its ideal for those who don\u2019t need to deflate the buoy after each dive session\u2026In order to inflate it, you will just need a normal bycicle pump. Red colour<\/p>\n","protected":false},"excerpt":{"rendered":"<p>More handles (also on the upper part of the buoy) for a safer recovery breathing and double D-rings at the bottom for hanging the rope. The inside truck tyre allows better stability and floatability and its ideal for those who don\u2019t need to deflate the buoy after each dive session\u2026In order to inflate it, you&hellip;&nbsp;<a href=\"https:\/\/soprasapnea.com\/cs\/shop\/dive-center-freediving-buoy\/\" rel=\"bookmark\">\u010c\u00edst d\u00e1le &raquo;<span class=\"screen-reader-text\">DIVE CENTER freediving buoy red<\/span><\/a><\/p>\n","protected":false},"featured_media":12447,"comment_status":"open","ping_status":"closed","template":"","meta":{"_acf_changed":false,"_uag_custom_page_level_css":"","neve_meta_sidebar":"","neve_meta_container":"","neve_meta_enable_content_width":"off","neve_meta_content_width":100,"neve_meta_title_alignment":"","neve_meta_author_avatar":"","neve_post_elements_order":"","neve_meta_disable_header":"","neve_meta_disable_footer":"","neve_meta_disable_title":""},"product_brand":[],"product_cat":[478],"product_tag":[],"class_list":{"0":"post-13103","1":"product","2":"type-product","3":"status-publish","4":"has-post-thumbnail","6":"product_cat-hladinove-bojky","8":"first","9":"instock","10":"taxable","11":"shipping-taxable","12":"purchasable","13":"product-type-simple"},"acf":[],"yoast_head":"<!-- This site is optimized with the Yoast SEO plugin v27.2 - https:\/\/yoast.com\/product\/yoast-seo-wordpress\/ -->\n<title>DIVE CENTER freediving buoy red - Sopras Apnea<\/title>\n<meta name=\"robots\" content=\"index, follow, max-snippet:-1, max-image-preview:large, max-video-preview:-1\" \/>\n<link rel=\"canonical\" href=\"https:\/\/soprasapnea.com\/cs\/shop\/dive-center-freediving-buoy\/\" \/>\n<meta property=\"og:locale\" content=\"cs_CZ\" \/>\n<meta property=\"og:type\" content=\"article\" \/>\n<meta property=\"og:title\" content=\"DIVE CENTER freediving buoy red - Sopras Apnea\" \/>\n<meta property=\"og:description\" content=\"More handles (also on the upper part of the buoy) for a safer recovery breathing and double D-rings at the bottom for hanging the rope. The inside truck tyre allows better stability and floatability and its ideal for those who don\u2019t need to deflate the buoy after each dive session\u2026In order to inflate it, you&hellip;&nbsp;\u010c\u00edst d\u00e1le &raquo;DIVE CENTER freediving buoy red\" \/>\n<meta property=\"og:url\" content=\"https:\/\/soprasapnea.com\/cs\/shop\/dive-center-freediving-buoy\/\" \/>\n<meta property=\"og:site_name\" content=\"Sopras Apnea\" \/>\n<meta name=\"twitter:card\" content=\"summary_large_image\" \/>\n<script type=\"application\/ld+json\" class=\"yoast-schema-graph\">{\"@context\":\"https:\/\/schema.org\",\"@graph\":[{\"@type\":\"WebPage\",\"@id\":\"https:\/\/soprasapnea.com\/cs\/shop\/dive-center-freediving-buoy\/\",\"url\":\"https:\/\/soprasapnea.com\/cs\/shop\/dive-center-freediving-buoy\/\",\"name\":\"DIVE CENTER freediving buoy red - Sopras Apnea\",\"isPartOf\":{\"@id\":\"https:\/\/soprasapnea.com\/#website\"},\"primaryImageOfPage\":{\"@id\":\"https:\/\/soprasapnea.com\/cs\/shop\/dive-center-freediving-buoy\/#primaryimage\"},\"image\":{\"@id\":\"https:\/\/soprasapnea.com\/cs\/shop\/dive-center-freediving-buoy\/#primaryimage\"},\"thumbnailUrl\":\"https:\/\/soprasapnea.com\/wp-content\/uploads\/2023\/07\/852555-DIVE-CENTER-freediving-buoy-red-2.jpg\",\"datePublished\":\"2023-07-12T12:00:01+00:00\",\"breadcrumb\":{\"@id\":\"https:\/\/soprasapnea.com\/cs\/shop\/dive-center-freediving-buoy\/#breadcrumb\"},\"inLanguage\":\"cs\",\"potentialAction\":[{\"@type\":\"ReadAction\",\"target\":[\"https:\/\/soprasapnea.com\/cs\/shop\/dive-center-freediving-buoy\/\"]}]},{\"@type\":\"ImageObject\",\"inLanguage\":\"cs\",\"@id\":\"https:\/\/soprasapnea.com\/cs\/shop\/dive-center-freediving-buoy\/#primaryimage\",\"url\":\"https:\/\/soprasapnea.com\/wp-content\/uploads\/2023\/07\/852555-DIVE-CENTER-freediving-buoy-red-2.jpg\",\"contentUrl\":\"https:\/\/soprasapnea.com\/wp-content\/uploads\/2023\/07\/852555-DIVE-CENTER-freediving-buoy-red-2.jpg\",\"width\":1470,\"height\":1470},{\"@type\":\"BreadcrumbList\",\"@id\":\"https:\/\/soprasapnea.com\/cs\/shop\/dive-center-freediving-buoy\/#breadcrumb\",\"itemListElement\":[{\"@type\":\"ListItem\",\"position\":1,\"name\":\"Home\",\"item\":\"https:\/\/soprasapnea.com\/cs\/\"},{\"@type\":\"ListItem\",\"position\":2,\"name\":\"Shop\",\"item\":\"https:\/\/soprasapnea.com\/cs\/shop\/\"},{\"@type\":\"ListItem\",\"position\":3,\"name\":\"DIVE CENTER freediving buoy red\"}]},{\"@type\":\"WebSite\",\"@id\":\"https:\/\/soprasapnea.com\/#website\",\"url\":\"https:\/\/soprasapnea.com\/\",\"name\":\"Sopras Apnea\",\"description\":\"Freediving, spearfishing equipment\",\"potentialAction\":[{\"@type\":\"SearchAction\",\"target\":{\"@type\":\"EntryPoint\",\"urlTemplate\":\"https:\/\/soprasapnea.com\/?s={search_term_string}\"},\"query-input\":{\"@type\":\"PropertyValueSpecification\",\"valueRequired\":true,\"valueName\":\"search_term_string\"}}],\"inLanguage\":\"cs\"}]}<\/script>\n<!-- \/ Yoast SEO plugin. -->","yoast_head_json":{"title":"DIVE CENTER freediving buoy red - Sopras Apnea","robots":{"index":"index","follow":"follow","max-snippet":"max-snippet:-1","max-image-preview":"max-image-preview:large","max-video-preview":"max-video-preview:-1"},"canonical":"https:\/\/soprasapnea.com\/cs\/shop\/dive-center-freediving-buoy\/","og_locale":"cs_CZ","og_type":"article","og_title":"DIVE CENTER freediving buoy red - Sopras Apnea","og_description":"More handles (also on the upper part of the buoy) for a safer recovery breathing and double D-rings at the bottom for hanging the rope. The inside truck tyre allows better stability and floatability and its ideal for those who don\u2019t need to deflate the buoy after each dive session\u2026In order to inflate it, you&hellip;&nbsp;\u010c\u00edst d\u00e1le &raquo;DIVE CENTER freediving buoy red","og_url":"https:\/\/soprasapnea.com\/cs\/shop\/dive-center-freediving-buoy\/","og_site_name":"Sopras Apnea","twitter_card":"summary_large_image","schema":{"@context":"https:\/\/schema.org","@graph":[{"@type":"WebPage","@id":"https:\/\/soprasapnea.com\/cs\/shop\/dive-center-freediving-buoy\/","url":"https:\/\/soprasapnea.com\/cs\/shop\/dive-center-freediving-buoy\/","name":"DIVE CENTER freediving buoy red - Sopras Apnea","isPartOf":{"@id":"https:\/\/soprasapnea.com\/#website"},"primaryImageOfPage":{"@id":"https:\/\/soprasapnea.com\/cs\/shop\/dive-center-freediving-buoy\/#primaryimage"},"image":{"@id":"https:\/\/soprasapnea.com\/cs\/shop\/dive-center-freediving-buoy\/#primaryimage"},"thumbnailUrl":"https:\/\/soprasapnea.com\/wp-content\/uploads\/2023\/07\/852555-DIVE-CENTER-freediving-buoy-red-2.jpg","datePublished":"2023-07-12T12:00:01+00:00","breadcrumb":{"@id":"https:\/\/soprasapnea.com\/cs\/shop\/dive-center-freediving-buoy\/#breadcrumb"},"inLanguage":"cs","potentialAction":[{"@type":"ReadAction","target":["https:\/\/soprasapnea.com\/cs\/shop\/dive-center-freediving-buoy\/"]}]},{"@type":"ImageObject","inLanguage":"cs","@id":"https:\/\/soprasapnea.com\/cs\/shop\/dive-center-freediving-buoy\/#primaryimage","url":"https:\/\/soprasapnea.com\/wp-content\/uploads\/2023\/07\/852555-DIVE-CENTER-freediving-buoy-red-2.jpg","contentUrl":"https:\/\/soprasapnea.com\/wp-content\/uploads\/2023\/07\/852555-DIVE-CENTER-freediving-buoy-red-2.jpg","width":1470,"height":1470},{"@type":"BreadcrumbList","@id":"https:\/\/soprasapnea.com\/cs\/shop\/dive-center-freediving-buoy\/#breadcrumb","itemListElement":[{"@type":"ListItem","position":1,"name":"Home","item":"https:\/\/soprasapnea.com\/cs\/"},{"@type":"ListItem","position":2,"name":"Shop","item":"https:\/\/soprasapnea.com\/cs\/shop\/"},{"@type":"ListItem","position":3,"name":"DIVE CENTER freediving buoy red"}]},{"@type":"WebSite","@id":"https:\/\/soprasapnea.com\/#website","url":"https:\/\/soprasapnea.com\/","name":"Sopras Apnea","description":"Freediving, spearfishing equipment","potentialAction":[{"@type":"SearchAction","target":{"@type":"EntryPoint","urlTemplate":"https:\/\/soprasapnea.com\/?s={search_term_string}"},"query-input":{"@type":"PropertyValueSpecification","valueRequired":true,"valueName":"search_term_string"}}],"inLanguage":"cs"}]}},"uagb_featured_image_src":{"full":["https:\/\/soprasapnea.com\/wp-content\/uploads\/2023\/07\/852555-DIVE-CENTER-freediving-buoy-red-2.jpg",1470,1470,false],"thumbnail":["https:\/\/soprasapnea.com\/wp-content\/uploads\/2023\/07\/852555-DIVE-CENTER-freediving-buoy-red-2-150x150.jpg",150,150,true],"medium":["https:\/\/soprasapnea.com\/wp-content\/uploads\/2023\/07\/852555-DIVE-CENTER-freediving-buoy-red-2-300x300.jpg",300,300,true],"medium_large":["https:\/\/soprasapnea.com\/wp-content\/uploads\/2023\/07\/852555-DIVE-CENTER-freediving-buoy-red-2-768x768.jpg",768,768,true],"large":["https:\/\/soprasapnea.com\/wp-content\/uploads\/2023\/07\/852555-DIVE-CENTER-freediving-buoy-red-2-1024x1024.jpg",1024,1024,true],"1536x1536":["https:\/\/soprasapnea.com\/wp-content\/uploads\/2023\/07\/852555-DIVE-CENTER-freediving-buoy-red-2.jpg",1470,1470,false],"2048x2048":["https:\/\/soprasapnea.com\/wp-content\/uploads\/2023\/07\/852555-DIVE-CENTER-freediving-buoy-red-2.jpg",1470,1470,false],"neve-blog":["https:\/\/soprasapnea.com\/wp-content\/uploads\/2023\/07\/852555-DIVE-CENTER-freediving-buoy-red-2-930x620.jpg",930,620,true],"mailpoet_newsletter_max":["https:\/\/soprasapnea.com\/wp-content\/uploads\/2023\/07\/852555-DIVE-CENTER-freediving-buoy-red-2-1320x1320.jpg",1320,1320,true],"woocommerce_thumbnail":["https:\/\/soprasapnea.com\/wp-content\/uploads\/2023\/07\/852555-DIVE-CENTER-freediving-buoy-red-2-300x300.jpg",300,300,true],"woocommerce_single":["https:\/\/soprasapnea.com\/wp-content\/uploads\/2023\/07\/852555-DIVE-CENTER-freediving-buoy-red-2-600x600.jpg",600,600,true],"woocommerce_gallery_thumbnail":["https:\/\/soprasapnea.com\/wp-content\/uploads\/2023\/07\/852555-DIVE-CENTER-freediving-buoy-red-2-100x100.jpg",100,100,true]},"uagb_author_info":{"display_name":"","author_link":"https:\/\/soprasapnea.com\/cs\/author\/"},"uagb_comment_info":0,"uagb_excerpt":"More handles (also on the upper part of the buoy) for a safer recovery breathing and double D-rings at the bottom for hanging the rope. The inside truck tyre allows better stability and floatability and its ideal for those who don\u2019t need to deflate the buoy after each dive session\u2026In order to inflate it, you&hellip;&nbsp;\u010c\u00edst&hellip;","_links":{"self":[{"href":"https:\/\/soprasapnea.com\/cs\/wp-json\/wp\/v2\/product\/13103","targetHints":{"allow":["GET"]}}],"collection":[{"href":"https:\/\/soprasapnea.com\/cs\/wp-json\/wp\/v2\/product"}],"about":[{"href":"https:\/\/soprasapnea.com\/cs\/wp-json\/wp\/v2\/types\/product"}],"replies":[{"embeddable":true,"href":"https:\/\/soprasapnea.com\/cs\/wp-json\/wp\/v2\/comments?post=13103"}],"wp:featuredmedia":[{"embeddable":true,"href":"https:\/\/soprasapnea.com\/cs\/wp-json\/wp\/v2\/media\/12447"}],"wp:attachment":[{"href":"https:\/\/soprasapnea.com\/cs\/wp-json\/wp\/v2\/media?parent=13103"}],"wp:term":[{"taxonomy":"product_brand","embeddable":true,"href":"https:\/\/soprasapnea.com\/cs\/wp-json\/wp\/v2\/product_brand?post=13103"},{"taxonomy":"product_cat","embeddable":true,"href":"https:\/\/soprasapnea.com\/cs\/wp-json\/wp\/v2\/product_cat?post=13103"},{"taxonomy":"product_tag","embeddable":true,"href":"https:\/\/soprasapnea.com\/cs\/wp-json\/wp\/v2\/product_tag?post=13103"}],"curies":[{"name":"wp","href":"https:\/\/api.w.org\/{rel}","templated":true}]}}