{"id":13146,"date":"2023-03-06T20:25:28","date_gmt":"2023-03-06T19:25:28","guid":{"rendered":"https:\/\/soprasapnea.com\/shop\/open-cell-made-to-measure-7mm-black\/"},"modified":"2023-03-06T20:25:28","modified_gmt":"2023-03-06T19:25:28","slug":"open-cell-made-to-measure-7mm-black","status":"publish","type":"product","link":"https:\/\/soprasapnea.com\/cs\/shop\/open-cell-made-to-measure-7mm-black\/","title":{"rendered":"Open cell made to measure 7mm black"},"content":{"rendered":"<p style=\"font-weight: 400;\"><em>After ordering you will have to fill in your body measurements in our <a href=\"https:\/\/soprasapnea.com\/wp-content\/uploads\/2026\/03\/Measurement-table-fd-suits-26.3.2026.pdf\">ordering form<\/a>. We have a <a href=\"http:\/\/www.youtube.com\/watch?v=KCpxaMpj9ZA&amp;t=68s\">video<\/a> on youtube of how to do that properly. Aside from the table we will need a picture of you to see your body type and shape.<\/em><\/p>\n<p style=\"font-weight: 400;\"><em><u>Surcharges<\/u><\/em><\/p>\n<ul style=\"font-weight: 400;\">\n<li><em>knee inserts in Supratex &#8211; 10Eur<\/em><\/li>\n<li><em>elbow inserts in Supratex &#8211; 5Eur<\/em><\/li>\n<li><em>Pissette \u2013 20Eur<\/em><\/li>\n<\/ul>\n<p style=\"font-weight: 400;\"><em><u>Discount for instructors<\/u><\/em><\/p>\n<ul style=\"font-weight: 400;\">\n<li><em>Purchasing for themselves &#8211; 20%<\/em><\/li>\n<li><em>Purchasing for their students \u2013 15% * please note this entails for the instructor responsibility in making sure the measurements are taken correctly based on our video<\/em><\/li>\n<\/ul>\n<p style=\"font-weight: 400;\"><em>\u00a0<\/em><em><u>Discount for no changes<\/u><\/em><\/p>\n<p style=\"font-weight: 400;\"><em>An additional discount of 10% will be applied on all future purchases for the same buyer if no new measurement is needed. The validy is\u00a0<strong><u>LIFETIME\u00a0<\/u><\/strong>but please note there will be a surcharge of 5Eur for each 1 kg in of your weight increase\u00a0<\/em><\/p>\n<p style=\"font-weight: 400;\"><em>\u00a0<\/em><em>Also note<\/em><\/p>\n<ul style=\"font-weight: 400;\">\n<li><em>Pants and jacket, if ordered separately, are priced respectively 60% and 50% of the full suit price<\/em><\/li>\n<li><em>Ladies and men\u2019s models are priced the same<\/em><\/li>\n<li><em>Mixing colours is possible, just ask, we will accommodate your requests<\/em><\/li>\n<li><em>If you own suitable transfer stickers we can add them to the suit at no cost. If you need to develop them we can help you<\/em><\/li>\n<\/ul>\n","protected":false},"excerpt":{"rendered":"<p>After ordering you will have to fill in your body measurements in our ordering form. We have a video on youtube of how to do that properly. Aside from the table we will need a picture of you to see your body type and shape. Surcharges knee inserts in Supratex &#8211; 10Eur elbow inserts in&hellip;&nbsp;<a href=\"https:\/\/soprasapnea.com\/cs\/shop\/open-cell-made-to-measure-7mm-black\/\" rel=\"bookmark\">\u010c\u00edst d\u00e1le &raquo;<span class=\"screen-reader-text\">Open cell made to measure 7mm black<\/span><\/a><\/p>\n","protected":false},"featured_media":10632,"comment_status":"open","ping_status":"closed","template":"","meta":{"_acf_changed":false,"_uag_custom_page_level_css":"","neve_meta_sidebar":"","neve_meta_container":"","neve_meta_enable_content_width":"off","neve_meta_content_width":100,"neve_meta_title_alignment":"","neve_meta_author_avatar":"","neve_post_elements_order":"","neve_meta_disable_header":"","neve_meta_disable_footer":"","neve_meta_disable_title":""},"product_brand":[],"product_cat":[555],"product_tag":[],"class_list":{"0":"post-13146","1":"product","2":"type-product","3":"status-publish","4":"has-post-thumbnail","6":"product_cat-open-cell-freediving-neopreny-na-miru","8":"first","9":"instock","10":"taxable","11":"shipping-taxable","12":"purchasable","13":"product-type-variable"},"acf":[],"yoast_head":"<!-- This site is optimized with the Yoast SEO plugin v27.2 - https:\/\/yoast.com\/product\/yoast-seo-wordpress\/ -->\n<title>Open cell made to measure 7mm black - Sopras Apnea<\/title>\n<meta name=\"robots\" content=\"index, follow, max-snippet:-1, max-image-preview:large, max-video-preview:-1\" \/>\n<link rel=\"canonical\" href=\"https:\/\/soprasapnea.com\/cs\/shop\/open-cell-made-to-measure-7mm-black\/\" \/>\n<meta property=\"og:locale\" content=\"cs_CZ\" \/>\n<meta property=\"og:type\" content=\"article\" \/>\n<meta property=\"og:title\" content=\"Open cell made to measure 7mm black - Sopras Apnea\" \/>\n<meta property=\"og:description\" content=\"After ordering you will have to fill in your body measurements in our ordering form. We have a video on youtube of how to do that properly. Aside from the table we will need a picture of you to see your body type and shape. Surcharges knee inserts in Supratex &#8211; 10Eur elbow inserts in&hellip;&nbsp;\u010c\u00edst d\u00e1le &raquo;Open cell made to measure 7mm black\" \/>\n<meta property=\"og:url\" content=\"https:\/\/soprasapnea.com\/cs\/shop\/open-cell-made-to-measure-7mm-black\/\" \/>\n<meta property=\"og:site_name\" content=\"Sopras Apnea\" \/>\n<meta name=\"twitter:card\" content=\"summary_large_image\" \/>\n<meta name=\"twitter:label1\" content=\"Odhadovan\u00e1 doba \u010dten\u00ed\" \/>\n\t<meta name=\"twitter:data1\" content=\"1 minuta\" \/>\n<script type=\"application\/ld+json\" class=\"yoast-schema-graph\">{\"@context\":\"https:\/\/schema.org\",\"@graph\":[{\"@type\":\"WebPage\",\"@id\":\"https:\/\/soprasapnea.com\/cs\/shop\/open-cell-made-to-measure-7mm-black\/\",\"url\":\"https:\/\/soprasapnea.com\/cs\/shop\/open-cell-made-to-measure-7mm-black\/\",\"name\":\"Open cell made to measure 7mm black - Sopras Apnea\",\"isPartOf\":{\"@id\":\"https:\/\/soprasapnea.com\/#website\"},\"primaryImageOfPage\":{\"@id\":\"https:\/\/soprasapnea.com\/cs\/shop\/open-cell-made-to-measure-7mm-black\/#primaryimage\"},\"image\":{\"@id\":\"https:\/\/soprasapnea.com\/cs\/shop\/open-cell-made-to-measure-7mm-black\/#primaryimage\"},\"thumbnailUrl\":\"https:\/\/soprasapnea.com\/wp-content\/uploads\/2023\/03\/fd-suit-mead-to-measure1-1500.jpg\",\"datePublished\":\"2023-03-06T19:25:28+00:00\",\"breadcrumb\":{\"@id\":\"https:\/\/soprasapnea.com\/cs\/shop\/open-cell-made-to-measure-7mm-black\/#breadcrumb\"},\"inLanguage\":\"cs\",\"potentialAction\":[{\"@type\":\"ReadAction\",\"target\":[\"https:\/\/soprasapnea.com\/cs\/shop\/open-cell-made-to-measure-7mm-black\/\"]}]},{\"@type\":\"ImageObject\",\"inLanguage\":\"cs\",\"@id\":\"https:\/\/soprasapnea.com\/cs\/shop\/open-cell-made-to-measure-7mm-black\/#primaryimage\",\"url\":\"https:\/\/soprasapnea.com\/wp-content\/uploads\/2023\/03\/fd-suit-mead-to-measure1-1500.jpg\",\"contentUrl\":\"https:\/\/soprasapnea.com\/wp-content\/uploads\/2023\/03\/fd-suit-mead-to-measure1-1500.jpg\",\"width\":1500,\"height\":1500},{\"@type\":\"BreadcrumbList\",\"@id\":\"https:\/\/soprasapnea.com\/cs\/shop\/open-cell-made-to-measure-7mm-black\/#breadcrumb\",\"itemListElement\":[{\"@type\":\"ListItem\",\"position\":1,\"name\":\"Home\",\"item\":\"https:\/\/soprasapnea.com\/cs\/\"},{\"@type\":\"ListItem\",\"position\":2,\"name\":\"Shop\",\"item\":\"https:\/\/soprasapnea.com\/cs\/shop\/\"},{\"@type\":\"ListItem\",\"position\":3,\"name\":\"Open cell made to measure 7mm black\"}]},{\"@type\":\"WebSite\",\"@id\":\"https:\/\/soprasapnea.com\/#website\",\"url\":\"https:\/\/soprasapnea.com\/\",\"name\":\"Sopras Apnea\",\"description\":\"Freediving, spearfishing equipment\",\"potentialAction\":[{\"@type\":\"SearchAction\",\"target\":{\"@type\":\"EntryPoint\",\"urlTemplate\":\"https:\/\/soprasapnea.com\/?s={search_term_string}\"},\"query-input\":{\"@type\":\"PropertyValueSpecification\",\"valueRequired\":true,\"valueName\":\"search_term_string\"}}],\"inLanguage\":\"cs\"}]}<\/script>\n<!-- \/ Yoast SEO plugin. -->","yoast_head_json":{"title":"Open cell made to measure 7mm black - Sopras Apnea","robots":{"index":"index","follow":"follow","max-snippet":"max-snippet:-1","max-image-preview":"max-image-preview:large","max-video-preview":"max-video-preview:-1"},"canonical":"https:\/\/soprasapnea.com\/cs\/shop\/open-cell-made-to-measure-7mm-black\/","og_locale":"cs_CZ","og_type":"article","og_title":"Open cell made to measure 7mm black - Sopras Apnea","og_description":"After ordering you will have to fill in your body measurements in our ordering form. We have a video on youtube of how to do that properly. Aside from the table we will need a picture of you to see your body type and shape. Surcharges knee inserts in Supratex &#8211; 10Eur elbow inserts in&hellip;&nbsp;\u010c\u00edst d\u00e1le &raquo;Open cell made to measure 7mm black","og_url":"https:\/\/soprasapnea.com\/cs\/shop\/open-cell-made-to-measure-7mm-black\/","og_site_name":"Sopras Apnea","twitter_card":"summary_large_image","twitter_misc":{"Odhadovan\u00e1 doba \u010dten\u00ed":"1 minuta"},"schema":{"@context":"https:\/\/schema.org","@graph":[{"@type":"WebPage","@id":"https:\/\/soprasapnea.com\/cs\/shop\/open-cell-made-to-measure-7mm-black\/","url":"https:\/\/soprasapnea.com\/cs\/shop\/open-cell-made-to-measure-7mm-black\/","name":"Open cell made to measure 7mm black - Sopras Apnea","isPartOf":{"@id":"https:\/\/soprasapnea.com\/#website"},"primaryImageOfPage":{"@id":"https:\/\/soprasapnea.com\/cs\/shop\/open-cell-made-to-measure-7mm-black\/#primaryimage"},"image":{"@id":"https:\/\/soprasapnea.com\/cs\/shop\/open-cell-made-to-measure-7mm-black\/#primaryimage"},"thumbnailUrl":"https:\/\/soprasapnea.com\/wp-content\/uploads\/2023\/03\/fd-suit-mead-to-measure1-1500.jpg","datePublished":"2023-03-06T19:25:28+00:00","breadcrumb":{"@id":"https:\/\/soprasapnea.com\/cs\/shop\/open-cell-made-to-measure-7mm-black\/#breadcrumb"},"inLanguage":"cs","potentialAction":[{"@type":"ReadAction","target":["https:\/\/soprasapnea.com\/cs\/shop\/open-cell-made-to-measure-7mm-black\/"]}]},{"@type":"ImageObject","inLanguage":"cs","@id":"https:\/\/soprasapnea.com\/cs\/shop\/open-cell-made-to-measure-7mm-black\/#primaryimage","url":"https:\/\/soprasapnea.com\/wp-content\/uploads\/2023\/03\/fd-suit-mead-to-measure1-1500.jpg","contentUrl":"https:\/\/soprasapnea.com\/wp-content\/uploads\/2023\/03\/fd-suit-mead-to-measure1-1500.jpg","width":1500,"height":1500},{"@type":"BreadcrumbList","@id":"https:\/\/soprasapnea.com\/cs\/shop\/open-cell-made-to-measure-7mm-black\/#breadcrumb","itemListElement":[{"@type":"ListItem","position":1,"name":"Home","item":"https:\/\/soprasapnea.com\/cs\/"},{"@type":"ListItem","position":2,"name":"Shop","item":"https:\/\/soprasapnea.com\/cs\/shop\/"},{"@type":"ListItem","position":3,"name":"Open cell made to measure 7mm black"}]},{"@type":"WebSite","@id":"https:\/\/soprasapnea.com\/#website","url":"https:\/\/soprasapnea.com\/","name":"Sopras Apnea","description":"Freediving, spearfishing equipment","potentialAction":[{"@type":"SearchAction","target":{"@type":"EntryPoint","urlTemplate":"https:\/\/soprasapnea.com\/?s={search_term_string}"},"query-input":{"@type":"PropertyValueSpecification","valueRequired":true,"valueName":"search_term_string"}}],"inLanguage":"cs"}]}},"uagb_featured_image_src":{"full":["https:\/\/soprasapnea.com\/wp-content\/uploads\/2023\/03\/fd-suit-mead-to-measure1-1500.jpg",1500,1500,false],"thumbnail":["https:\/\/soprasapnea.com\/wp-content\/uploads\/2023\/03\/fd-suit-mead-to-measure1-1500-150x150.jpg",150,150,true],"medium":["https:\/\/soprasapnea.com\/wp-content\/uploads\/2023\/03\/fd-suit-mead-to-measure1-1500-300x300.jpg",300,300,true],"medium_large":["https:\/\/soprasapnea.com\/wp-content\/uploads\/2023\/03\/fd-suit-mead-to-measure1-1500-768x768.jpg",768,768,true],"large":["https:\/\/soprasapnea.com\/wp-content\/uploads\/2023\/03\/fd-suit-mead-to-measure1-1500-1024x1024.jpg",1024,1024,true],"1536x1536":["https:\/\/soprasapnea.com\/wp-content\/uploads\/2023\/03\/fd-suit-mead-to-measure1-1500.jpg",1500,1500,false],"2048x2048":["https:\/\/soprasapnea.com\/wp-content\/uploads\/2023\/03\/fd-suit-mead-to-measure1-1500.jpg",1500,1500,false],"neve-blog":["https:\/\/soprasapnea.com\/wp-content\/uploads\/2023\/03\/fd-suit-mead-to-measure1-1500-930x620.jpg",930,620,true],"mailpoet_newsletter_max":["https:\/\/soprasapnea.com\/wp-content\/uploads\/2023\/03\/fd-suit-mead-to-measure1-1500.jpg",1320,1320,false],"woocommerce_thumbnail":["https:\/\/soprasapnea.com\/wp-content\/uploads\/2023\/03\/fd-suit-mead-to-measure1-1500-300x300.jpg",300,300,true],"woocommerce_single":["https:\/\/soprasapnea.com\/wp-content\/uploads\/2023\/03\/fd-suit-mead-to-measure1-1500-600x600.jpg",600,600,true],"woocommerce_gallery_thumbnail":["https:\/\/soprasapnea.com\/wp-content\/uploads\/2023\/03\/fd-suit-mead-to-measure1-1500-100x100.jpg",100,100,true]},"uagb_author_info":{"display_name":"Michaela Sobkova","author_link":"https:\/\/soprasapnea.com\/cs\/author\/"},"uagb_comment_info":0,"uagb_excerpt":"After ordering you will have to fill in your body measurements in our ordering form. We have a video on youtube of how to do that properly. Aside from the table we will need a picture of you to see your body type and shape. Surcharges knee inserts in Supratex &#8211; 10Eur elbow inserts in&hellip;&nbsp;\u010c\u00edst&hellip;","_links":{"self":[{"href":"https:\/\/soprasapnea.com\/cs\/wp-json\/wp\/v2\/product\/13146","targetHints":{"allow":["GET"]}}],"collection":[{"href":"https:\/\/soprasapnea.com\/cs\/wp-json\/wp\/v2\/product"}],"about":[{"href":"https:\/\/soprasapnea.com\/cs\/wp-json\/wp\/v2\/types\/product"}],"replies":[{"embeddable":true,"href":"https:\/\/soprasapnea.com\/cs\/wp-json\/wp\/v2\/comments?post=13146"}],"wp:featuredmedia":[{"embeddable":true,"href":"https:\/\/soprasapnea.com\/cs\/wp-json\/wp\/v2\/media\/10632"}],"wp:attachment":[{"href":"https:\/\/soprasapnea.com\/cs\/wp-json\/wp\/v2\/media?parent=13146"}],"wp:term":[{"taxonomy":"product_brand","embeddable":true,"href":"https:\/\/soprasapnea.com\/cs\/wp-json\/wp\/v2\/product_brand?post=13146"},{"taxonomy":"product_cat","embeddable":true,"href":"https:\/\/soprasapnea.com\/cs\/wp-json\/wp\/v2\/product_cat?post=13146"},{"taxonomy":"product_tag","embeddable":true,"href":"https:\/\/soprasapnea.com\/cs\/wp-json\/wp\/v2\/product_tag?post=13146"}],"curies":[{"name":"wp","href":"https:\/\/api.w.org\/{rel}","templated":true}]}}