{"id":13155,"date":"2022-12-14T09:36:43","date_gmt":"2022-12-14T08:36:43","guid":{"rendered":"https:\/\/soprasapnea.com\/shop\/big-dry-bag\/"},"modified":"2022-12-14T09:36:43","modified_gmt":"2022-12-14T08:36:43","slug":"big-dry-bag","status":"publish","type":"product","link":"https:\/\/soprasapnea.com\/cs\/shop\/big-dry-bag\/","title":{"rendered":"Big dry bag"},"content":{"rendered":"<p>Giant dry bag for all your equipment! The size is 110x40cm.<\/p>\n<p>This bag is waterproof, the longest fins will fit in, weighs 1kg and is strong enough to carry up to 30kg of weight with a volume over 100litres!<\/p>\n<p>The carrying strap is attached near the ends of the bag and allow easy and stable shoulder carrying.<br \/>\nThe zip is long and robust and is covered by an overlapping flap with velcro. Possibility to empty it and let it drip hanging it on the side.<\/p>\n<p>We tried the fitting and the result is that 2 pairs of extralong fins, 1 freediving atoll buoy, 10mm line of 100m, 2 pairs of socks, 3 masks, 2 belts, 3 snorkels and 2x 5mm suits fit very easily<\/p>\n<p>&nbsp;<\/p>\n","protected":false},"excerpt":{"rendered":"<p>Giant dry bag for all your equipment! The size is 110x40cm. This bag is waterproof, the longest fins will fit in, weighs 1kg and is strong enough to carry up to 30kg of weight with a volume over 100litres! The carrying strap is attached near the ends of the bag and allow easy and stable&hellip;&nbsp;<a href=\"https:\/\/soprasapnea.com\/cs\/shop\/big-dry-bag\/\" rel=\"bookmark\">\u010c\u00edst d\u00e1le &raquo;<span class=\"screen-reader-text\">Big dry bag<\/span><\/a><\/p>\n","protected":false},"featured_media":11168,"comment_status":"open","ping_status":"closed","template":"","meta":{"_acf_changed":false,"_uag_custom_page_level_css":"","neve_meta_sidebar":"","neve_meta_container":"","neve_meta_enable_content_width":"off","neve_meta_content_width":100,"neve_meta_title_alignment":"","neve_meta_author_avatar":"","neve_post_elements_order":"","neve_meta_disable_header":"","neve_meta_disable_footer":"","neve_meta_disable_title":""},"product_brand":[],"product_cat":[563],"product_tag":[589],"class_list":{"0":"post-13155","1":"product","2":"type-product","3":"status-publish","4":"has-post-thumbnail","6":"product_cat-batohy-a-tasky","7":"product_tag-new-cs","9":"first","10":"instock","11":"taxable","12":"shipping-taxable","13":"purchasable","14":"product-type-simple"},"acf":[],"yoast_head":"<!-- This site is optimized with the Yoast SEO plugin v27.2 - https:\/\/yoast.com\/product\/yoast-seo-wordpress\/ -->\n<title>Big dry bag - Sopras Apnea<\/title>\n<meta name=\"robots\" content=\"index, follow, max-snippet:-1, max-image-preview:large, max-video-preview:-1\" \/>\n<link rel=\"canonical\" href=\"https:\/\/soprasapnea.com\/cs\/shop\/big-dry-bag\/\" \/>\n<meta property=\"og:locale\" content=\"cs_CZ\" \/>\n<meta property=\"og:type\" content=\"article\" \/>\n<meta property=\"og:title\" content=\"Big dry bag - Sopras Apnea\" \/>\n<meta property=\"og:description\" content=\"Giant dry bag for all your equipment! The size is 110x40cm. This bag is waterproof, the longest fins will fit in, weighs 1kg and is strong enough to carry up to 30kg of weight with a volume over 100litres! The carrying strap is attached near the ends of the bag and allow easy and stable&hellip;&nbsp;\u010c\u00edst d\u00e1le &raquo;Big dry bag\" \/>\n<meta property=\"og:url\" content=\"https:\/\/soprasapnea.com\/cs\/shop\/big-dry-bag\/\" \/>\n<meta property=\"og:site_name\" content=\"Sopras Apnea\" \/>\n<meta name=\"twitter:card\" content=\"summary_large_image\" \/>\n<meta name=\"twitter:label1\" content=\"Odhadovan\u00e1 doba \u010dten\u00ed\" \/>\n\t<meta name=\"twitter:data1\" content=\"1 minuta\" \/>\n<script type=\"application\/ld+json\" class=\"yoast-schema-graph\">{\"@context\":\"https:\/\/schema.org\",\"@graph\":[{\"@type\":\"WebPage\",\"@id\":\"https:\/\/soprasapnea.com\/cs\/shop\/big-dry-bag\/\",\"url\":\"https:\/\/soprasapnea.com\/cs\/shop\/big-dry-bag\/\",\"name\":\"Big dry bag - Sopras Apnea\",\"isPartOf\":{\"@id\":\"https:\/\/soprasapnea.com\/#website\"},\"primaryImageOfPage\":{\"@id\":\"https:\/\/soprasapnea.com\/cs\/shop\/big-dry-bag\/#primaryimage\"},\"image\":{\"@id\":\"https:\/\/soprasapnea.com\/cs\/shop\/big-dry-bag\/#primaryimage\"},\"thumbnailUrl\":\"https:\/\/soprasapnea.com\/wp-content\/uploads\/2022\/12\/852114-dry-bag-edit-bez-provazku2.jpg\",\"datePublished\":\"2022-12-14T08:36:43+00:00\",\"breadcrumb\":{\"@id\":\"https:\/\/soprasapnea.com\/cs\/shop\/big-dry-bag\/#breadcrumb\"},\"inLanguage\":\"cs\",\"potentialAction\":[{\"@type\":\"ReadAction\",\"target\":[\"https:\/\/soprasapnea.com\/cs\/shop\/big-dry-bag\/\"]}]},{\"@type\":\"ImageObject\",\"inLanguage\":\"cs\",\"@id\":\"https:\/\/soprasapnea.com\/cs\/shop\/big-dry-bag\/#primaryimage\",\"url\":\"https:\/\/soprasapnea.com\/wp-content\/uploads\/2022\/12\/852114-dry-bag-edit-bez-provazku2.jpg\",\"contentUrl\":\"https:\/\/soprasapnea.com\/wp-content\/uploads\/2022\/12\/852114-dry-bag-edit-bez-provazku2.jpg\",\"width\":1500,\"height\":1500},{\"@type\":\"BreadcrumbList\",\"@id\":\"https:\/\/soprasapnea.com\/cs\/shop\/big-dry-bag\/#breadcrumb\",\"itemListElement\":[{\"@type\":\"ListItem\",\"position\":1,\"name\":\"Home\",\"item\":\"https:\/\/soprasapnea.com\/cs\/\"},{\"@type\":\"ListItem\",\"position\":2,\"name\":\"Shop\",\"item\":\"https:\/\/soprasapnea.com\/cs\/shop\/\"},{\"@type\":\"ListItem\",\"position\":3,\"name\":\"Big dry bag\"}]},{\"@type\":\"WebSite\",\"@id\":\"https:\/\/soprasapnea.com\/#website\",\"url\":\"https:\/\/soprasapnea.com\/\",\"name\":\"Sopras Apnea\",\"description\":\"Freediving, spearfishing equipment\",\"potentialAction\":[{\"@type\":\"SearchAction\",\"target\":{\"@type\":\"EntryPoint\",\"urlTemplate\":\"https:\/\/soprasapnea.com\/?s={search_term_string}\"},\"query-input\":{\"@type\":\"PropertyValueSpecification\",\"valueRequired\":true,\"valueName\":\"search_term_string\"}}],\"inLanguage\":\"cs\"}]}<\/script>\n<!-- \/ Yoast SEO plugin. -->","yoast_head_json":{"title":"Big dry bag - Sopras Apnea","robots":{"index":"index","follow":"follow","max-snippet":"max-snippet:-1","max-image-preview":"max-image-preview:large","max-video-preview":"max-video-preview:-1"},"canonical":"https:\/\/soprasapnea.com\/cs\/shop\/big-dry-bag\/","og_locale":"cs_CZ","og_type":"article","og_title":"Big dry bag - Sopras Apnea","og_description":"Giant dry bag for all your equipment! The size is 110x40cm. This bag is waterproof, the longest fins will fit in, weighs 1kg and is strong enough to carry up to 30kg of weight with a volume over 100litres! The carrying strap is attached near the ends of the bag and allow easy and stable&hellip;&nbsp;\u010c\u00edst d\u00e1le &raquo;Big dry bag","og_url":"https:\/\/soprasapnea.com\/cs\/shop\/big-dry-bag\/","og_site_name":"Sopras Apnea","twitter_card":"summary_large_image","twitter_misc":{"Odhadovan\u00e1 doba \u010dten\u00ed":"1 minuta"},"schema":{"@context":"https:\/\/schema.org","@graph":[{"@type":"WebPage","@id":"https:\/\/soprasapnea.com\/cs\/shop\/big-dry-bag\/","url":"https:\/\/soprasapnea.com\/cs\/shop\/big-dry-bag\/","name":"Big dry bag - Sopras Apnea","isPartOf":{"@id":"https:\/\/soprasapnea.com\/#website"},"primaryImageOfPage":{"@id":"https:\/\/soprasapnea.com\/cs\/shop\/big-dry-bag\/#primaryimage"},"image":{"@id":"https:\/\/soprasapnea.com\/cs\/shop\/big-dry-bag\/#primaryimage"},"thumbnailUrl":"https:\/\/soprasapnea.com\/wp-content\/uploads\/2022\/12\/852114-dry-bag-edit-bez-provazku2.jpg","datePublished":"2022-12-14T08:36:43+00:00","breadcrumb":{"@id":"https:\/\/soprasapnea.com\/cs\/shop\/big-dry-bag\/#breadcrumb"},"inLanguage":"cs","potentialAction":[{"@type":"ReadAction","target":["https:\/\/soprasapnea.com\/cs\/shop\/big-dry-bag\/"]}]},{"@type":"ImageObject","inLanguage":"cs","@id":"https:\/\/soprasapnea.com\/cs\/shop\/big-dry-bag\/#primaryimage","url":"https:\/\/soprasapnea.com\/wp-content\/uploads\/2022\/12\/852114-dry-bag-edit-bez-provazku2.jpg","contentUrl":"https:\/\/soprasapnea.com\/wp-content\/uploads\/2022\/12\/852114-dry-bag-edit-bez-provazku2.jpg","width":1500,"height":1500},{"@type":"BreadcrumbList","@id":"https:\/\/soprasapnea.com\/cs\/shop\/big-dry-bag\/#breadcrumb","itemListElement":[{"@type":"ListItem","position":1,"name":"Home","item":"https:\/\/soprasapnea.com\/cs\/"},{"@type":"ListItem","position":2,"name":"Shop","item":"https:\/\/soprasapnea.com\/cs\/shop\/"},{"@type":"ListItem","position":3,"name":"Big dry bag"}]},{"@type":"WebSite","@id":"https:\/\/soprasapnea.com\/#website","url":"https:\/\/soprasapnea.com\/","name":"Sopras Apnea","description":"Freediving, spearfishing equipment","potentialAction":[{"@type":"SearchAction","target":{"@type":"EntryPoint","urlTemplate":"https:\/\/soprasapnea.com\/?s={search_term_string}"},"query-input":{"@type":"PropertyValueSpecification","valueRequired":true,"valueName":"search_term_string"}}],"inLanguage":"cs"}]}},"uagb_featured_image_src":{"full":["https:\/\/soprasapnea.com\/wp-content\/uploads\/2022\/12\/852114-dry-bag-edit-bez-provazku2.jpg",1500,1500,false],"thumbnail":["https:\/\/soprasapnea.com\/wp-content\/uploads\/2022\/12\/852114-dry-bag-edit-bez-provazku2-150x150.jpg",150,150,true],"medium":["https:\/\/soprasapnea.com\/wp-content\/uploads\/2022\/12\/852114-dry-bag-edit-bez-provazku2-300x300.jpg",300,300,true],"medium_large":["https:\/\/soprasapnea.com\/wp-content\/uploads\/2022\/12\/852114-dry-bag-edit-bez-provazku2-768x768.jpg",768,768,true],"large":["https:\/\/soprasapnea.com\/wp-content\/uploads\/2022\/12\/852114-dry-bag-edit-bez-provazku2-1024x1024.jpg",1024,1024,true],"1536x1536":["https:\/\/soprasapnea.com\/wp-content\/uploads\/2022\/12\/852114-dry-bag-edit-bez-provazku2.jpg",1500,1500,false],"2048x2048":["https:\/\/soprasapnea.com\/wp-content\/uploads\/2022\/12\/852114-dry-bag-edit-bez-provazku2.jpg",1500,1500,false],"neve-blog":["https:\/\/soprasapnea.com\/wp-content\/uploads\/2022\/12\/852114-dry-bag-edit-bez-provazku2-930x620.jpg",930,620,true],"mailpoet_newsletter_max":["https:\/\/soprasapnea.com\/wp-content\/uploads\/2022\/12\/852114-dry-bag-edit-bez-provazku2.jpg",1320,1320,false],"woocommerce_thumbnail":["https:\/\/soprasapnea.com\/wp-content\/uploads\/2022\/12\/852114-dry-bag-edit-bez-provazku2-300x300.jpg",300,300,true],"woocommerce_single":["https:\/\/soprasapnea.com\/wp-content\/uploads\/2022\/12\/852114-dry-bag-edit-bez-provazku2-600x600.jpg",600,600,true],"woocommerce_gallery_thumbnail":["https:\/\/soprasapnea.com\/wp-content\/uploads\/2022\/12\/852114-dry-bag-edit-bez-provazku2-100x100.jpg",100,100,true]},"uagb_author_info":{"display_name":"Michaela Sobkova","author_link":"https:\/\/soprasapnea.com\/cs\/author\/"},"uagb_comment_info":0,"uagb_excerpt":"Giant dry bag for all your equipment! The size is 110x40cm. This bag is waterproof, the longest fins will fit in, weighs 1kg and is strong enough to carry up to 30kg of weight with a volume over 100litres! The carrying strap is attached near the ends of the bag and allow easy and stable&hellip;&nbsp;\u010c\u00edst&hellip;","_links":{"self":[{"href":"https:\/\/soprasapnea.com\/cs\/wp-json\/wp\/v2\/product\/13155","targetHints":{"allow":["GET"]}}],"collection":[{"href":"https:\/\/soprasapnea.com\/cs\/wp-json\/wp\/v2\/product"}],"about":[{"href":"https:\/\/soprasapnea.com\/cs\/wp-json\/wp\/v2\/types\/product"}],"replies":[{"embeddable":true,"href":"https:\/\/soprasapnea.com\/cs\/wp-json\/wp\/v2\/comments?post=13155"}],"wp:featuredmedia":[{"embeddable":true,"href":"https:\/\/soprasapnea.com\/cs\/wp-json\/wp\/v2\/media\/11168"}],"wp:attachment":[{"href":"https:\/\/soprasapnea.com\/cs\/wp-json\/wp\/v2\/media?parent=13155"}],"wp:term":[{"taxonomy":"product_brand","embeddable":true,"href":"https:\/\/soprasapnea.com\/cs\/wp-json\/wp\/v2\/product_brand?post=13155"},{"taxonomy":"product_cat","embeddable":true,"href":"https:\/\/soprasapnea.com\/cs\/wp-json\/wp\/v2\/product_cat?post=13155"},{"taxonomy":"product_tag","embeddable":true,"href":"https:\/\/soprasapnea.com\/cs\/wp-json\/wp\/v2\/product_tag?post=13155"}],"curies":[{"name":"wp","href":"https:\/\/api.w.org\/{rel}","templated":true}]}}