{"id":13162,"date":"2022-10-05T18:36:12","date_gmt":"2022-10-05T17:36:12","guid":{"rendered":"https:\/\/soprasapnea.com\/shop\/small-freediving-board\/"},"modified":"2022-10-05T18:36:12","modified_gmt":"2022-10-05T17:36:12","slug":"small-freediving-board","status":"publish","type":"product","link":"https:\/\/soprasapnea.com\/cs\/shop\/small-freediving-board\/","title":{"rendered":"Small freediving board"},"content":{"rendered":"<p style=\"font-weight: 400;\">Top side<br \/>\n-The small board has 4 handles on the sides for the resting and assisting\/safety divers (plus one handle in the middle for easy carrying).<br \/>\n-4 D-rings with bungee in the front for equipment fixing (you can easily store the fins for example).<\/p>\n<p style=\"font-weight: 400;\">Bottom<br \/>\nOn the bottom of the of board there are 2 D-rings in the back (for the heavier counter ballast) and 1 at the front. That\u2019s where you can attach the carabiners and the pulleys with rope and even a counter ballast system<\/p>\n<p style=\"font-weight: 400;\">Recommended items for the counter ballast system:<br \/>\n2 freediving pulleys (#852580), 50meters rope Aqua 10mm (#852574 ). In case you want to upgrade to a sinking line its also possible. Check\u00a0<a href=\"https:\/\/soprasapnea.com\/cs\/kategorie-produktu\/prislusenstvi-pro-freediving\/freedivingova-lana\/\" data-saferedirecturl=\"https:\/\/www.google.com\/url?q=https:\/\/soprasapnea.com\/product-category\/accessories\/freediving-lines\/&amp;source=gmail&amp;ust=1687353586538000&amp;usg=AOvVaw2J1vcky0iJOmK1xZ24Flhz\">https:\/\/soprasapnea.com\/product-category\/accessories\/freediving-lines\/<\/a><\/p>\n<p style=\"font-weight: 400;\">Included in the package:<br \/>\nOne detachable center fin + One air pump + One retractable paddle + One backpack + One repair kit<\/p>\n<p style=\"font-weight: 400;\">Dimensions 280x75x12cm<\/p>\n<p style=\"font-weight: 400;\">Maximum load: 140kg, Dimension of back pack: 75x35x25cm<\/p>\n<p style=\"font-weight: 400;\">Video of our boards in use:<\/p>\n<p style=\"font-weight: 400;\"><a href=\"https:\/\/youtu.be\/Y0Q3rV5D-Qo\" data-saferedirecturl=\"https:\/\/www.google.com\/url?q=https:\/\/www.youtube.com\/watch?v%3DjG2VbIqT6Zk&amp;source=gmail&amp;ust=1687353586538000&amp;usg=AOvVaw0YVz0KJJ8pDOQYH9wNpMNw\">https:\/\/youtu.be\/Y0Q3rV5D-Qo<\/a><\/p>\n<p style=\"font-weight: 400;\">Unpacking:<\/p>\n<p style=\"font-weight: 400;\"><a href=\"https:\/\/www.youtube.com\/watch?v=ZtWh71vjL8I\" data-saferedirecturl=\"https:\/\/www.google.com\/url?q=https:\/\/www.youtube.com\/watch?v%3DZtWh71vjL8I&amp;source=gmail&amp;ust=1687353586538000&amp;usg=AOvVaw3VsRaTMY_L-ryR55QwiAPF\">https:\/\/youtu.be\/JeAk9z8U_Wg<\/a><\/p>\n<p style=\"font-weight: 400;\">The first experiments:<\/p>\n<p style=\"font-weight: 400;\"><a href=\"https:\/\/www.youtube.com\/shorts\/_XivtuxZ67M\" data-saferedirecturl=\"https:\/\/www.google.com\/url?q=https:\/\/www.youtube.com\/shorts\/_XivtuxZ67M&amp;source=gmail&amp;ust=1687353586538000&amp;usg=AOvVaw26GBtTGhlutEm_Zq05Q0VL\">https:\/\/www.youtube.com\/shorts\/_XivtuxZ67M<\/a><\/p>\n","protected":false},"excerpt":{"rendered":"<p>Top side -The small board has 4 handles on the sides for the resting and assisting\/safety divers (plus one handle in the middle for easy carrying). -4 D-rings with bungee in the front for equipment fixing (you can easily store the fins for example). Bottom On the bottom of the of board there are 2&hellip;&nbsp;<a href=\"https:\/\/soprasapnea.com\/cs\/shop\/small-freediving-board\/\" rel=\"bookmark\">\u010c\u00edst d\u00e1le &raquo;<span class=\"screen-reader-text\">Small freediving board<\/span><\/a><\/p>\n","protected":false},"featured_media":10571,"comment_status":"open","ping_status":"closed","template":"","meta":{"_acf_changed":false,"_uag_custom_page_level_css":"","neve_meta_sidebar":"","neve_meta_container":"","neve_meta_enable_content_width":"off","neve_meta_content_width":100,"neve_meta_title_alignment":"","neve_meta_author_avatar":"","neve_post_elements_order":"","neve_meta_disable_header":"","neve_meta_disable_footer":"","neve_meta_disable_title":""},"product_brand":[],"product_cat":[561],"product_tag":[589,617],"class_list":{"0":"post-13162","1":"product","2":"type-product","3":"status-publish","4":"has-post-thumbnail","6":"product_cat-sup-paddleboardy","7":"product_tag-new-cs","8":"product_tag-specials-cs","10":"first","11":"instock","12":"sale","13":"taxable","14":"shipping-taxable","15":"purchasable","16":"product-type-simple"},"acf":[],"yoast_head":"<!-- This site is optimized with the Yoast SEO plugin v27.2 - https:\/\/yoast.com\/product\/yoast-seo-wordpress\/ -->\n<title>Small freediving board - Sopras Apnea<\/title>\n<meta name=\"robots\" content=\"index, follow, max-snippet:-1, max-image-preview:large, max-video-preview:-1\" \/>\n<link rel=\"canonical\" href=\"https:\/\/soprasapnea.com\/cs\/shop\/small-freediving-board\/\" \/>\n<meta property=\"og:locale\" content=\"cs_CZ\" \/>\n<meta property=\"og:type\" content=\"article\" \/>\n<meta property=\"og:title\" content=\"Small freediving board - Sopras Apnea\" \/>\n<meta property=\"og:description\" content=\"Top side -The small board has 4 handles on the sides for the resting and assisting\/safety divers (plus one handle in the middle for easy carrying). -4 D-rings with bungee in the front for equipment fixing (you can easily store the fins for example). Bottom On the bottom of the of board there are 2&hellip;&nbsp;\u010c\u00edst d\u00e1le &raquo;Small freediving board\" \/>\n<meta property=\"og:url\" content=\"https:\/\/soprasapnea.com\/cs\/shop\/small-freediving-board\/\" \/>\n<meta property=\"og:site_name\" content=\"Sopras Apnea\" \/>\n<meta name=\"twitter:card\" content=\"summary_large_image\" \/>\n<meta name=\"twitter:label1\" content=\"Odhadovan\u00e1 doba \u010dten\u00ed\" \/>\n\t<meta name=\"twitter:data1\" content=\"1 minuta\" \/>\n<script type=\"application\/ld+json\" class=\"yoast-schema-graph\">{\"@context\":\"https:\/\/schema.org\",\"@graph\":[{\"@type\":\"WebPage\",\"@id\":\"https:\/\/soprasapnea.com\/cs\/shop\/small-freediving-board\/\",\"url\":\"https:\/\/soprasapnea.com\/cs\/shop\/small-freediving-board\/\",\"name\":\"Small freediving board - Sopras Apnea\",\"isPartOf\":{\"@id\":\"https:\/\/soprasapnea.com\/#website\"},\"primaryImageOfPage\":{\"@id\":\"https:\/\/soprasapnea.com\/cs\/shop\/small-freediving-board\/#primaryimage\"},\"image\":{\"@id\":\"https:\/\/soprasapnea.com\/cs\/shop\/small-freediving-board\/#primaryimage\"},\"thumbnailUrl\":\"https:\/\/soprasapnea.com\/wp-content\/uploads\/2022\/10\/852527-852528-SUP-board-front-small-large.jpg\",\"datePublished\":\"2022-10-05T17:36:12+00:00\",\"breadcrumb\":{\"@id\":\"https:\/\/soprasapnea.com\/cs\/shop\/small-freediving-board\/#breadcrumb\"},\"inLanguage\":\"cs\",\"potentialAction\":[{\"@type\":\"ReadAction\",\"target\":[\"https:\/\/soprasapnea.com\/cs\/shop\/small-freediving-board\/\"]}]},{\"@type\":\"ImageObject\",\"inLanguage\":\"cs\",\"@id\":\"https:\/\/soprasapnea.com\/cs\/shop\/small-freediving-board\/#primaryimage\",\"url\":\"https:\/\/soprasapnea.com\/wp-content\/uploads\/2022\/10\/852527-852528-SUP-board-front-small-large.jpg\",\"contentUrl\":\"https:\/\/soprasapnea.com\/wp-content\/uploads\/2022\/10\/852527-852528-SUP-board-front-small-large.jpg\",\"width\":1500,\"height\":1500},{\"@type\":\"BreadcrumbList\",\"@id\":\"https:\/\/soprasapnea.com\/cs\/shop\/small-freediving-board\/#breadcrumb\",\"itemListElement\":[{\"@type\":\"ListItem\",\"position\":1,\"name\":\"Home\",\"item\":\"https:\/\/soprasapnea.com\/cs\/\"},{\"@type\":\"ListItem\",\"position\":2,\"name\":\"Shop\",\"item\":\"https:\/\/soprasapnea.com\/cs\/shop\/\"},{\"@type\":\"ListItem\",\"position\":3,\"name\":\"Small freediving board\"}]},{\"@type\":\"WebSite\",\"@id\":\"https:\/\/soprasapnea.com\/#website\",\"url\":\"https:\/\/soprasapnea.com\/\",\"name\":\"Sopras Apnea\",\"description\":\"Freediving, spearfishing equipment\",\"potentialAction\":[{\"@type\":\"SearchAction\",\"target\":{\"@type\":\"EntryPoint\",\"urlTemplate\":\"https:\/\/soprasapnea.com\/?s={search_term_string}\"},\"query-input\":{\"@type\":\"PropertyValueSpecification\",\"valueRequired\":true,\"valueName\":\"search_term_string\"}}],\"inLanguage\":\"cs\"}]}<\/script>\n<!-- \/ Yoast SEO plugin. -->","yoast_head_json":{"title":"Small freediving board - Sopras Apnea","robots":{"index":"index","follow":"follow","max-snippet":"max-snippet:-1","max-image-preview":"max-image-preview:large","max-video-preview":"max-video-preview:-1"},"canonical":"https:\/\/soprasapnea.com\/cs\/shop\/small-freediving-board\/","og_locale":"cs_CZ","og_type":"article","og_title":"Small freediving board - Sopras Apnea","og_description":"Top side -The small board has 4 handles on the sides for the resting and assisting\/safety divers (plus one handle in the middle for easy carrying). -4 D-rings with bungee in the front for equipment fixing (you can easily store the fins for example). Bottom On the bottom of the of board there are 2&hellip;&nbsp;\u010c\u00edst d\u00e1le &raquo;Small freediving board","og_url":"https:\/\/soprasapnea.com\/cs\/shop\/small-freediving-board\/","og_site_name":"Sopras Apnea","twitter_card":"summary_large_image","twitter_misc":{"Odhadovan\u00e1 doba \u010dten\u00ed":"1 minuta"},"schema":{"@context":"https:\/\/schema.org","@graph":[{"@type":"WebPage","@id":"https:\/\/soprasapnea.com\/cs\/shop\/small-freediving-board\/","url":"https:\/\/soprasapnea.com\/cs\/shop\/small-freediving-board\/","name":"Small freediving board - Sopras Apnea","isPartOf":{"@id":"https:\/\/soprasapnea.com\/#website"},"primaryImageOfPage":{"@id":"https:\/\/soprasapnea.com\/cs\/shop\/small-freediving-board\/#primaryimage"},"image":{"@id":"https:\/\/soprasapnea.com\/cs\/shop\/small-freediving-board\/#primaryimage"},"thumbnailUrl":"https:\/\/soprasapnea.com\/wp-content\/uploads\/2022\/10\/852527-852528-SUP-board-front-small-large.jpg","datePublished":"2022-10-05T17:36:12+00:00","breadcrumb":{"@id":"https:\/\/soprasapnea.com\/cs\/shop\/small-freediving-board\/#breadcrumb"},"inLanguage":"cs","potentialAction":[{"@type":"ReadAction","target":["https:\/\/soprasapnea.com\/cs\/shop\/small-freediving-board\/"]}]},{"@type":"ImageObject","inLanguage":"cs","@id":"https:\/\/soprasapnea.com\/cs\/shop\/small-freediving-board\/#primaryimage","url":"https:\/\/soprasapnea.com\/wp-content\/uploads\/2022\/10\/852527-852528-SUP-board-front-small-large.jpg","contentUrl":"https:\/\/soprasapnea.com\/wp-content\/uploads\/2022\/10\/852527-852528-SUP-board-front-small-large.jpg","width":1500,"height":1500},{"@type":"BreadcrumbList","@id":"https:\/\/soprasapnea.com\/cs\/shop\/small-freediving-board\/#breadcrumb","itemListElement":[{"@type":"ListItem","position":1,"name":"Home","item":"https:\/\/soprasapnea.com\/cs\/"},{"@type":"ListItem","position":2,"name":"Shop","item":"https:\/\/soprasapnea.com\/cs\/shop\/"},{"@type":"ListItem","position":3,"name":"Small freediving board"}]},{"@type":"WebSite","@id":"https:\/\/soprasapnea.com\/#website","url":"https:\/\/soprasapnea.com\/","name":"Sopras Apnea","description":"Freediving, spearfishing equipment","potentialAction":[{"@type":"SearchAction","target":{"@type":"EntryPoint","urlTemplate":"https:\/\/soprasapnea.com\/?s={search_term_string}"},"query-input":{"@type":"PropertyValueSpecification","valueRequired":true,"valueName":"search_term_string"}}],"inLanguage":"cs"}]}},"uagb_featured_image_src":{"full":["https:\/\/soprasapnea.com\/wp-content\/uploads\/2022\/10\/852527-852528-SUP-board-front-small-large.jpg",1500,1500,false],"thumbnail":["https:\/\/soprasapnea.com\/wp-content\/uploads\/2022\/10\/852527-852528-SUP-board-front-small-large-150x150.jpg",150,150,true],"medium":["https:\/\/soprasapnea.com\/wp-content\/uploads\/2022\/10\/852527-852528-SUP-board-front-small-large-300x300.jpg",300,300,true],"medium_large":["https:\/\/soprasapnea.com\/wp-content\/uploads\/2022\/10\/852527-852528-SUP-board-front-small-large-768x768.jpg",768,768,true],"large":["https:\/\/soprasapnea.com\/wp-content\/uploads\/2022\/10\/852527-852528-SUP-board-front-small-large-1024x1024.jpg",1024,1024,true],"1536x1536":["https:\/\/soprasapnea.com\/wp-content\/uploads\/2022\/10\/852527-852528-SUP-board-front-small-large.jpg",1500,1500,false],"2048x2048":["https:\/\/soprasapnea.com\/wp-content\/uploads\/2022\/10\/852527-852528-SUP-board-front-small-large.jpg",1500,1500,false],"neve-blog":["https:\/\/soprasapnea.com\/wp-content\/uploads\/2022\/10\/852527-852528-SUP-board-front-small-large-930x620.jpg",930,620,true],"mailpoet_newsletter_max":["https:\/\/soprasapnea.com\/wp-content\/uploads\/2022\/10\/852527-852528-SUP-board-front-small-large.jpg",1320,1320,false],"woocommerce_thumbnail":["https:\/\/soprasapnea.com\/wp-content\/uploads\/2022\/10\/852527-852528-SUP-board-front-small-large-300x300.jpg",300,300,true],"woocommerce_single":["https:\/\/soprasapnea.com\/wp-content\/uploads\/2022\/10\/852527-852528-SUP-board-front-small-large-600x600.jpg",600,600,true],"woocommerce_gallery_thumbnail":["https:\/\/soprasapnea.com\/wp-content\/uploads\/2022\/10\/852527-852528-SUP-board-front-small-large-100x100.jpg",100,100,true]},"uagb_author_info":{"display_name":"Michaela Sobkova","author_link":"https:\/\/soprasapnea.com\/cs\/author\/"},"uagb_comment_info":0,"uagb_excerpt":"Top side -The small board has 4 handles on the sides for the resting and assisting\/safety divers (plus one handle in the middle for easy carrying). -4 D-rings with bungee in the front for equipment fixing (you can easily store the fins for example). Bottom On the bottom of the of board there are 2&hellip;&nbsp;\u010c\u00edst&hellip;","_links":{"self":[{"href":"https:\/\/soprasapnea.com\/cs\/wp-json\/wp\/v2\/product\/13162","targetHints":{"allow":["GET"]}}],"collection":[{"href":"https:\/\/soprasapnea.com\/cs\/wp-json\/wp\/v2\/product"}],"about":[{"href":"https:\/\/soprasapnea.com\/cs\/wp-json\/wp\/v2\/types\/product"}],"replies":[{"embeddable":true,"href":"https:\/\/soprasapnea.com\/cs\/wp-json\/wp\/v2\/comments?post=13162"}],"wp:featuredmedia":[{"embeddable":true,"href":"https:\/\/soprasapnea.com\/cs\/wp-json\/wp\/v2\/media\/10571"}],"wp:attachment":[{"href":"https:\/\/soprasapnea.com\/cs\/wp-json\/wp\/v2\/media?parent=13162"}],"wp:term":[{"taxonomy":"product_brand","embeddable":true,"href":"https:\/\/soprasapnea.com\/cs\/wp-json\/wp\/v2\/product_brand?post=13162"},{"taxonomy":"product_cat","embeddable":true,"href":"https:\/\/soprasapnea.com\/cs\/wp-json\/wp\/v2\/product_cat?post=13162"},{"taxonomy":"product_tag","embeddable":true,"href":"https:\/\/soprasapnea.com\/cs\/wp-json\/wp\/v2\/product_tag?post=13162"}],"curies":[{"name":"wp","href":"https:\/\/api.w.org\/{rel}","templated":true}]}}