{"id":13256,"date":"2019-09-25T09:20:12","date_gmt":"2019-09-25T08:20:12","guid":{"rendered":"https:\/\/soprasapnea.com\/shop\/marlin-pro-glued-3mm\/"},"modified":"2019-09-25T09:20:12","modified_gmt":"2019-09-25T08:20:12","slug":"marlin-pro-glued-3mm","status":"publish","type":"product","link":"https:\/\/soprasapnea.com\/cs\/shop\/marlin-pro-glued-3mm\/","title":{"rendered":"Marlin Pro (GBS)  &#8211; 3mm"},"content":{"rendered":"<p>Looking for maximum speed and agility? Marlin is a freediving jumpsuit featuring glide skin on the outside to reduce drag and extrastretch nylon inside for maximum agility and comfort. Marlin Pro with 3mm neoprene inside stitch and outside gluing for maximum seal and stylish look.<\/p>\n<p>Size: 2 &#8211; 6<\/p>\n<p style=\"font-weight: 400;\">Here a video of Marlin in use:<\/p>\n<p style=\"font-weight: 400;\"><a href=\"https:\/\/youtu.be\/y4eFA0VNJqM\" data-saferedirecturl=\"https:\/\/www.google.com\/url?q=https:\/\/youtu.be\/y4eFA0VNJqM&amp;source=gmail&amp;ust=1687931383932000&amp;usg=AOvVaw0w221wIHIYZmc8LP3mlLWR\">https:\/\/youtu.be\/y4eFA0VNJqM<\/a><\/p>\n","protected":false},"excerpt":{"rendered":"<p>Looking for maximum speed and agility? Marlin is a freediving jumpsuit featuring glide skin on the outside to reduce drag and extrastretch nylon inside for maximum agility and comfort. Marlin Pro with 3mm neoprene inside stitch and outside gluing for maximum seal and stylish look. Size: 2 &#8211; 6 Here a video of Marlin in&hellip;&nbsp;<a href=\"https:\/\/soprasapnea.com\/cs\/shop\/marlin-pro-glued-3mm\/\" rel=\"bookmark\">\u010c\u00edst d\u00e1le &raquo;<span class=\"screen-reader-text\">Marlin Pro (GBS)  &#8211; 3mm<\/span><\/a><\/p>\n","protected":false},"featured_media":12177,"comment_status":"open","ping_status":"closed","template":"","meta":{"_acf_changed":false,"_uag_custom_page_level_css":"","neve_meta_sidebar":"","neve_meta_container":"","neve_meta_enable_content_width":"off","neve_meta_content_width":100,"neve_meta_title_alignment":"","neve_meta_author_avatar":"","neve_post_elements_order":"","neve_meta_disable_header":"","neve_meta_disable_footer":"","neve_meta_disable_title":""},"product_brand":[],"product_cat":[554],"product_tag":[],"class_list":{"0":"post-13256","1":"product","2":"type-product","3":"status-publish","4":"has-post-thumbnail","6":"product_cat-ostatni","8":"first","9":"instock","10":"taxable","11":"shipping-taxable","12":"purchasable","13":"product-type-variable"},"acf":[],"yoast_head":"<!-- This site is optimized with the Yoast SEO plugin v27.2 - https:\/\/yoast.com\/product\/yoast-seo-wordpress\/ -->\n<title>Marlin Pro (GBS) - 3mm - Sopras Apnea<\/title>\n<meta name=\"robots\" content=\"index, follow, max-snippet:-1, max-image-preview:large, max-video-preview:-1\" \/>\n<link rel=\"canonical\" href=\"https:\/\/soprasapnea.com\/cs\/shop\/marlin-pro-glued-3mm\/\" \/>\n<meta property=\"og:locale\" content=\"cs_CZ\" \/>\n<meta property=\"og:type\" content=\"article\" \/>\n<meta property=\"og:title\" content=\"Marlin Pro (GBS) - 3mm - Sopras Apnea\" \/>\n<meta property=\"og:description\" content=\"Looking for maximum speed and agility? Marlin is a freediving jumpsuit featuring glide skin on the outside to reduce drag and extrastretch nylon inside for maximum agility and comfort. Marlin Pro with 3mm neoprene inside stitch and outside gluing for maximum seal and stylish look. Size: 2 &#8211; 6 Here a video of Marlin in&hellip;&nbsp;\u010c\u00edst d\u00e1le &raquo;Marlin Pro (GBS) &#8211; 3mm\" \/>\n<meta property=\"og:url\" content=\"https:\/\/soprasapnea.com\/cs\/shop\/marlin-pro-glued-3mm\/\" \/>\n<meta property=\"og:site_name\" content=\"Sopras Apnea\" \/>\n<meta name=\"twitter:card\" content=\"summary_large_image\" \/>\n<script type=\"application\/ld+json\" class=\"yoast-schema-graph\">{\"@context\":\"https:\/\/schema.org\",\"@graph\":[{\"@type\":\"WebPage\",\"@id\":\"https:\/\/soprasapnea.com\/cs\/shop\/marlin-pro-glued-3mm\/\",\"url\":\"https:\/\/soprasapnea.com\/cs\/shop\/marlin-pro-glued-3mm\/\",\"name\":\"Marlin Pro (GBS) - 3mm - Sopras Apnea\",\"isPartOf\":{\"@id\":\"https:\/\/soprasapnea.com\/#website\"},\"primaryImageOfPage\":{\"@id\":\"https:\/\/soprasapnea.com\/cs\/shop\/marlin-pro-glued-3mm\/#primaryimage\"},\"image\":{\"@id\":\"https:\/\/soprasapnea.com\/cs\/shop\/marlin-pro-glued-3mm\/#primaryimage\"},\"thumbnailUrl\":\"https:\/\/soprasapnea.com\/wp-content\/uploads\/2019\/09\/113750-Marlin-Pro-glued-3mm.jpg\",\"datePublished\":\"2019-09-25T08:20:12+00:00\",\"breadcrumb\":{\"@id\":\"https:\/\/soprasapnea.com\/cs\/shop\/marlin-pro-glued-3mm\/#breadcrumb\"},\"inLanguage\":\"cs\",\"potentialAction\":[{\"@type\":\"ReadAction\",\"target\":[\"https:\/\/soprasapnea.com\/cs\/shop\/marlin-pro-glued-3mm\/\"]}]},{\"@type\":\"ImageObject\",\"inLanguage\":\"cs\",\"@id\":\"https:\/\/soprasapnea.com\/cs\/shop\/marlin-pro-glued-3mm\/#primaryimage\",\"url\":\"https:\/\/soprasapnea.com\/wp-content\/uploads\/2019\/09\/113750-Marlin-Pro-glued-3mm.jpg\",\"contentUrl\":\"https:\/\/soprasapnea.com\/wp-content\/uploads\/2019\/09\/113750-Marlin-Pro-glued-3mm.jpg\",\"width\":1500,\"height\":1500},{\"@type\":\"BreadcrumbList\",\"@id\":\"https:\/\/soprasapnea.com\/cs\/shop\/marlin-pro-glued-3mm\/#breadcrumb\",\"itemListElement\":[{\"@type\":\"ListItem\",\"position\":1,\"name\":\"Home\",\"item\":\"https:\/\/soprasapnea.com\/cs\/\"},{\"@type\":\"ListItem\",\"position\":2,\"name\":\"Shop\",\"item\":\"https:\/\/soprasapnea.com\/cs\/shop\/\"},{\"@type\":\"ListItem\",\"position\":3,\"name\":\"Marlin Pro (GBS) &#8211; 3mm\"}]},{\"@type\":\"WebSite\",\"@id\":\"https:\/\/soprasapnea.com\/#website\",\"url\":\"https:\/\/soprasapnea.com\/\",\"name\":\"Sopras Apnea\",\"description\":\"Freediving, spearfishing equipment\",\"potentialAction\":[{\"@type\":\"SearchAction\",\"target\":{\"@type\":\"EntryPoint\",\"urlTemplate\":\"https:\/\/soprasapnea.com\/?s={search_term_string}\"},\"query-input\":{\"@type\":\"PropertyValueSpecification\",\"valueRequired\":true,\"valueName\":\"search_term_string\"}}],\"inLanguage\":\"cs\"}]}<\/script>\n<!-- \/ Yoast SEO plugin. -->","yoast_head_json":{"title":"Marlin Pro (GBS) - 3mm - Sopras Apnea","robots":{"index":"index","follow":"follow","max-snippet":"max-snippet:-1","max-image-preview":"max-image-preview:large","max-video-preview":"max-video-preview:-1"},"canonical":"https:\/\/soprasapnea.com\/cs\/shop\/marlin-pro-glued-3mm\/","og_locale":"cs_CZ","og_type":"article","og_title":"Marlin Pro (GBS) - 3mm - Sopras Apnea","og_description":"Looking for maximum speed and agility? Marlin is a freediving jumpsuit featuring glide skin on the outside to reduce drag and extrastretch nylon inside for maximum agility and comfort. Marlin Pro with 3mm neoprene inside stitch and outside gluing for maximum seal and stylish look. Size: 2 &#8211; 6 Here a video of Marlin in&hellip;&nbsp;\u010c\u00edst d\u00e1le &raquo;Marlin Pro (GBS) &#8211; 3mm","og_url":"https:\/\/soprasapnea.com\/cs\/shop\/marlin-pro-glued-3mm\/","og_site_name":"Sopras Apnea","twitter_card":"summary_large_image","schema":{"@context":"https:\/\/schema.org","@graph":[{"@type":"WebPage","@id":"https:\/\/soprasapnea.com\/cs\/shop\/marlin-pro-glued-3mm\/","url":"https:\/\/soprasapnea.com\/cs\/shop\/marlin-pro-glued-3mm\/","name":"Marlin Pro (GBS) - 3mm - Sopras Apnea","isPartOf":{"@id":"https:\/\/soprasapnea.com\/#website"},"primaryImageOfPage":{"@id":"https:\/\/soprasapnea.com\/cs\/shop\/marlin-pro-glued-3mm\/#primaryimage"},"image":{"@id":"https:\/\/soprasapnea.com\/cs\/shop\/marlin-pro-glued-3mm\/#primaryimage"},"thumbnailUrl":"https:\/\/soprasapnea.com\/wp-content\/uploads\/2019\/09\/113750-Marlin-Pro-glued-3mm.jpg","datePublished":"2019-09-25T08:20:12+00:00","breadcrumb":{"@id":"https:\/\/soprasapnea.com\/cs\/shop\/marlin-pro-glued-3mm\/#breadcrumb"},"inLanguage":"cs","potentialAction":[{"@type":"ReadAction","target":["https:\/\/soprasapnea.com\/cs\/shop\/marlin-pro-glued-3mm\/"]}]},{"@type":"ImageObject","inLanguage":"cs","@id":"https:\/\/soprasapnea.com\/cs\/shop\/marlin-pro-glued-3mm\/#primaryimage","url":"https:\/\/soprasapnea.com\/wp-content\/uploads\/2019\/09\/113750-Marlin-Pro-glued-3mm.jpg","contentUrl":"https:\/\/soprasapnea.com\/wp-content\/uploads\/2019\/09\/113750-Marlin-Pro-glued-3mm.jpg","width":1500,"height":1500},{"@type":"BreadcrumbList","@id":"https:\/\/soprasapnea.com\/cs\/shop\/marlin-pro-glued-3mm\/#breadcrumb","itemListElement":[{"@type":"ListItem","position":1,"name":"Home","item":"https:\/\/soprasapnea.com\/cs\/"},{"@type":"ListItem","position":2,"name":"Shop","item":"https:\/\/soprasapnea.com\/cs\/shop\/"},{"@type":"ListItem","position":3,"name":"Marlin Pro (GBS) &#8211; 3mm"}]},{"@type":"WebSite","@id":"https:\/\/soprasapnea.com\/#website","url":"https:\/\/soprasapnea.com\/","name":"Sopras Apnea","description":"Freediving, spearfishing equipment","potentialAction":[{"@type":"SearchAction","target":{"@type":"EntryPoint","urlTemplate":"https:\/\/soprasapnea.com\/?s={search_term_string}"},"query-input":{"@type":"PropertyValueSpecification","valueRequired":true,"valueName":"search_term_string"}}],"inLanguage":"cs"}]}},"uagb_featured_image_src":{"full":["https:\/\/soprasapnea.com\/wp-content\/uploads\/2019\/09\/113750-Marlin-Pro-glued-3mm.jpg",1500,1500,false],"thumbnail":["https:\/\/soprasapnea.com\/wp-content\/uploads\/2019\/09\/113750-Marlin-Pro-glued-3mm-150x150.jpg",150,150,true],"medium":["https:\/\/soprasapnea.com\/wp-content\/uploads\/2019\/09\/113750-Marlin-Pro-glued-3mm-300x300.jpg",300,300,true],"medium_large":["https:\/\/soprasapnea.com\/wp-content\/uploads\/2019\/09\/113750-Marlin-Pro-glued-3mm-768x768.jpg",768,768,true],"large":["https:\/\/soprasapnea.com\/wp-content\/uploads\/2019\/09\/113750-Marlin-Pro-glued-3mm-1024x1024.jpg",1024,1024,true],"1536x1536":["https:\/\/soprasapnea.com\/wp-content\/uploads\/2019\/09\/113750-Marlin-Pro-glued-3mm.jpg",1500,1500,false],"2048x2048":["https:\/\/soprasapnea.com\/wp-content\/uploads\/2019\/09\/113750-Marlin-Pro-glued-3mm.jpg",1500,1500,false],"neve-blog":["https:\/\/soprasapnea.com\/wp-content\/uploads\/2019\/09\/113750-Marlin-Pro-glued-3mm-930x620.jpg",930,620,true],"mailpoet_newsletter_max":["https:\/\/soprasapnea.com\/wp-content\/uploads\/2019\/09\/113750-Marlin-Pro-glued-3mm.jpg",1320,1320,false],"woocommerce_thumbnail":["https:\/\/soprasapnea.com\/wp-content\/uploads\/2019\/09\/113750-Marlin-Pro-glued-3mm-300x300.jpg",300,300,true],"woocommerce_single":["https:\/\/soprasapnea.com\/wp-content\/uploads\/2019\/09\/113750-Marlin-Pro-glued-3mm-600x600.jpg",600,600,true],"woocommerce_gallery_thumbnail":["https:\/\/soprasapnea.com\/wp-content\/uploads\/2019\/09\/113750-Marlin-Pro-glued-3mm-100x100.jpg",100,100,true]},"uagb_author_info":{"display_name":"Michaela Sobkova","author_link":"https:\/\/soprasapnea.com\/cs\/author\/"},"uagb_comment_info":0,"uagb_excerpt":"Looking for maximum speed and agility? Marlin is a freediving jumpsuit featuring glide skin on the outside to reduce drag and extrastretch nylon inside for maximum agility and comfort. Marlin Pro with 3mm neoprene inside stitch and outside gluing for maximum seal and stylish look. Size: 2 &#8211; 6 Here a video of Marlin in&hellip;&nbsp;\u010c\u00edst&hellip;","_links":{"self":[{"href":"https:\/\/soprasapnea.com\/cs\/wp-json\/wp\/v2\/product\/13256","targetHints":{"allow":["GET"]}}],"collection":[{"href":"https:\/\/soprasapnea.com\/cs\/wp-json\/wp\/v2\/product"}],"about":[{"href":"https:\/\/soprasapnea.com\/cs\/wp-json\/wp\/v2\/types\/product"}],"replies":[{"embeddable":true,"href":"https:\/\/soprasapnea.com\/cs\/wp-json\/wp\/v2\/comments?post=13256"}],"wp:featuredmedia":[{"embeddable":true,"href":"https:\/\/soprasapnea.com\/cs\/wp-json\/wp\/v2\/media\/12177"}],"wp:attachment":[{"href":"https:\/\/soprasapnea.com\/cs\/wp-json\/wp\/v2\/media?parent=13256"}],"wp:term":[{"taxonomy":"product_brand","embeddable":true,"href":"https:\/\/soprasapnea.com\/cs\/wp-json\/wp\/v2\/product_brand?post=13256"},{"taxonomy":"product_cat","embeddable":true,"href":"https:\/\/soprasapnea.com\/cs\/wp-json\/wp\/v2\/product_cat?post=13256"},{"taxonomy":"product_tag","embeddable":true,"href":"https:\/\/soprasapnea.com\/cs\/wp-json\/wp\/v2\/product_tag?post=13256"}],"curies":[{"name":"wp","href":"https:\/\/api.w.org\/{rel}","templated":true}]}}