{"id":13266,"date":"2019-02-26T11:31:14","date_gmt":"2019-02-26T10:31:14","guid":{"rendered":"https:\/\/soprasapnea.com\/shop\/freediver-buoy-in-pink\/"},"modified":"2019-02-26T11:31:14","modified_gmt":"2019-02-26T10:31:14","slug":"freediver-buoy-in-pink","status":"publish","type":"product","link":"https:\/\/soprasapnea.com\/cs\/shop\/freediver-buoy-in-pink\/","title":{"rendered":"Freediver buoy in pink"},"content":{"rendered":"<p>Big buoy in\u00a0pink\u00a0for freedivers features:<br \/>\n\u2022 the inside bladder is in Nylon 200D and is H.F. welded therefore is extremely light weight (only 1.2kgs)<br \/>\n\u2022 SS ring on the bottom and around the buoy<br \/>\n\u2022 Net on the bottom for water drainage<br \/>\n\u2022 large opening on the top<br \/>\n\u2022 possibility to install divers\u2018 flag<br \/>\nSize: 70 x 25 cm \u2022 28\u201c x 10\u201c<br \/>\nMateri\u00e1l: Nylon 800D (outside bladder) &#8211; Nylon 200D (inside bladder)<\/p>\n<p>Can be equiped by over pressure valve ( OPR valve ).<\/p>\n<p style=\"font-weight: 400;\">Here a video presentation of our Atoll Buoy for freedivers:\u00a0<a href=\"https:\/\/youtu.be\/FlnOW6mmwZo\" data-saferedirecturl=\"https:\/\/www.google.com\/url?q=https:\/\/youtu.be\/FlnOW6mmwZo&amp;source=gmail&amp;ust=1687931383022000&amp;usg=AOvVaw20DRfw74uKL23eav3chvTz\">https:\/\/youtu.be\/FlnOW6mmwZo<\/a><\/p>\n","protected":false},"excerpt":{"rendered":"<p>Big buoy in\u00a0pink\u00a0for freedivers features: \u2022 the inside bladder is in Nylon 200D and is H.F. welded therefore is extremely light weight (only 1.2kgs) \u2022 SS ring on the bottom and around the buoy \u2022 Net on the bottom for water drainage \u2022 large opening on the top \u2022 possibility to install divers\u2018 flag Size:&hellip;&nbsp;<a href=\"https:\/\/soprasapnea.com\/cs\/shop\/freediver-buoy-in-pink\/\" rel=\"bookmark\">\u010c\u00edst d\u00e1le &raquo;<span class=\"screen-reader-text\">Freediver buoy in pink<\/span><\/a><\/p>\n","protected":false},"featured_media":12213,"comment_status":"open","ping_status":"closed","template":"","meta":{"_acf_changed":false,"_uag_custom_page_level_css":"","neve_meta_sidebar":"","neve_meta_container":"","neve_meta_enable_content_width":"off","neve_meta_content_width":100,"neve_meta_title_alignment":"","neve_meta_author_avatar":"","neve_post_elements_order":"","neve_meta_disable_header":"","neve_meta_disable_footer":"","neve_meta_disable_title":""},"product_brand":[],"product_cat":[478],"product_tag":[],"class_list":{"0":"post-13266","1":"product","2":"type-product","3":"status-publish","4":"has-post-thumbnail","6":"product_cat-hladinove-bojky","8":"first","9":"instock","10":"taxable","11":"shipping-taxable","12":"purchasable","13":"product-type-variable"},"acf":[],"yoast_head":"<!-- This site is optimized with the Yoast SEO plugin v27.2 - https:\/\/yoast.com\/product\/yoast-seo-wordpress\/ -->\n<title>Freediver buoy in pink - Sopras Apnea<\/title>\n<meta name=\"robots\" content=\"index, follow, max-snippet:-1, max-image-preview:large, max-video-preview:-1\" \/>\n<link rel=\"canonical\" href=\"https:\/\/soprasapnea.com\/cs\/shop\/freediver-buoy-in-pink\/\" \/>\n<meta property=\"og:locale\" content=\"cs_CZ\" \/>\n<meta property=\"og:type\" content=\"article\" \/>\n<meta property=\"og:title\" content=\"Freediver buoy in pink - Sopras Apnea\" \/>\n<meta property=\"og:description\" content=\"Big buoy in\u00a0pink\u00a0for freedivers features: \u2022 the inside bladder is in Nylon 200D and is H.F. welded therefore is extremely light weight (only 1.2kgs) \u2022 SS ring on the bottom and around the buoy \u2022 Net on the bottom for water drainage \u2022 large opening on the top \u2022 possibility to install divers\u2018 flag Size:&hellip;&nbsp;\u010c\u00edst d\u00e1le &raquo;Freediver buoy in pink\" \/>\n<meta property=\"og:url\" content=\"https:\/\/soprasapnea.com\/cs\/shop\/freediver-buoy-in-pink\/\" \/>\n<meta property=\"og:site_name\" content=\"Sopras Apnea\" \/>\n<meta name=\"twitter:card\" content=\"summary_large_image\" \/>\n<script type=\"application\/ld+json\" class=\"yoast-schema-graph\">{\"@context\":\"https:\/\/schema.org\",\"@graph\":[{\"@type\":\"WebPage\",\"@id\":\"https:\/\/soprasapnea.com\/cs\/shop\/freediver-buoy-in-pink\/\",\"url\":\"https:\/\/soprasapnea.com\/cs\/shop\/freediver-buoy-in-pink\/\",\"name\":\"Freediver buoy in pink - Sopras Apnea\",\"isPartOf\":{\"@id\":\"https:\/\/soprasapnea.com\/#website\"},\"primaryImageOfPage\":{\"@id\":\"https:\/\/soprasapnea.com\/cs\/shop\/freediver-buoy-in-pink\/#primaryimage\"},\"image\":{\"@id\":\"https:\/\/soprasapnea.com\/cs\/shop\/freediver-buoy-in-pink\/#primaryimage\"},\"thumbnailUrl\":\"https:\/\/soprasapnea.com\/wp-content\/uploads\/2018\/11\/852563-Front-37.jpg\",\"datePublished\":\"2019-02-26T10:31:14+00:00\",\"breadcrumb\":{\"@id\":\"https:\/\/soprasapnea.com\/cs\/shop\/freediver-buoy-in-pink\/#breadcrumb\"},\"inLanguage\":\"cs\",\"potentialAction\":[{\"@type\":\"ReadAction\",\"target\":[\"https:\/\/soprasapnea.com\/cs\/shop\/freediver-buoy-in-pink\/\"]}]},{\"@type\":\"ImageObject\",\"inLanguage\":\"cs\",\"@id\":\"https:\/\/soprasapnea.com\/cs\/shop\/freediver-buoy-in-pink\/#primaryimage\",\"url\":\"https:\/\/soprasapnea.com\/wp-content\/uploads\/2018\/11\/852563-Front-37.jpg\",\"contentUrl\":\"https:\/\/soprasapnea.com\/wp-content\/uploads\/2018\/11\/852563-Front-37.jpg\",\"width\":1500,\"height\":1500},{\"@type\":\"BreadcrumbList\",\"@id\":\"https:\/\/soprasapnea.com\/cs\/shop\/freediver-buoy-in-pink\/#breadcrumb\",\"itemListElement\":[{\"@type\":\"ListItem\",\"position\":1,\"name\":\"Home\",\"item\":\"https:\/\/soprasapnea.com\/cs\/\"},{\"@type\":\"ListItem\",\"position\":2,\"name\":\"Shop\",\"item\":\"https:\/\/soprasapnea.com\/cs\/shop\/\"},{\"@type\":\"ListItem\",\"position\":3,\"name\":\"Freediver buoy in pink\"}]},{\"@type\":\"WebSite\",\"@id\":\"https:\/\/soprasapnea.com\/#website\",\"url\":\"https:\/\/soprasapnea.com\/\",\"name\":\"Sopras Apnea\",\"description\":\"Freediving, spearfishing equipment\",\"potentialAction\":[{\"@type\":\"SearchAction\",\"target\":{\"@type\":\"EntryPoint\",\"urlTemplate\":\"https:\/\/soprasapnea.com\/?s={search_term_string}\"},\"query-input\":{\"@type\":\"PropertyValueSpecification\",\"valueRequired\":true,\"valueName\":\"search_term_string\"}}],\"inLanguage\":\"cs\"}]}<\/script>\n<!-- \/ Yoast SEO plugin. -->","yoast_head_json":{"title":"Freediver buoy in pink - Sopras Apnea","robots":{"index":"index","follow":"follow","max-snippet":"max-snippet:-1","max-image-preview":"max-image-preview:large","max-video-preview":"max-video-preview:-1"},"canonical":"https:\/\/soprasapnea.com\/cs\/shop\/freediver-buoy-in-pink\/","og_locale":"cs_CZ","og_type":"article","og_title":"Freediver buoy in pink - Sopras Apnea","og_description":"Big buoy in\u00a0pink\u00a0for freedivers features: \u2022 the inside bladder is in Nylon 200D and is H.F. welded therefore is extremely light weight (only 1.2kgs) \u2022 SS ring on the bottom and around the buoy \u2022 Net on the bottom for water drainage \u2022 large opening on the top \u2022 possibility to install divers\u2018 flag Size:&hellip;&nbsp;\u010c\u00edst d\u00e1le &raquo;Freediver buoy in pink","og_url":"https:\/\/soprasapnea.com\/cs\/shop\/freediver-buoy-in-pink\/","og_site_name":"Sopras Apnea","twitter_card":"summary_large_image","schema":{"@context":"https:\/\/schema.org","@graph":[{"@type":"WebPage","@id":"https:\/\/soprasapnea.com\/cs\/shop\/freediver-buoy-in-pink\/","url":"https:\/\/soprasapnea.com\/cs\/shop\/freediver-buoy-in-pink\/","name":"Freediver buoy in pink - Sopras Apnea","isPartOf":{"@id":"https:\/\/soprasapnea.com\/#website"},"primaryImageOfPage":{"@id":"https:\/\/soprasapnea.com\/cs\/shop\/freediver-buoy-in-pink\/#primaryimage"},"image":{"@id":"https:\/\/soprasapnea.com\/cs\/shop\/freediver-buoy-in-pink\/#primaryimage"},"thumbnailUrl":"https:\/\/soprasapnea.com\/wp-content\/uploads\/2018\/11\/852563-Front-37.jpg","datePublished":"2019-02-26T10:31:14+00:00","breadcrumb":{"@id":"https:\/\/soprasapnea.com\/cs\/shop\/freediver-buoy-in-pink\/#breadcrumb"},"inLanguage":"cs","potentialAction":[{"@type":"ReadAction","target":["https:\/\/soprasapnea.com\/cs\/shop\/freediver-buoy-in-pink\/"]}]},{"@type":"ImageObject","inLanguage":"cs","@id":"https:\/\/soprasapnea.com\/cs\/shop\/freediver-buoy-in-pink\/#primaryimage","url":"https:\/\/soprasapnea.com\/wp-content\/uploads\/2018\/11\/852563-Front-37.jpg","contentUrl":"https:\/\/soprasapnea.com\/wp-content\/uploads\/2018\/11\/852563-Front-37.jpg","width":1500,"height":1500},{"@type":"BreadcrumbList","@id":"https:\/\/soprasapnea.com\/cs\/shop\/freediver-buoy-in-pink\/#breadcrumb","itemListElement":[{"@type":"ListItem","position":1,"name":"Home","item":"https:\/\/soprasapnea.com\/cs\/"},{"@type":"ListItem","position":2,"name":"Shop","item":"https:\/\/soprasapnea.com\/cs\/shop\/"},{"@type":"ListItem","position":3,"name":"Freediver buoy in pink"}]},{"@type":"WebSite","@id":"https:\/\/soprasapnea.com\/#website","url":"https:\/\/soprasapnea.com\/","name":"Sopras Apnea","description":"Freediving, spearfishing equipment","potentialAction":[{"@type":"SearchAction","target":{"@type":"EntryPoint","urlTemplate":"https:\/\/soprasapnea.com\/?s={search_term_string}"},"query-input":{"@type":"PropertyValueSpecification","valueRequired":true,"valueName":"search_term_string"}}],"inLanguage":"cs"}]}},"uagb_featured_image_src":{"full":["https:\/\/soprasapnea.com\/wp-content\/uploads\/2018\/11\/852563-Front-37.jpg",1500,1500,false],"thumbnail":["https:\/\/soprasapnea.com\/wp-content\/uploads\/2018\/11\/852563-Front-37-150x150.jpg",150,150,true],"medium":["https:\/\/soprasapnea.com\/wp-content\/uploads\/2018\/11\/852563-Front-37-300x300.jpg",300,300,true],"medium_large":["https:\/\/soprasapnea.com\/wp-content\/uploads\/2018\/11\/852563-Front-37-768x768.jpg",768,768,true],"large":["https:\/\/soprasapnea.com\/wp-content\/uploads\/2018\/11\/852563-Front-37-1024x1024.jpg",1024,1024,true],"1536x1536":["https:\/\/soprasapnea.com\/wp-content\/uploads\/2018\/11\/852563-Front-37.jpg",1500,1500,false],"2048x2048":["https:\/\/soprasapnea.com\/wp-content\/uploads\/2018\/11\/852563-Front-37.jpg",1500,1500,false],"neve-blog":["https:\/\/soprasapnea.com\/wp-content\/uploads\/2018\/11\/852563-Front-37-930x620.jpg",930,620,true],"mailpoet_newsletter_max":["https:\/\/soprasapnea.com\/wp-content\/uploads\/2018\/11\/852563-Front-37.jpg",1320,1320,false],"woocommerce_thumbnail":["https:\/\/soprasapnea.com\/wp-content\/uploads\/2018\/11\/852563-Front-37-300x300.jpg",300,300,true],"woocommerce_single":["https:\/\/soprasapnea.com\/wp-content\/uploads\/2018\/11\/852563-Front-37-600x600.jpg",600,600,true],"woocommerce_gallery_thumbnail":["https:\/\/soprasapnea.com\/wp-content\/uploads\/2018\/11\/852563-Front-37-100x100.jpg",100,100,true]},"uagb_author_info":{"display_name":"","author_link":"https:\/\/soprasapnea.com\/cs\/author\/"},"uagb_comment_info":0,"uagb_excerpt":"Big buoy in\u00a0pink\u00a0for freedivers features: \u2022 the inside bladder is in Nylon 200D and is H.F. welded therefore is extremely light weight (only 1.2kgs) \u2022 SS ring on the bottom and around the buoy \u2022 Net on the bottom for water drainage \u2022 large opening on the top \u2022 possibility to install divers\u2018 flag Size:&hellip;&nbsp;\u010c\u00edst&hellip;","_links":{"self":[{"href":"https:\/\/soprasapnea.com\/cs\/wp-json\/wp\/v2\/product\/13266","targetHints":{"allow":["GET"]}}],"collection":[{"href":"https:\/\/soprasapnea.com\/cs\/wp-json\/wp\/v2\/product"}],"about":[{"href":"https:\/\/soprasapnea.com\/cs\/wp-json\/wp\/v2\/types\/product"}],"replies":[{"embeddable":true,"href":"https:\/\/soprasapnea.com\/cs\/wp-json\/wp\/v2\/comments?post=13266"}],"wp:featuredmedia":[{"embeddable":true,"href":"https:\/\/soprasapnea.com\/cs\/wp-json\/wp\/v2\/media\/12213"}],"wp:attachment":[{"href":"https:\/\/soprasapnea.com\/cs\/wp-json\/wp\/v2\/media?parent=13266"}],"wp:term":[{"taxonomy":"product_brand","embeddable":true,"href":"https:\/\/soprasapnea.com\/cs\/wp-json\/wp\/v2\/product_brand?post=13266"},{"taxonomy":"product_cat","embeddable":true,"href":"https:\/\/soprasapnea.com\/cs\/wp-json\/wp\/v2\/product_cat?post=13266"},{"taxonomy":"product_tag","embeddable":true,"href":"https:\/\/soprasapnea.com\/cs\/wp-json\/wp\/v2\/product_tag?post=13266"}],"curies":[{"name":"wp","href":"https:\/\/api.w.org\/{rel}","templated":true}]}}