{"id":13861,"date":"2015-10-28T16:40:18","date_gmt":"2015-10-28T16:40:18","guid":{"rendered":"https:\/\/soprasapnea.com\/shop\/ek-700\/"},"modified":"2015-10-28T16:40:18","modified_gmt":"2015-10-28T16:40:18","slug":"ek-700","status":"publish","type":"product","link":"https:\/\/soprasapnea.com\/cs\/shop\/ek-700\/","title":{"rendered":"EK 700"},"content":{"rendered":"<p>&#8222;New small but extremely powerful dive torch. Here below the specifications:<br \/>\nBulb Type: CREE single-chip LED<br \/>\nBrightness:700lumens<br \/>\nBeam Angle:10\u00b0<br \/>\nBattery:3 x C  Alkaline Battery<br \/>\nRun Time: apprx. 3 hours (100%)<br \/>\nDepth Rating: 100m\/300ft<br \/>\nSize: 210mm x 42mm<br \/>\nMaterial: Aluminium Alloy<br \/>\nSurface: Anodized<br \/>\nSwitch Mode: Twist On Type<br \/>\nThe torch is opened from the back turning the end cap. The rubber ring around the torch head adds on attractivness and protects the head from damaging<br \/>\n&#8220;<\/p>\n","protected":false},"excerpt":{"rendered":"<p>&#8222;New small but extremely powerful dive torch. Here below the specifications: Bulb Type: CREE single-chip LED Brightness:700lumens Beam Angle:10\u00b0 Battery:3 x C Alkaline Battery Run Time: apprx. 3 hours (100%) Depth Rating: 100m\/300ft Size: 210mm x 42mm Material: Aluminium Alloy Surface: Anodized Switch Mode: Twist On Type The torch is opened from the back turning&hellip;&nbsp;<a href=\"https:\/\/soprasapnea.com\/cs\/shop\/ek-700\/\" rel=\"bookmark\">\u010c\u00edst d\u00e1le &raquo;<span class=\"screen-reader-text\">EK 700<\/span><\/a><\/p>\n","protected":false},"featured_media":6899,"comment_status":"open","ping_status":"closed","template":"","meta":{"_acf_changed":false,"_uag_custom_page_level_css":"","neve_meta_sidebar":"","neve_meta_container":"","neve_meta_enable_content_width":"","neve_meta_content_width":0,"neve_meta_title_alignment":"","neve_meta_author_avatar":"","neve_post_elements_order":"","neve_meta_disable_header":"","neve_meta_disable_footer":"","neve_meta_disable_title":""},"product_brand":[],"product_cat":[475],"product_tag":[],"class_list":{"0":"post-13861","1":"product","2":"type-product","3":"status-publish","4":"has-post-thumbnail","6":"product_cat-prislusenstvi-pro-freediving","8":"first","9":"instock","10":"taxable","11":"shipping-taxable","12":"purchasable","13":"product-type-variable"},"acf":[],"yoast_head":"<!-- This site is optimized with the Yoast SEO plugin v27.4 - https:\/\/yoast.com\/product\/yoast-seo-wordpress\/ -->\n<title>EK 700 - Sopras Apnea<\/title>\n<meta name=\"robots\" content=\"index, follow, max-snippet:-1, max-image-preview:large, max-video-preview:-1\" \/>\n<link rel=\"canonical\" href=\"https:\/\/soprasapnea.com\/cs\/shop\/ek-700\/\" \/>\n<meta property=\"og:locale\" content=\"cs_CZ\" \/>\n<meta property=\"og:type\" content=\"article\" \/>\n<meta property=\"og:title\" content=\"EK 700 - Sopras Apnea\" \/>\n<meta property=\"og:description\" content=\"&#8222;New small but extremely powerful dive torch. Here below the specifications: Bulb Type: CREE single-chip LED Brightness:700lumens Beam Angle:10\u00b0 Battery:3 x C Alkaline Battery Run Time: apprx. 3 hours (100%) Depth Rating: 100m\/300ft Size: 210mm x 42mm Material: Aluminium Alloy Surface: Anodized Switch Mode: Twist On Type The torch is opened from the back turning&hellip;&nbsp;\u010c\u00edst d\u00e1le &raquo;EK 700\" \/>\n<meta property=\"og:url\" content=\"https:\/\/soprasapnea.com\/cs\/shop\/ek-700\/\" \/>\n<meta property=\"og:site_name\" content=\"Sopras Apnea\" \/>\n<meta name=\"twitter:card\" content=\"summary_large_image\" \/>\n<script type=\"application\/ld+json\" class=\"yoast-schema-graph\">{\"@context\":\"https:\\\/\\\/schema.org\",\"@graph\":[{\"@type\":\"WebPage\",\"@id\":\"https:\\\/\\\/soprasapnea.com\\\/cs\\\/shop\\\/ek-700\\\/\",\"url\":\"https:\\\/\\\/soprasapnea.com\\\/cs\\\/shop\\\/ek-700\\\/\",\"name\":\"EK 700 - Sopras Apnea\",\"isPartOf\":{\"@id\":\"https:\\\/\\\/soprasapnea.com\\\/#website\"},\"primaryImageOfPage\":{\"@id\":\"https:\\\/\\\/soprasapnea.com\\\/cs\\\/shop\\\/ek-700\\\/#primaryimage\"},\"image\":{\"@id\":\"https:\\\/\\\/soprasapnea.com\\\/cs\\\/shop\\\/ek-700\\\/#primaryimage\"},\"thumbnailUrl\":\"https:\\\/\\\/soprasapnea.com\\\/wp-content\\\/uploads\\\/2015\\\/10\\\/806980.jpg\",\"datePublished\":\"2015-10-28T16:40:18+00:00\",\"breadcrumb\":{\"@id\":\"https:\\\/\\\/soprasapnea.com\\\/cs\\\/shop\\\/ek-700\\\/#breadcrumb\"},\"inLanguage\":\"cs\",\"potentialAction\":[{\"@type\":\"ReadAction\",\"target\":[\"https:\\\/\\\/soprasapnea.com\\\/cs\\\/shop\\\/ek-700\\\/\"]}]},{\"@type\":\"ImageObject\",\"inLanguage\":\"cs\",\"@id\":\"https:\\\/\\\/soprasapnea.com\\\/cs\\\/shop\\\/ek-700\\\/#primaryimage\",\"url\":\"https:\\\/\\\/soprasapnea.com\\\/wp-content\\\/uploads\\\/2015\\\/10\\\/806980.jpg\",\"contentUrl\":\"https:\\\/\\\/soprasapnea.com\\\/wp-content\\\/uploads\\\/2015\\\/10\\\/806980.jpg\",\"width\":240,\"height\":180},{\"@type\":\"BreadcrumbList\",\"@id\":\"https:\\\/\\\/soprasapnea.com\\\/cs\\\/shop\\\/ek-700\\\/#breadcrumb\",\"itemListElement\":[{\"@type\":\"ListItem\",\"position\":1,\"name\":\"Home\",\"item\":\"https:\\\/\\\/soprasapnea.com\\\/cs\\\/\"},{\"@type\":\"ListItem\",\"position\":2,\"name\":\"Shop\",\"item\":\"https:\\\/\\\/soprasapnea.com\\\/cs\\\/shop\\\/\"},{\"@type\":\"ListItem\",\"position\":3,\"name\":\"EK 700\"}]},{\"@type\":\"WebSite\",\"@id\":\"https:\\\/\\\/soprasapnea.com\\\/#website\",\"url\":\"https:\\\/\\\/soprasapnea.com\\\/\",\"name\":\"Sopras Apnea\",\"description\":\"Freediving, spearfishing equipment\",\"potentialAction\":[{\"@type\":\"SearchAction\",\"target\":{\"@type\":\"EntryPoint\",\"urlTemplate\":\"https:\\\/\\\/soprasapnea.com\\\/?s={search_term_string}\"},\"query-input\":{\"@type\":\"PropertyValueSpecification\",\"valueRequired\":true,\"valueName\":\"search_term_string\"}}],\"inLanguage\":\"cs\"}]}<\/script>\n<!-- \/ Yoast SEO plugin. -->","yoast_head_json":{"title":"EK 700 - Sopras Apnea","robots":{"index":"index","follow":"follow","max-snippet":"max-snippet:-1","max-image-preview":"max-image-preview:large","max-video-preview":"max-video-preview:-1"},"canonical":"https:\/\/soprasapnea.com\/cs\/shop\/ek-700\/","og_locale":"cs_CZ","og_type":"article","og_title":"EK 700 - Sopras Apnea","og_description":"&#8222;New small but extremely powerful dive torch. Here below the specifications: Bulb Type: CREE single-chip LED Brightness:700lumens Beam Angle:10\u00b0 Battery:3 x C Alkaline Battery Run Time: apprx. 3 hours (100%) Depth Rating: 100m\/300ft Size: 210mm x 42mm Material: Aluminium Alloy Surface: Anodized Switch Mode: Twist On Type The torch is opened from the back turning&hellip;&nbsp;\u010c\u00edst d\u00e1le &raquo;EK 700","og_url":"https:\/\/soprasapnea.com\/cs\/shop\/ek-700\/","og_site_name":"Sopras Apnea","twitter_card":"summary_large_image","schema":{"@context":"https:\/\/schema.org","@graph":[{"@type":"WebPage","@id":"https:\/\/soprasapnea.com\/cs\/shop\/ek-700\/","url":"https:\/\/soprasapnea.com\/cs\/shop\/ek-700\/","name":"EK 700 - Sopras Apnea","isPartOf":{"@id":"https:\/\/soprasapnea.com\/#website"},"primaryImageOfPage":{"@id":"https:\/\/soprasapnea.com\/cs\/shop\/ek-700\/#primaryimage"},"image":{"@id":"https:\/\/soprasapnea.com\/cs\/shop\/ek-700\/#primaryimage"},"thumbnailUrl":"https:\/\/soprasapnea.com\/wp-content\/uploads\/2015\/10\/806980.jpg","datePublished":"2015-10-28T16:40:18+00:00","breadcrumb":{"@id":"https:\/\/soprasapnea.com\/cs\/shop\/ek-700\/#breadcrumb"},"inLanguage":"cs","potentialAction":[{"@type":"ReadAction","target":["https:\/\/soprasapnea.com\/cs\/shop\/ek-700\/"]}]},{"@type":"ImageObject","inLanguage":"cs","@id":"https:\/\/soprasapnea.com\/cs\/shop\/ek-700\/#primaryimage","url":"https:\/\/soprasapnea.com\/wp-content\/uploads\/2015\/10\/806980.jpg","contentUrl":"https:\/\/soprasapnea.com\/wp-content\/uploads\/2015\/10\/806980.jpg","width":240,"height":180},{"@type":"BreadcrumbList","@id":"https:\/\/soprasapnea.com\/cs\/shop\/ek-700\/#breadcrumb","itemListElement":[{"@type":"ListItem","position":1,"name":"Home","item":"https:\/\/soprasapnea.com\/cs\/"},{"@type":"ListItem","position":2,"name":"Shop","item":"https:\/\/soprasapnea.com\/cs\/shop\/"},{"@type":"ListItem","position":3,"name":"EK 700"}]},{"@type":"WebSite","@id":"https:\/\/soprasapnea.com\/#website","url":"https:\/\/soprasapnea.com\/","name":"Sopras Apnea","description":"Freediving, spearfishing equipment","potentialAction":[{"@type":"SearchAction","target":{"@type":"EntryPoint","urlTemplate":"https:\/\/soprasapnea.com\/?s={search_term_string}"},"query-input":{"@type":"PropertyValueSpecification","valueRequired":true,"valueName":"search_term_string"}}],"inLanguage":"cs"}]}},"uagb_featured_image_src":{"full":["https:\/\/soprasapnea.com\/wp-content\/uploads\/2015\/10\/806980.jpg",240,180,false],"thumbnail":["https:\/\/soprasapnea.com\/wp-content\/uploads\/2015\/10\/806980-150x150.jpg",150,150,true],"medium":["https:\/\/soprasapnea.com\/wp-content\/uploads\/2015\/10\/806980.jpg",240,180,false],"medium_large":["https:\/\/soprasapnea.com\/wp-content\/uploads\/2015\/10\/806980.jpg",240,180,false],"large":["https:\/\/soprasapnea.com\/wp-content\/uploads\/2015\/10\/806980.jpg",240,180,false],"1536x1536":["https:\/\/soprasapnea.com\/wp-content\/uploads\/2015\/10\/806980.jpg",240,180,false],"2048x2048":["https:\/\/soprasapnea.com\/wp-content\/uploads\/2015\/10\/806980.jpg",240,180,false],"neve-blog":["https:\/\/soprasapnea.com\/wp-content\/uploads\/2015\/10\/806980.jpg",240,180,false],"mailpoet_newsletter_max":["https:\/\/soprasapnea.com\/wp-content\/uploads\/2015\/10\/806980.jpg",240,180,false],"woocommerce_thumbnail":["https:\/\/soprasapnea.com\/wp-content\/uploads\/2015\/10\/806980.jpg",240,180,false],"woocommerce_single":["https:\/\/soprasapnea.com\/wp-content\/uploads\/2015\/10\/806980.jpg",240,180,false],"woocommerce_gallery_thumbnail":["https:\/\/soprasapnea.com\/wp-content\/uploads\/2015\/10\/806980-100x100.jpg",100,100,true]},"uagb_author_info":{"display_name":"musilekv","author_link":"https:\/\/soprasapnea.com\/cs\/author\/"},"uagb_comment_info":0,"uagb_excerpt":"&#8222;New small but extremely powerful dive torch. Here below the specifications: Bulb Type: CREE single-chip LED Brightness:700lumens Beam Angle:10\u00b0 Battery:3 x C Alkaline Battery Run Time: apprx. 3 hours (100%) Depth Rating: 100m\/300ft Size: 210mm x 42mm Material: Aluminium Alloy Surface: Anodized Switch Mode: Twist On Type The torch is opened from the back turning&hellip;&nbsp;\u010c\u00edst&hellip;","_links":{"self":[{"href":"https:\/\/soprasapnea.com\/cs\/wp-json\/wp\/v2\/product\/13861","targetHints":{"allow":["GET"]}}],"collection":[{"href":"https:\/\/soprasapnea.com\/cs\/wp-json\/wp\/v2\/product"}],"about":[{"href":"https:\/\/soprasapnea.com\/cs\/wp-json\/wp\/v2\/types\/product"}],"replies":[{"embeddable":true,"href":"https:\/\/soprasapnea.com\/cs\/wp-json\/wp\/v2\/comments?post=13861"}],"wp:featuredmedia":[{"embeddable":true,"href":"https:\/\/soprasapnea.com\/cs\/wp-json\/wp\/v2\/media\/6899"}],"wp:attachment":[{"href":"https:\/\/soprasapnea.com\/cs\/wp-json\/wp\/v2\/media?parent=13861"}],"wp:term":[{"taxonomy":"product_brand","embeddable":true,"href":"https:\/\/soprasapnea.com\/cs\/wp-json\/wp\/v2\/product_brand?post=13861"},{"taxonomy":"product_cat","embeddable":true,"href":"https:\/\/soprasapnea.com\/cs\/wp-json\/wp\/v2\/product_cat?post=13861"},{"taxonomy":"product_tag","embeddable":true,"href":"https:\/\/soprasapnea.com\/cs\/wp-json\/wp\/v2\/product_tag?post=13861"}],"curies":[{"name":"wp","href":"https:\/\/api.w.org\/{rel}","templated":true}]}}