{"id":13870,"date":"2015-10-28T16:40:09","date_gmt":"2015-10-28T16:40:09","guid":{"rendered":"https:\/\/soprasapnea.com\/shop\/tl-1800\/"},"modified":"2015-10-28T16:40:09","modified_gmt":"2015-10-28T16:40:09","slug":"tl-1800","status":"publish","type":"product","link":"https:\/\/soprasapnea.com\/cs\/shop\/tl-1800\/","title":{"rendered":"TL 1800"},"content":{"rendered":"<p>The Soprassub TL-1800 LED aluminum technical light system delivers a stunning 1.800 lumens light output through the ultra compact leds and an 10 degree hot spot and 72 degree periphery. The 6500K white light reflects the true vibrant colors of the surrounding while diving. The 12V 2.3Ah rechargeable Ni-MH battery pack comes with a smart charger, featuring a Hi-Low switch, enabling you to quick-charge the battery pack in an hour. The 3 steps power adjustment lets you choose between three output levels, max at 100%, middle at 50% or low at 25%, extending the burn time and reducing reflections at close range. Full aluminium conector for ruggedness and durability. Replaceable Ni-MH battery pack.Colour temperature: 6 500K; buoyancy in water: 350gr (including battery); weight in air: 840gr (including battery); diameter: 73mm; lenght: 198,8mm; maximum depth: 100m<\/p>\n","protected":false},"excerpt":{"rendered":"<p>The Soprassub TL-1800 LED aluminum technical light system delivers a stunning 1.800 lumens light output through the ultra compact leds and an 10 degree hot spot and 72 degree periphery. The 6500K white light reflects the true vibrant colors of the surrounding while diving. The 12V 2.3Ah rechargeable Ni-MH battery pack comes with a smart&hellip;&nbsp;<a href=\"https:\/\/soprasapnea.com\/cs\/shop\/tl-1800\/\" rel=\"bookmark\">\u010c\u00edst d\u00e1le &raquo;<span class=\"screen-reader-text\">TL 1800<\/span><\/a><\/p>\n","protected":false},"featured_media":6893,"comment_status":"open","ping_status":"closed","template":"","meta":{"_acf_changed":false,"_uag_custom_page_level_css":"","neve_meta_sidebar":"","neve_meta_container":"","neve_meta_enable_content_width":"","neve_meta_content_width":0,"neve_meta_title_alignment":"","neve_meta_author_avatar":"","neve_post_elements_order":"","neve_meta_disable_header":"","neve_meta_disable_footer":"","neve_meta_disable_title":""},"product_brand":[],"product_cat":[475],"product_tag":[],"class_list":{"0":"post-13870","1":"product","2":"type-product","3":"status-publish","4":"has-post-thumbnail","6":"product_cat-prislusenstvi-pro-freediving","8":"first","9":"instock","10":"taxable","11":"shipping-taxable","12":"purchasable","13":"product-type-variable"},"acf":[],"yoast_head":"<!-- This site is optimized with the Yoast SEO plugin v27.5 - https:\/\/yoast.com\/product\/yoast-seo-wordpress\/ -->\n<title>TL 1800 - Sopras Apnea<\/title>\n<meta name=\"robots\" content=\"index, follow, max-snippet:-1, max-image-preview:large, max-video-preview:-1\" \/>\n<link rel=\"canonical\" href=\"https:\/\/soprasapnea.com\/cs\/shop\/tl-1800\/\" \/>\n<meta property=\"og:locale\" content=\"cs_CZ\" \/>\n<meta property=\"og:type\" content=\"article\" \/>\n<meta property=\"og:title\" content=\"TL 1800 - Sopras Apnea\" \/>\n<meta property=\"og:description\" content=\"The Soprassub TL-1800 LED aluminum technical light system delivers a stunning 1.800 lumens light output through the ultra compact leds and an 10 degree hot spot and 72 degree periphery. The 6500K white light reflects the true vibrant colors of the surrounding while diving. The 12V 2.3Ah rechargeable Ni-MH battery pack comes with a smart&hellip;&nbsp;\u010c\u00edst d\u00e1le &raquo;TL 1800\" \/>\n<meta property=\"og:url\" content=\"https:\/\/soprasapnea.com\/cs\/shop\/tl-1800\/\" \/>\n<meta property=\"og:site_name\" content=\"Sopras Apnea\" \/>\n<meta name=\"twitter:card\" content=\"summary_large_image\" \/>\n<meta name=\"twitter:label1\" content=\"Odhadovan\u00e1 doba \u010dten\u00ed\" \/>\n\t<meta name=\"twitter:data1\" content=\"1 minuta\" \/>\n<script type=\"application\/ld+json\" class=\"yoast-schema-graph\">{\"@context\":\"https:\\\/\\\/schema.org\",\"@graph\":[{\"@type\":\"WebPage\",\"@id\":\"https:\\\/\\\/soprasapnea.com\\\/cs\\\/shop\\\/tl-1800\\\/\",\"url\":\"https:\\\/\\\/soprasapnea.com\\\/cs\\\/shop\\\/tl-1800\\\/\",\"name\":\"TL 1800 - Sopras Apnea\",\"isPartOf\":{\"@id\":\"https:\\\/\\\/soprasapnea.com\\\/#website\"},\"primaryImageOfPage\":{\"@id\":\"https:\\\/\\\/soprasapnea.com\\\/cs\\\/shop\\\/tl-1800\\\/#primaryimage\"},\"image\":{\"@id\":\"https:\\\/\\\/soprasapnea.com\\\/cs\\\/shop\\\/tl-1800\\\/#primaryimage\"},\"thumbnailUrl\":\"https:\\\/\\\/soprasapnea.com\\\/wp-content\\\/uploads\\\/2015\\\/10\\\/806977.jpg\",\"datePublished\":\"2015-10-28T16:40:09+00:00\",\"breadcrumb\":{\"@id\":\"https:\\\/\\\/soprasapnea.com\\\/cs\\\/shop\\\/tl-1800\\\/#breadcrumb\"},\"inLanguage\":\"cs\",\"potentialAction\":[{\"@type\":\"ReadAction\",\"target\":[\"https:\\\/\\\/soprasapnea.com\\\/cs\\\/shop\\\/tl-1800\\\/\"]}]},{\"@type\":\"ImageObject\",\"inLanguage\":\"cs\",\"@id\":\"https:\\\/\\\/soprasapnea.com\\\/cs\\\/shop\\\/tl-1800\\\/#primaryimage\",\"url\":\"https:\\\/\\\/soprasapnea.com\\\/wp-content\\\/uploads\\\/2015\\\/10\\\/806977.jpg\",\"contentUrl\":\"https:\\\/\\\/soprasapnea.com\\\/wp-content\\\/uploads\\\/2015\\\/10\\\/806977.jpg\",\"width\":284,\"height\":189},{\"@type\":\"BreadcrumbList\",\"@id\":\"https:\\\/\\\/soprasapnea.com\\\/cs\\\/shop\\\/tl-1800\\\/#breadcrumb\",\"itemListElement\":[{\"@type\":\"ListItem\",\"position\":1,\"name\":\"Home\",\"item\":\"https:\\\/\\\/soprasapnea.com\\\/cs\\\/\"},{\"@type\":\"ListItem\",\"position\":2,\"name\":\"Shop\",\"item\":\"https:\\\/\\\/soprasapnea.com\\\/cs\\\/shop\\\/\"},{\"@type\":\"ListItem\",\"position\":3,\"name\":\"TL 1800\"}]},{\"@type\":\"WebSite\",\"@id\":\"https:\\\/\\\/soprasapnea.com\\\/#website\",\"url\":\"https:\\\/\\\/soprasapnea.com\\\/\",\"name\":\"Sopras Apnea\",\"description\":\"Freediving, spearfishing equipment\",\"potentialAction\":[{\"@type\":\"SearchAction\",\"target\":{\"@type\":\"EntryPoint\",\"urlTemplate\":\"https:\\\/\\\/soprasapnea.com\\\/?s={search_term_string}\"},\"query-input\":{\"@type\":\"PropertyValueSpecification\",\"valueRequired\":true,\"valueName\":\"search_term_string\"}}],\"inLanguage\":\"cs\"}]}<\/script>\n<!-- \/ Yoast SEO plugin. -->","yoast_head_json":{"title":"TL 1800 - Sopras Apnea","robots":{"index":"index","follow":"follow","max-snippet":"max-snippet:-1","max-image-preview":"max-image-preview:large","max-video-preview":"max-video-preview:-1"},"canonical":"https:\/\/soprasapnea.com\/cs\/shop\/tl-1800\/","og_locale":"cs_CZ","og_type":"article","og_title":"TL 1800 - Sopras Apnea","og_description":"The Soprassub TL-1800 LED aluminum technical light system delivers a stunning 1.800 lumens light output through the ultra compact leds and an 10 degree hot spot and 72 degree periphery. The 6500K white light reflects the true vibrant colors of the surrounding while diving. The 12V 2.3Ah rechargeable Ni-MH battery pack comes with a smart&hellip;&nbsp;\u010c\u00edst d\u00e1le &raquo;TL 1800","og_url":"https:\/\/soprasapnea.com\/cs\/shop\/tl-1800\/","og_site_name":"Sopras Apnea","twitter_card":"summary_large_image","twitter_misc":{"Odhadovan\u00e1 doba \u010dten\u00ed":"1 minuta"},"schema":{"@context":"https:\/\/schema.org","@graph":[{"@type":"WebPage","@id":"https:\/\/soprasapnea.com\/cs\/shop\/tl-1800\/","url":"https:\/\/soprasapnea.com\/cs\/shop\/tl-1800\/","name":"TL 1800 - Sopras Apnea","isPartOf":{"@id":"https:\/\/soprasapnea.com\/#website"},"primaryImageOfPage":{"@id":"https:\/\/soprasapnea.com\/cs\/shop\/tl-1800\/#primaryimage"},"image":{"@id":"https:\/\/soprasapnea.com\/cs\/shop\/tl-1800\/#primaryimage"},"thumbnailUrl":"https:\/\/soprasapnea.com\/wp-content\/uploads\/2015\/10\/806977.jpg","datePublished":"2015-10-28T16:40:09+00:00","breadcrumb":{"@id":"https:\/\/soprasapnea.com\/cs\/shop\/tl-1800\/#breadcrumb"},"inLanguage":"cs","potentialAction":[{"@type":"ReadAction","target":["https:\/\/soprasapnea.com\/cs\/shop\/tl-1800\/"]}]},{"@type":"ImageObject","inLanguage":"cs","@id":"https:\/\/soprasapnea.com\/cs\/shop\/tl-1800\/#primaryimage","url":"https:\/\/soprasapnea.com\/wp-content\/uploads\/2015\/10\/806977.jpg","contentUrl":"https:\/\/soprasapnea.com\/wp-content\/uploads\/2015\/10\/806977.jpg","width":284,"height":189},{"@type":"BreadcrumbList","@id":"https:\/\/soprasapnea.com\/cs\/shop\/tl-1800\/#breadcrumb","itemListElement":[{"@type":"ListItem","position":1,"name":"Home","item":"https:\/\/soprasapnea.com\/cs\/"},{"@type":"ListItem","position":2,"name":"Shop","item":"https:\/\/soprasapnea.com\/cs\/shop\/"},{"@type":"ListItem","position":3,"name":"TL 1800"}]},{"@type":"WebSite","@id":"https:\/\/soprasapnea.com\/#website","url":"https:\/\/soprasapnea.com\/","name":"Sopras Apnea","description":"Freediving, spearfishing equipment","potentialAction":[{"@type":"SearchAction","target":{"@type":"EntryPoint","urlTemplate":"https:\/\/soprasapnea.com\/?s={search_term_string}"},"query-input":{"@type":"PropertyValueSpecification","valueRequired":true,"valueName":"search_term_string"}}],"inLanguage":"cs"}]}},"uagb_featured_image_src":{"full":["https:\/\/soprasapnea.com\/wp-content\/uploads\/2015\/10\/806977.jpg",284,189,false],"thumbnail":["https:\/\/soprasapnea.com\/wp-content\/uploads\/2015\/10\/806977-150x150.jpg",150,150,true],"medium":["https:\/\/soprasapnea.com\/wp-content\/uploads\/2015\/10\/806977.jpg",284,189,false],"medium_large":["https:\/\/soprasapnea.com\/wp-content\/uploads\/2015\/10\/806977.jpg",284,189,false],"large":["https:\/\/soprasapnea.com\/wp-content\/uploads\/2015\/10\/806977.jpg",284,189,false],"1536x1536":["https:\/\/soprasapnea.com\/wp-content\/uploads\/2015\/10\/806977.jpg",284,189,false],"2048x2048":["https:\/\/soprasapnea.com\/wp-content\/uploads\/2015\/10\/806977.jpg",284,189,false],"neve-blog":["https:\/\/soprasapnea.com\/wp-content\/uploads\/2015\/10\/806977.jpg",284,189,false],"mailpoet_newsletter_max":["https:\/\/soprasapnea.com\/wp-content\/uploads\/2015\/10\/806977.jpg",284,189,false],"woocommerce_thumbnail":["https:\/\/soprasapnea.com\/wp-content\/uploads\/2015\/10\/806977.jpg",284,189,false],"woocommerce_single":["https:\/\/soprasapnea.com\/wp-content\/uploads\/2015\/10\/806977.jpg",284,189,false],"woocommerce_gallery_thumbnail":["https:\/\/soprasapnea.com\/wp-content\/uploads\/2015\/10\/806977-100x100.jpg",100,100,true]},"uagb_author_info":{"display_name":"musilekv","author_link":"https:\/\/soprasapnea.com\/cs\/author\/"},"uagb_comment_info":0,"uagb_excerpt":"The Soprassub TL-1800 LED aluminum technical light system delivers a stunning 1.800 lumens light output through the ultra compact leds and an 10 degree hot spot and 72 degree periphery. The 6500K white light reflects the true vibrant colors of the surrounding while diving. The 12V 2.3Ah rechargeable Ni-MH battery pack comes with a smart&hellip;&nbsp;\u010c\u00edst&hellip;","_links":{"self":[{"href":"https:\/\/soprasapnea.com\/cs\/wp-json\/wp\/v2\/product\/13870","targetHints":{"allow":["GET"]}}],"collection":[{"href":"https:\/\/soprasapnea.com\/cs\/wp-json\/wp\/v2\/product"}],"about":[{"href":"https:\/\/soprasapnea.com\/cs\/wp-json\/wp\/v2\/types\/product"}],"replies":[{"embeddable":true,"href":"https:\/\/soprasapnea.com\/cs\/wp-json\/wp\/v2\/comments?post=13870"}],"wp:featuredmedia":[{"embeddable":true,"href":"https:\/\/soprasapnea.com\/cs\/wp-json\/wp\/v2\/media\/6893"}],"wp:attachment":[{"href":"https:\/\/soprasapnea.com\/cs\/wp-json\/wp\/v2\/media?parent=13870"}],"wp:term":[{"taxonomy":"product_brand","embeddable":true,"href":"https:\/\/soprasapnea.com\/cs\/wp-json\/wp\/v2\/product_brand?post=13870"},{"taxonomy":"product_cat","embeddable":true,"href":"https:\/\/soprasapnea.com\/cs\/wp-json\/wp\/v2\/product_cat?post=13870"},{"taxonomy":"product_tag","embeddable":true,"href":"https:\/\/soprasapnea.com\/cs\/wp-json\/wp\/v2\/product_tag?post=13870"}],"curies":[{"name":"wp","href":"https:\/\/api.w.org\/{rel}","templated":true}]}}