{"id":13873,"date":"2015-10-28T16:40:06","date_gmt":"2015-10-28T16:40:06","guid":{"rendered":"https:\/\/soprasapnea.com\/shop\/cf-600-tek-focusable-led-diving-light\/"},"modified":"2026-05-10T05:56:14","modified_gmt":"2026-05-10T04:56:14","slug":"cf-600-tek-focusable-led-diving-light","status":"publish","type":"product","link":"https:\/\/soprasapnea.com\/cs\/shop\/cf-600-tek-focusable-led-diving-light\/","title":{"rendered":"CF 600 TEK FOCUSABLE LED DIVING LIGHT"},"content":{"rendered":"<p>Continuing the sucess of our popular focusable CF-600, this powerful big brother delivers a stunning 600 lumens brightness with a changeable focus, from a wide and even light beam at 28 degree to a concentrated hot spot at 8 degree. Twist the front to change the focus continuously. Magnetic swivel switch on the bottom, one hand operation. The solid aluminium body can withstand the most rugged diving situation. The 12V 2.3Ah rechargeable Ni-MH battery pack comes with a smart charger, featuring a Hi-Lo switch, enabling you to quickcharge the battery pack in an hour. The 3 steps power adjustment lets you choose between three output levels, max at 100%, middle at 50% or low at 25%, extending the burn time and reducing reflections at close range. Full aluminium conector for ruggedness and durability. Replaceable Ni-MH batter pack. Colour temperature: 6.500K (sun white light output); buoyancy in water: 326gr (including battery); weight in air: 772gr (including battery); diameter 59mm; lenght: 179,7mm; maximum depth: 100m <\/p>\n","protected":false},"excerpt":{"rendered":"<p>Continuing the sucess of our popular focusable CF-600, this powerful big brother delivers a stunning 600 lumens brightness with a changeable focus, from a wide and even light beam at 28 degree to a concentrated hot spot at 8 degree. Twist the front to change the focus continuously. Magnetic swivel switch on the bottom, one&hellip;&nbsp;<a href=\"https:\/\/soprasapnea.com\/cs\/shop\/cf-600-tek-focusable-led-diving-light\/\" rel=\"bookmark\">\u010c\u00edst d\u00e1le &raquo;<span class=\"screen-reader-text\">CF 600 TEK FOCUSABLE LED DIVING LIGHT<\/span><\/a><\/p>\n","protected":false},"featured_media":6891,"comment_status":"open","ping_status":"closed","template":"","meta":{"_acf_changed":false,"_uag_custom_page_level_css":"","neve_meta_sidebar":"","neve_meta_container":"","neve_meta_enable_content_width":"","neve_meta_content_width":0,"neve_meta_title_alignment":"","neve_meta_author_avatar":"","neve_post_elements_order":"","neve_meta_disable_header":"","neve_meta_disable_footer":"","neve_meta_disable_title":""},"product_brand":[],"product_cat":[475],"product_tag":[],"class_list":{"0":"post-13873","1":"product","2":"type-product","3":"status-publish","4":"has-post-thumbnail","6":"product_cat-prislusenstvi-pro-freediving","8":"first","9":"instock","10":"taxable","11":"shipping-taxable","12":"purchasable","13":"product-type-variable"},"acf":[],"yoast_head":"<!-- This site is optimized with the Yoast SEO plugin v27.5 - https:\/\/yoast.com\/product\/yoast-seo-wordpress\/ -->\n<title>CF 600 TEK FOCUSABLE LED DIVING LIGHT - Sopras Apnea<\/title>\n<meta name=\"robots\" content=\"index, follow, max-snippet:-1, max-image-preview:large, max-video-preview:-1\" \/>\n<link rel=\"canonical\" href=\"https:\/\/soprasapnea.com\/cs\/shop\/cf-600-tek-focusable-led-diving-light\/\" \/>\n<meta property=\"og:locale\" content=\"cs_CZ\" \/>\n<meta property=\"og:type\" content=\"article\" \/>\n<meta property=\"og:title\" content=\"CF 600 TEK FOCUSABLE LED DIVING LIGHT - Sopras Apnea\" \/>\n<meta property=\"og:description\" content=\"Continuing the sucess of our popular focusable CF-600, this powerful big brother delivers a stunning 600 lumens brightness with a changeable focus, from a wide and even light beam at 28 degree to a concentrated hot spot at 8 degree. Twist the front to change the focus continuously. Magnetic swivel switch on the bottom, one&hellip;&nbsp;\u010c\u00edst d\u00e1le &raquo;CF 600 TEK FOCUSABLE LED DIVING LIGHT\" \/>\n<meta property=\"og:url\" content=\"https:\/\/soprasapnea.com\/cs\/shop\/cf-600-tek-focusable-led-diving-light\/\" \/>\n<meta property=\"og:site_name\" content=\"Sopras Apnea\" \/>\n<meta property=\"article:modified_time\" content=\"2026-05-10T04:56:14+00:00\" \/>\n<meta property=\"og:image\" content=\"https:\/\/soprasapnea.com\/wp-content\/uploads\/2015\/10\/806976.jpg\" \/>\n\t<meta property=\"og:image:width\" content=\"213\" \/>\n\t<meta property=\"og:image:height\" content=\"137\" \/>\n\t<meta property=\"og:image:type\" content=\"image\/jpeg\" \/>\n<meta name=\"twitter:card\" content=\"summary_large_image\" \/>\n<meta name=\"twitter:label1\" content=\"Odhadovan\u00e1 doba \u010dten\u00ed\" \/>\n\t<meta name=\"twitter:data1\" content=\"1 minuta\" \/>\n<script type=\"application\/ld+json\" class=\"yoast-schema-graph\">{\"@context\":\"https:\\\/\\\/schema.org\",\"@graph\":[{\"@type\":\"WebPage\",\"@id\":\"https:\\\/\\\/soprasapnea.com\\\/cs\\\/shop\\\/cf-600-tek-focusable-led-diving-light\\\/\",\"url\":\"https:\\\/\\\/soprasapnea.com\\\/cs\\\/shop\\\/cf-600-tek-focusable-led-diving-light\\\/\",\"name\":\"CF 600 TEK FOCUSABLE LED DIVING LIGHT - Sopras Apnea\",\"isPartOf\":{\"@id\":\"https:\\\/\\\/soprasapnea.com\\\/#website\"},\"primaryImageOfPage\":{\"@id\":\"https:\\\/\\\/soprasapnea.com\\\/cs\\\/shop\\\/cf-600-tek-focusable-led-diving-light\\\/#primaryimage\"},\"image\":{\"@id\":\"https:\\\/\\\/soprasapnea.com\\\/cs\\\/shop\\\/cf-600-tek-focusable-led-diving-light\\\/#primaryimage\"},\"thumbnailUrl\":\"https:\\\/\\\/soprasapnea.com\\\/wp-content\\\/uploads\\\/2015\\\/10\\\/806976.jpg\",\"datePublished\":\"2015-10-28T16:40:06+00:00\",\"dateModified\":\"2026-05-10T04:56:14+00:00\",\"breadcrumb\":{\"@id\":\"https:\\\/\\\/soprasapnea.com\\\/cs\\\/shop\\\/cf-600-tek-focusable-led-diving-light\\\/#breadcrumb\"},\"inLanguage\":\"cs\",\"potentialAction\":[{\"@type\":\"ReadAction\",\"target\":[\"https:\\\/\\\/soprasapnea.com\\\/cs\\\/shop\\\/cf-600-tek-focusable-led-diving-light\\\/\"]}]},{\"@type\":\"ImageObject\",\"inLanguage\":\"cs\",\"@id\":\"https:\\\/\\\/soprasapnea.com\\\/cs\\\/shop\\\/cf-600-tek-focusable-led-diving-light\\\/#primaryimage\",\"url\":\"https:\\\/\\\/soprasapnea.com\\\/wp-content\\\/uploads\\\/2015\\\/10\\\/806976.jpg\",\"contentUrl\":\"https:\\\/\\\/soprasapnea.com\\\/wp-content\\\/uploads\\\/2015\\\/10\\\/806976.jpg\",\"width\":213,\"height\":137},{\"@type\":\"BreadcrumbList\",\"@id\":\"https:\\\/\\\/soprasapnea.com\\\/cs\\\/shop\\\/cf-600-tek-focusable-led-diving-light\\\/#breadcrumb\",\"itemListElement\":[{\"@type\":\"ListItem\",\"position\":1,\"name\":\"Home\",\"item\":\"https:\\\/\\\/soprasapnea.com\\\/cs\\\/\"},{\"@type\":\"ListItem\",\"position\":2,\"name\":\"Shop\",\"item\":\"https:\\\/\\\/soprasapnea.com\\\/cs\\\/shop\\\/\"},{\"@type\":\"ListItem\",\"position\":3,\"name\":\"CF 600 TEK FOCUSABLE LED DIVING LIGHT\"}]},{\"@type\":\"WebSite\",\"@id\":\"https:\\\/\\\/soprasapnea.com\\\/#website\",\"url\":\"https:\\\/\\\/soprasapnea.com\\\/\",\"name\":\"Sopras Apnea\",\"description\":\"Freediving, spearfishing equipment\",\"potentialAction\":[{\"@type\":\"SearchAction\",\"target\":{\"@type\":\"EntryPoint\",\"urlTemplate\":\"https:\\\/\\\/soprasapnea.com\\\/?s={search_term_string}\"},\"query-input\":{\"@type\":\"PropertyValueSpecification\",\"valueRequired\":true,\"valueName\":\"search_term_string\"}}],\"inLanguage\":\"cs\"}]}<\/script>\n<!-- \/ Yoast SEO plugin. -->","yoast_head_json":{"title":"CF 600 TEK FOCUSABLE LED DIVING LIGHT - Sopras Apnea","robots":{"index":"index","follow":"follow","max-snippet":"max-snippet:-1","max-image-preview":"max-image-preview:large","max-video-preview":"max-video-preview:-1"},"canonical":"https:\/\/soprasapnea.com\/cs\/shop\/cf-600-tek-focusable-led-diving-light\/","og_locale":"cs_CZ","og_type":"article","og_title":"CF 600 TEK FOCUSABLE LED DIVING LIGHT - Sopras Apnea","og_description":"Continuing the sucess of our popular focusable CF-600, this powerful big brother delivers a stunning 600 lumens brightness with a changeable focus, from a wide and even light beam at 28 degree to a concentrated hot spot at 8 degree. Twist the front to change the focus continuously. Magnetic swivel switch on the bottom, one&hellip;&nbsp;\u010c\u00edst d\u00e1le &raquo;CF 600 TEK FOCUSABLE LED DIVING LIGHT","og_url":"https:\/\/soprasapnea.com\/cs\/shop\/cf-600-tek-focusable-led-diving-light\/","og_site_name":"Sopras Apnea","article_modified_time":"2026-05-10T04:56:14+00:00","og_image":[{"width":213,"height":137,"url":"https:\/\/soprasapnea.com\/wp-content\/uploads\/2015\/10\/806976.jpg","type":"image\/jpeg"}],"twitter_card":"summary_large_image","twitter_misc":{"Odhadovan\u00e1 doba \u010dten\u00ed":"1 minuta"},"schema":{"@context":"https:\/\/schema.org","@graph":[{"@type":"WebPage","@id":"https:\/\/soprasapnea.com\/cs\/shop\/cf-600-tek-focusable-led-diving-light\/","url":"https:\/\/soprasapnea.com\/cs\/shop\/cf-600-tek-focusable-led-diving-light\/","name":"CF 600 TEK FOCUSABLE LED DIVING LIGHT - Sopras Apnea","isPartOf":{"@id":"https:\/\/soprasapnea.com\/#website"},"primaryImageOfPage":{"@id":"https:\/\/soprasapnea.com\/cs\/shop\/cf-600-tek-focusable-led-diving-light\/#primaryimage"},"image":{"@id":"https:\/\/soprasapnea.com\/cs\/shop\/cf-600-tek-focusable-led-diving-light\/#primaryimage"},"thumbnailUrl":"https:\/\/soprasapnea.com\/wp-content\/uploads\/2015\/10\/806976.jpg","datePublished":"2015-10-28T16:40:06+00:00","dateModified":"2026-05-10T04:56:14+00:00","breadcrumb":{"@id":"https:\/\/soprasapnea.com\/cs\/shop\/cf-600-tek-focusable-led-diving-light\/#breadcrumb"},"inLanguage":"cs","potentialAction":[{"@type":"ReadAction","target":["https:\/\/soprasapnea.com\/cs\/shop\/cf-600-tek-focusable-led-diving-light\/"]}]},{"@type":"ImageObject","inLanguage":"cs","@id":"https:\/\/soprasapnea.com\/cs\/shop\/cf-600-tek-focusable-led-diving-light\/#primaryimage","url":"https:\/\/soprasapnea.com\/wp-content\/uploads\/2015\/10\/806976.jpg","contentUrl":"https:\/\/soprasapnea.com\/wp-content\/uploads\/2015\/10\/806976.jpg","width":213,"height":137},{"@type":"BreadcrumbList","@id":"https:\/\/soprasapnea.com\/cs\/shop\/cf-600-tek-focusable-led-diving-light\/#breadcrumb","itemListElement":[{"@type":"ListItem","position":1,"name":"Home","item":"https:\/\/soprasapnea.com\/cs\/"},{"@type":"ListItem","position":2,"name":"Shop","item":"https:\/\/soprasapnea.com\/cs\/shop\/"},{"@type":"ListItem","position":3,"name":"CF 600 TEK FOCUSABLE LED DIVING LIGHT"}]},{"@type":"WebSite","@id":"https:\/\/soprasapnea.com\/#website","url":"https:\/\/soprasapnea.com\/","name":"Sopras Apnea","description":"Freediving, spearfishing equipment","potentialAction":[{"@type":"SearchAction","target":{"@type":"EntryPoint","urlTemplate":"https:\/\/soprasapnea.com\/?s={search_term_string}"},"query-input":{"@type":"PropertyValueSpecification","valueRequired":true,"valueName":"search_term_string"}}],"inLanguage":"cs"}]}},"uagb_featured_image_src":{"full":["https:\/\/soprasapnea.com\/wp-content\/uploads\/2015\/10\/806976.jpg",213,137,false],"thumbnail":["https:\/\/soprasapnea.com\/wp-content\/uploads\/2015\/10\/806976-150x137.jpg",150,137,true],"medium":["https:\/\/soprasapnea.com\/wp-content\/uploads\/2015\/10\/806976.jpg",213,137,false],"medium_large":["https:\/\/soprasapnea.com\/wp-content\/uploads\/2015\/10\/806976.jpg",213,137,false],"large":["https:\/\/soprasapnea.com\/wp-content\/uploads\/2015\/10\/806976.jpg",213,137,false],"1536x1536":["https:\/\/soprasapnea.com\/wp-content\/uploads\/2015\/10\/806976.jpg",213,137,false],"2048x2048":["https:\/\/soprasapnea.com\/wp-content\/uploads\/2015\/10\/806976.jpg",213,137,false],"neve-blog":["https:\/\/soprasapnea.com\/wp-content\/uploads\/2015\/10\/806976.jpg",213,137,false],"mailpoet_newsletter_max":["https:\/\/soprasapnea.com\/wp-content\/uploads\/2015\/10\/806976.jpg",213,137,false],"woocommerce_thumbnail":["https:\/\/soprasapnea.com\/wp-content\/uploads\/2015\/10\/806976.jpg",213,137,false],"woocommerce_single":["https:\/\/soprasapnea.com\/wp-content\/uploads\/2015\/10\/806976.jpg",213,137,false],"woocommerce_gallery_thumbnail":["https:\/\/soprasapnea.com\/wp-content\/uploads\/2015\/10\/806976-100x100.jpg",100,100,true]},"uagb_author_info":{"display_name":"musilekv","author_link":"https:\/\/soprasapnea.com\/cs\/author\/"},"uagb_comment_info":0,"uagb_excerpt":"Continuing the sucess of our popular focusable CF-600, this powerful big brother delivers a stunning 600 lumens brightness with a changeable focus, from a wide and even light beam at 28 degree to a concentrated hot spot at 8 degree. Twist the front to change the focus continuously. Magnetic swivel switch on the bottom, one&hellip;&nbsp;\u010c\u00edst&hellip;","_links":{"self":[{"href":"https:\/\/soprasapnea.com\/cs\/wp-json\/wp\/v2\/product\/13873","targetHints":{"allow":["GET"]}}],"collection":[{"href":"https:\/\/soprasapnea.com\/cs\/wp-json\/wp\/v2\/product"}],"about":[{"href":"https:\/\/soprasapnea.com\/cs\/wp-json\/wp\/v2\/types\/product"}],"replies":[{"embeddable":true,"href":"https:\/\/soprasapnea.com\/cs\/wp-json\/wp\/v2\/comments?post=13873"}],"wp:featuredmedia":[{"embeddable":true,"href":"https:\/\/soprasapnea.com\/cs\/wp-json\/wp\/v2\/media\/6891"}],"wp:attachment":[{"href":"https:\/\/soprasapnea.com\/cs\/wp-json\/wp\/v2\/media?parent=13873"}],"wp:term":[{"taxonomy":"product_brand","embeddable":true,"href":"https:\/\/soprasapnea.com\/cs\/wp-json\/wp\/v2\/product_brand?post=13873"},{"taxonomy":"product_cat","embeddable":true,"href":"https:\/\/soprasapnea.com\/cs\/wp-json\/wp\/v2\/product_cat?post=13873"},{"taxonomy":"product_tag","embeddable":true,"href":"https:\/\/soprasapnea.com\/cs\/wp-json\/wp\/v2\/product_tag?post=13873"}],"curies":[{"name":"wp","href":"https:\/\/api.w.org\/{rel}","templated":true}]}}