{"id":13897,"date":"2015-10-28T16:39:42","date_gmt":"2015-10-28T16:39:42","guid":{"rendered":"https:\/\/soprasapnea.com\/shop\/cometa-3w-led-compact-ultra-bright-light\/"},"modified":"2015-10-28T16:39:42","modified_gmt":"2015-10-28T16:39:42","slug":"cometa-3w-led-compact-ultra-bright-light","status":"publish","type":"product","link":"https:\/\/soprasapnea.com\/cs\/shop\/cometa-3w-led-compact-ultra-bright-light\/","title":{"rendered":"Cometa &#8211;  3W LED compact Ultra-Bright Light"},"content":{"rendered":"<p>Soprassub F-107 LED diving light is the most compact and light-weight among our products, acting as the ideal pocket light and back up light. Its high output 3W LED delivers high quality luminosity with a burn time up to 150 minutes. The efficiency and the excellent quality of LED guarantee a lifespan of 50,000 hours, eliminating the need for a periodic replacement of the bulb itself. Using 4 pieces of 1.5C AAA size batteries which are available everywhere. Easy switch mechanisum achieved by simply twisting the front lens for on and off. Rubber front lens protector to increase the durability of this tiny pocket light. Premium high-gloss metallic finish which is also rust-proof. <\/p>\n","protected":false},"excerpt":{"rendered":"<p>Soprassub F-107 LED diving light is the most compact and light-weight among our products, acting as the ideal pocket light and back up light. Its high output 3W LED delivers high quality luminosity with a burn time up to 150 minutes. The efficiency and the excellent quality of LED guarantee a lifespan of 50,000 hours,&hellip;&nbsp;<a href=\"https:\/\/soprasapnea.com\/cs\/shop\/cometa-3w-led-compact-ultra-bright-light\/\" rel=\"bookmark\">\u010c\u00edst d\u00e1le &raquo;<span class=\"screen-reader-text\">Cometa &#8211;  3W LED compact Ultra-Bright Light<\/span><\/a><\/p>\n","protected":false},"featured_media":6873,"comment_status":"open","ping_status":"closed","template":"","meta":{"_acf_changed":false,"_uag_custom_page_level_css":"","neve_meta_sidebar":"","neve_meta_container":"","neve_meta_enable_content_width":"","neve_meta_content_width":0,"neve_meta_title_alignment":"","neve_meta_author_avatar":"","neve_post_elements_order":"","neve_meta_disable_header":"","neve_meta_disable_footer":"","neve_meta_disable_title":""},"product_brand":[],"product_cat":[475],"product_tag":[],"class_list":{"0":"post-13897","1":"product","2":"type-product","3":"status-publish","4":"has-post-thumbnail","6":"product_cat-prislusenstvi-pro-freediving","8":"first","9":"instock","10":"taxable","11":"shipping-taxable","12":"purchasable","13":"product-type-variable"},"acf":[],"yoast_head":"<!-- This site is optimized with the Yoast SEO plugin v27.2 - https:\/\/yoast.com\/product\/yoast-seo-wordpress\/ -->\n<title>Cometa - 3W LED compact Ultra-Bright Light - Sopras Apnea<\/title>\n<meta name=\"robots\" content=\"index, follow, max-snippet:-1, max-image-preview:large, max-video-preview:-1\" \/>\n<link rel=\"canonical\" href=\"https:\/\/soprasapnea.com\/cs\/shop\/cometa-3w-led-compact-ultra-bright-light\/\" \/>\n<meta property=\"og:locale\" content=\"cs_CZ\" \/>\n<meta property=\"og:type\" content=\"article\" \/>\n<meta property=\"og:title\" content=\"Cometa - 3W LED compact Ultra-Bright Light - Sopras Apnea\" \/>\n<meta property=\"og:description\" content=\"Soprassub F-107 LED diving light is the most compact and light-weight among our products, acting as the ideal pocket light and back up light. Its high output 3W LED delivers high quality luminosity with a burn time up to 150 minutes. The efficiency and the excellent quality of LED guarantee a lifespan of 50,000 hours,&hellip;&nbsp;\u010c\u00edst d\u00e1le &raquo;Cometa &#8211; 3W LED compact Ultra-Bright Light\" \/>\n<meta property=\"og:url\" content=\"https:\/\/soprasapnea.com\/cs\/shop\/cometa-3w-led-compact-ultra-bright-light\/\" \/>\n<meta property=\"og:site_name\" content=\"Sopras Apnea\" \/>\n<meta name=\"twitter:card\" content=\"summary_large_image\" \/>\n<meta name=\"twitter:label1\" content=\"Odhadovan\u00e1 doba \u010dten\u00ed\" \/>\n\t<meta name=\"twitter:data1\" content=\"1 minuta\" \/>\n<script type=\"application\/ld+json\" class=\"yoast-schema-graph\">{\"@context\":\"https:\/\/schema.org\",\"@graph\":[{\"@type\":\"WebPage\",\"@id\":\"https:\/\/soprasapnea.com\/cs\/shop\/cometa-3w-led-compact-ultra-bright-light\/\",\"url\":\"https:\/\/soprasapnea.com\/cs\/shop\/cometa-3w-led-compact-ultra-bright-light\/\",\"name\":\"Cometa - 3W LED compact Ultra-Bright Light - Sopras Apnea\",\"isPartOf\":{\"@id\":\"https:\/\/soprasapnea.com\/#website\"},\"primaryImageOfPage\":{\"@id\":\"https:\/\/soprasapnea.com\/cs\/shop\/cometa-3w-led-compact-ultra-bright-light\/#primaryimage\"},\"image\":{\"@id\":\"https:\/\/soprasapnea.com\/cs\/shop\/cometa-3w-led-compact-ultra-bright-light\/#primaryimage\"},\"thumbnailUrl\":\"https:\/\/soprasapnea.com\/wp-content\/uploads\/2015\/10\/806966.jpg\",\"datePublished\":\"2015-10-28T16:39:42+00:00\",\"breadcrumb\":{\"@id\":\"https:\/\/soprasapnea.com\/cs\/shop\/cometa-3w-led-compact-ultra-bright-light\/#breadcrumb\"},\"inLanguage\":\"cs\",\"potentialAction\":[{\"@type\":\"ReadAction\",\"target\":[\"https:\/\/soprasapnea.com\/cs\/shop\/cometa-3w-led-compact-ultra-bright-light\/\"]}]},{\"@type\":\"ImageObject\",\"inLanguage\":\"cs\",\"@id\":\"https:\/\/soprasapnea.com\/cs\/shop\/cometa-3w-led-compact-ultra-bright-light\/#primaryimage\",\"url\":\"https:\/\/soprasapnea.com\/wp-content\/uploads\/2015\/10\/806966.jpg\",\"contentUrl\":\"https:\/\/soprasapnea.com\/wp-content\/uploads\/2015\/10\/806966.jpg\",\"width\":230,\"height\":97},{\"@type\":\"BreadcrumbList\",\"@id\":\"https:\/\/soprasapnea.com\/cs\/shop\/cometa-3w-led-compact-ultra-bright-light\/#breadcrumb\",\"itemListElement\":[{\"@type\":\"ListItem\",\"position\":1,\"name\":\"Home\",\"item\":\"https:\/\/soprasapnea.com\/cs\/\"},{\"@type\":\"ListItem\",\"position\":2,\"name\":\"Shop\",\"item\":\"https:\/\/soprasapnea.com\/cs\/shop\/\"},{\"@type\":\"ListItem\",\"position\":3,\"name\":\"Cometa &#8211; 3W LED compact Ultra-Bright Light\"}]},{\"@type\":\"WebSite\",\"@id\":\"https:\/\/soprasapnea.com\/#website\",\"url\":\"https:\/\/soprasapnea.com\/\",\"name\":\"Sopras Apnea\",\"description\":\"Freediving, spearfishing equipment\",\"potentialAction\":[{\"@type\":\"SearchAction\",\"target\":{\"@type\":\"EntryPoint\",\"urlTemplate\":\"https:\/\/soprasapnea.com\/?s={search_term_string}\"},\"query-input\":{\"@type\":\"PropertyValueSpecification\",\"valueRequired\":true,\"valueName\":\"search_term_string\"}}],\"inLanguage\":\"cs\"}]}<\/script>\n<!-- \/ Yoast SEO plugin. -->","yoast_head_json":{"title":"Cometa - 3W LED compact Ultra-Bright Light - Sopras Apnea","robots":{"index":"index","follow":"follow","max-snippet":"max-snippet:-1","max-image-preview":"max-image-preview:large","max-video-preview":"max-video-preview:-1"},"canonical":"https:\/\/soprasapnea.com\/cs\/shop\/cometa-3w-led-compact-ultra-bright-light\/","og_locale":"cs_CZ","og_type":"article","og_title":"Cometa - 3W LED compact Ultra-Bright Light - Sopras Apnea","og_description":"Soprassub F-107 LED diving light is the most compact and light-weight among our products, acting as the ideal pocket light and back up light. Its high output 3W LED delivers high quality luminosity with a burn time up to 150 minutes. The efficiency and the excellent quality of LED guarantee a lifespan of 50,000 hours,&hellip;&nbsp;\u010c\u00edst d\u00e1le &raquo;Cometa &#8211; 3W LED compact Ultra-Bright Light","og_url":"https:\/\/soprasapnea.com\/cs\/shop\/cometa-3w-led-compact-ultra-bright-light\/","og_site_name":"Sopras Apnea","twitter_card":"summary_large_image","twitter_misc":{"Odhadovan\u00e1 doba \u010dten\u00ed":"1 minuta"},"schema":{"@context":"https:\/\/schema.org","@graph":[{"@type":"WebPage","@id":"https:\/\/soprasapnea.com\/cs\/shop\/cometa-3w-led-compact-ultra-bright-light\/","url":"https:\/\/soprasapnea.com\/cs\/shop\/cometa-3w-led-compact-ultra-bright-light\/","name":"Cometa - 3W LED compact Ultra-Bright Light - Sopras Apnea","isPartOf":{"@id":"https:\/\/soprasapnea.com\/#website"},"primaryImageOfPage":{"@id":"https:\/\/soprasapnea.com\/cs\/shop\/cometa-3w-led-compact-ultra-bright-light\/#primaryimage"},"image":{"@id":"https:\/\/soprasapnea.com\/cs\/shop\/cometa-3w-led-compact-ultra-bright-light\/#primaryimage"},"thumbnailUrl":"https:\/\/soprasapnea.com\/wp-content\/uploads\/2015\/10\/806966.jpg","datePublished":"2015-10-28T16:39:42+00:00","breadcrumb":{"@id":"https:\/\/soprasapnea.com\/cs\/shop\/cometa-3w-led-compact-ultra-bright-light\/#breadcrumb"},"inLanguage":"cs","potentialAction":[{"@type":"ReadAction","target":["https:\/\/soprasapnea.com\/cs\/shop\/cometa-3w-led-compact-ultra-bright-light\/"]}]},{"@type":"ImageObject","inLanguage":"cs","@id":"https:\/\/soprasapnea.com\/cs\/shop\/cometa-3w-led-compact-ultra-bright-light\/#primaryimage","url":"https:\/\/soprasapnea.com\/wp-content\/uploads\/2015\/10\/806966.jpg","contentUrl":"https:\/\/soprasapnea.com\/wp-content\/uploads\/2015\/10\/806966.jpg","width":230,"height":97},{"@type":"BreadcrumbList","@id":"https:\/\/soprasapnea.com\/cs\/shop\/cometa-3w-led-compact-ultra-bright-light\/#breadcrumb","itemListElement":[{"@type":"ListItem","position":1,"name":"Home","item":"https:\/\/soprasapnea.com\/cs\/"},{"@type":"ListItem","position":2,"name":"Shop","item":"https:\/\/soprasapnea.com\/cs\/shop\/"},{"@type":"ListItem","position":3,"name":"Cometa &#8211; 3W LED compact Ultra-Bright Light"}]},{"@type":"WebSite","@id":"https:\/\/soprasapnea.com\/#website","url":"https:\/\/soprasapnea.com\/","name":"Sopras Apnea","description":"Freediving, spearfishing equipment","potentialAction":[{"@type":"SearchAction","target":{"@type":"EntryPoint","urlTemplate":"https:\/\/soprasapnea.com\/?s={search_term_string}"},"query-input":{"@type":"PropertyValueSpecification","valueRequired":true,"valueName":"search_term_string"}}],"inLanguage":"cs"}]}},"uagb_featured_image_src":{"full":["https:\/\/soprasapnea.com\/wp-content\/uploads\/2015\/10\/806966.jpg",230,97,false],"thumbnail":["https:\/\/soprasapnea.com\/wp-content\/uploads\/2015\/10\/806966-150x97.jpg",150,97,true],"medium":["https:\/\/soprasapnea.com\/wp-content\/uploads\/2015\/10\/806966.jpg",230,97,false],"medium_large":["https:\/\/soprasapnea.com\/wp-content\/uploads\/2015\/10\/806966.jpg",230,97,false],"large":["https:\/\/soprasapnea.com\/wp-content\/uploads\/2015\/10\/806966.jpg",230,97,false],"1536x1536":["https:\/\/soprasapnea.com\/wp-content\/uploads\/2015\/10\/806966.jpg",230,97,false],"2048x2048":["https:\/\/soprasapnea.com\/wp-content\/uploads\/2015\/10\/806966.jpg",230,97,false],"neve-blog":["https:\/\/soprasapnea.com\/wp-content\/uploads\/2015\/10\/806966.jpg",230,97,false],"mailpoet_newsletter_max":["https:\/\/soprasapnea.com\/wp-content\/uploads\/2015\/10\/806966.jpg",230,97,false],"woocommerce_thumbnail":["https:\/\/soprasapnea.com\/wp-content\/uploads\/2015\/10\/806966.jpg",230,97,false],"woocommerce_single":["https:\/\/soprasapnea.com\/wp-content\/uploads\/2015\/10\/806966.jpg",230,97,false],"woocommerce_gallery_thumbnail":["https:\/\/soprasapnea.com\/wp-content\/uploads\/2015\/10\/806966-100x97.jpg",100,97,true]},"uagb_author_info":{"display_name":"musilekv","author_link":"https:\/\/soprasapnea.com\/cs\/author\/"},"uagb_comment_info":0,"uagb_excerpt":"Soprassub F-107 LED diving light is the most compact and light-weight among our products, acting as the ideal pocket light and back up light. Its high output 3W LED delivers high quality luminosity with a burn time up to 150 minutes. The efficiency and the excellent quality of LED guarantee a lifespan of 50,000 hours,&hellip;&nbsp;\u010c\u00edst&hellip;","_links":{"self":[{"href":"https:\/\/soprasapnea.com\/cs\/wp-json\/wp\/v2\/product\/13897","targetHints":{"allow":["GET"]}}],"collection":[{"href":"https:\/\/soprasapnea.com\/cs\/wp-json\/wp\/v2\/product"}],"about":[{"href":"https:\/\/soprasapnea.com\/cs\/wp-json\/wp\/v2\/types\/product"}],"replies":[{"embeddable":true,"href":"https:\/\/soprasapnea.com\/cs\/wp-json\/wp\/v2\/comments?post=13897"}],"wp:featuredmedia":[{"embeddable":true,"href":"https:\/\/soprasapnea.com\/cs\/wp-json\/wp\/v2\/media\/6873"}],"wp:attachment":[{"href":"https:\/\/soprasapnea.com\/cs\/wp-json\/wp\/v2\/media?parent=13897"}],"wp:term":[{"taxonomy":"product_brand","embeddable":true,"href":"https:\/\/soprasapnea.com\/cs\/wp-json\/wp\/v2\/product_brand?post=13897"},{"taxonomy":"product_cat","embeddable":true,"href":"https:\/\/soprasapnea.com\/cs\/wp-json\/wp\/v2\/product_cat?post=13897"},{"taxonomy":"product_tag","embeddable":true,"href":"https:\/\/soprasapnea.com\/cs\/wp-json\/wp\/v2\/product_tag?post=13897"}],"curies":[{"name":"wp","href":"https:\/\/api.w.org\/{rel}","templated":true}]}}