{"id":14471,"date":"2015-10-27T21:22:17","date_gmt":"2015-10-27T21:22:17","guid":{"rendered":"https:\/\/soprasapnea.com\/shop\/monofin\/"},"modified":"2026-05-10T05:47:48","modified_gmt":"2026-05-10T04:47:48","slug":"monofin","status":"publish","type":"product","link":"https:\/\/soprasapnea.com\/cs\/shop\/monofin\/","title":{"rendered":"MONOFIN"},"content":{"rendered":"<p>This monofin is suitable for advaced freedivers who want to explore their underwater surroundings and generally use their monofin for prolonged periods of time. It can be worn with neoprene socks for extra comfort and warmth. Equipped with high quality thermoplastic rubber foot pocket. Great also for recreational freediving and training. Material: foot pocket &#8211; TPR (thermoplastic rubber)\/ fin blade &#8211; PP (polypropylene)<br \/>\nAvailable sizes: 38\/39 (4-5), lenght: 56 cm (22&#8220;)<br \/>\n                            40\/41 (6-7), lenght: 57 cm (22.18&#8220;)<br \/>\n                            42\/43 (8-9), lenght: 58 cm (22.8&#8220;)<br \/>\n                            44\/45 (10-11), lenght: 59 cm (23.2&#8220;)<br \/>\n                            46\/47 (12-13), lenght: 60 cm (23.6&#8220;)<br \/>\nWidth: for all mentioned sizes above: 51 cm (20&#8220;)<\/p>\n","protected":false},"excerpt":{"rendered":"<p>This monofin is suitable for advaced freedivers who want to explore their underwater surroundings and generally use their monofin for prolonged periods of time. It can be worn with neoprene socks for extra comfort and warmth. Equipped with high quality thermoplastic rubber foot pocket. Great also for recreational freediving and training. Material: foot pocket &#8211;&hellip;&nbsp;<a href=\"https:\/\/soprasapnea.com\/cs\/shop\/monofin\/\" rel=\"bookmark\">\u010c\u00edst d\u00e1le &raquo;<span class=\"screen-reader-text\">MONOFIN<\/span><\/a><\/p>\n","protected":false},"featured_media":5823,"comment_status":"open","ping_status":"closed","template":"","meta":{"_acf_changed":false,"_uag_custom_page_level_css":"","neve_meta_sidebar":"","neve_meta_container":"","neve_meta_enable_content_width":"","neve_meta_content_width":0,"neve_meta_title_alignment":"","neve_meta_author_avatar":"","neve_post_elements_order":"","neve_meta_disable_header":"","neve_meta_disable_footer":"","neve_meta_disable_title":""},"product_brand":[],"product_cat":[475],"product_tag":[],"class_list":{"0":"post-14471","1":"product","2":"type-product","3":"status-publish","4":"has-post-thumbnail","6":"product_cat-prislusenstvi-pro-freediving","8":"first","9":"instock","10":"taxable","11":"shipping-taxable","12":"purchasable","13":"product-type-variable"},"acf":[],"yoast_head":"<!-- This site is optimized with the Yoast SEO plugin v27.5 - https:\/\/yoast.com\/product\/yoast-seo-wordpress\/ -->\n<title>MONOFIN - Sopras Apnea<\/title>\n<meta name=\"robots\" content=\"index, follow, max-snippet:-1, max-image-preview:large, max-video-preview:-1\" \/>\n<link rel=\"canonical\" href=\"https:\/\/soprasapnea.com\/cs\/shop\/monofin\/\" \/>\n<meta property=\"og:locale\" content=\"cs_CZ\" \/>\n<meta property=\"og:type\" content=\"article\" \/>\n<meta property=\"og:title\" content=\"MONOFIN - Sopras Apnea\" \/>\n<meta property=\"og:description\" content=\"This monofin is suitable for advaced freedivers who want to explore their underwater surroundings and generally use their monofin for prolonged periods of time. It can be worn with neoprene socks for extra comfort and warmth. Equipped with high quality thermoplastic rubber foot pocket. Great also for recreational freediving and training. Material: foot pocket &#8211;&hellip;&nbsp;\u010c\u00edst d\u00e1le &raquo;MONOFIN\" \/>\n<meta property=\"og:url\" content=\"https:\/\/soprasapnea.com\/cs\/shop\/monofin\/\" \/>\n<meta property=\"og:site_name\" content=\"Sopras Apnea\" \/>\n<meta property=\"article:modified_time\" content=\"2026-05-10T04:47:48+00:00\" \/>\n<meta property=\"og:image\" content=\"https:\/\/soprasapnea.com\/wp-content\/uploads\/2015\/10\/416480-4.jpg\" \/>\n\t<meta property=\"og:image:width\" content=\"240\" \/>\n\t<meta property=\"og:image:height\" content=\"246\" \/>\n\t<meta property=\"og:image:type\" content=\"image\/jpeg\" \/>\n<meta name=\"twitter:card\" content=\"summary_large_image\" \/>\n<script type=\"application\/ld+json\" class=\"yoast-schema-graph\">{\"@context\":\"https:\\\/\\\/schema.org\",\"@graph\":[{\"@type\":\"WebPage\",\"@id\":\"https:\\\/\\\/soprasapnea.com\\\/cs\\\/shop\\\/monofin\\\/\",\"url\":\"https:\\\/\\\/soprasapnea.com\\\/cs\\\/shop\\\/monofin\\\/\",\"name\":\"MONOFIN - Sopras Apnea\",\"isPartOf\":{\"@id\":\"https:\\\/\\\/soprasapnea.com\\\/#website\"},\"primaryImageOfPage\":{\"@id\":\"https:\\\/\\\/soprasapnea.com\\\/cs\\\/shop\\\/monofin\\\/#primaryimage\"},\"image\":{\"@id\":\"https:\\\/\\\/soprasapnea.com\\\/cs\\\/shop\\\/monofin\\\/#primaryimage\"},\"thumbnailUrl\":\"https:\\\/\\\/soprasapnea.com\\\/wp-content\\\/uploads\\\/2015\\\/10\\\/416480-4.jpg\",\"datePublished\":\"2015-10-27T21:22:17+00:00\",\"dateModified\":\"2026-05-10T04:47:48+00:00\",\"breadcrumb\":{\"@id\":\"https:\\\/\\\/soprasapnea.com\\\/cs\\\/shop\\\/monofin\\\/#breadcrumb\"},\"inLanguage\":\"cs\",\"potentialAction\":[{\"@type\":\"ReadAction\",\"target\":[\"https:\\\/\\\/soprasapnea.com\\\/cs\\\/shop\\\/monofin\\\/\"]}]},{\"@type\":\"ImageObject\",\"inLanguage\":\"cs\",\"@id\":\"https:\\\/\\\/soprasapnea.com\\\/cs\\\/shop\\\/monofin\\\/#primaryimage\",\"url\":\"https:\\\/\\\/soprasapnea.com\\\/wp-content\\\/uploads\\\/2015\\\/10\\\/416480-4.jpg\",\"contentUrl\":\"https:\\\/\\\/soprasapnea.com\\\/wp-content\\\/uploads\\\/2015\\\/10\\\/416480-4.jpg\",\"width\":240,\"height\":246},{\"@type\":\"BreadcrumbList\",\"@id\":\"https:\\\/\\\/soprasapnea.com\\\/cs\\\/shop\\\/monofin\\\/#breadcrumb\",\"itemListElement\":[{\"@type\":\"ListItem\",\"position\":1,\"name\":\"Home\",\"item\":\"https:\\\/\\\/soprasapnea.com\\\/cs\\\/\"},{\"@type\":\"ListItem\",\"position\":2,\"name\":\"Shop\",\"item\":\"https:\\\/\\\/soprasapnea.com\\\/cs\\\/shop\\\/\"},{\"@type\":\"ListItem\",\"position\":3,\"name\":\"MONOFIN\"}]},{\"@type\":\"WebSite\",\"@id\":\"https:\\\/\\\/soprasapnea.com\\\/#website\",\"url\":\"https:\\\/\\\/soprasapnea.com\\\/\",\"name\":\"Sopras Apnea\",\"description\":\"Freediving, spearfishing equipment\",\"potentialAction\":[{\"@type\":\"SearchAction\",\"target\":{\"@type\":\"EntryPoint\",\"urlTemplate\":\"https:\\\/\\\/soprasapnea.com\\\/?s={search_term_string}\"},\"query-input\":{\"@type\":\"PropertyValueSpecification\",\"valueRequired\":true,\"valueName\":\"search_term_string\"}}],\"inLanguage\":\"cs\"}]}<\/script>\n<!-- \/ Yoast SEO plugin. -->","yoast_head_json":{"title":"MONOFIN - Sopras Apnea","robots":{"index":"index","follow":"follow","max-snippet":"max-snippet:-1","max-image-preview":"max-image-preview:large","max-video-preview":"max-video-preview:-1"},"canonical":"https:\/\/soprasapnea.com\/cs\/shop\/monofin\/","og_locale":"cs_CZ","og_type":"article","og_title":"MONOFIN - Sopras Apnea","og_description":"This monofin is suitable for advaced freedivers who want to explore their underwater surroundings and generally use their monofin for prolonged periods of time. It can be worn with neoprene socks for extra comfort and warmth. Equipped with high quality thermoplastic rubber foot pocket. Great also for recreational freediving and training. Material: foot pocket &#8211;&hellip;&nbsp;\u010c\u00edst d\u00e1le &raquo;MONOFIN","og_url":"https:\/\/soprasapnea.com\/cs\/shop\/monofin\/","og_site_name":"Sopras Apnea","article_modified_time":"2026-05-10T04:47:48+00:00","og_image":[{"width":240,"height":246,"url":"https:\/\/soprasapnea.com\/wp-content\/uploads\/2015\/10\/416480-4.jpg","type":"image\/jpeg"}],"twitter_card":"summary_large_image","schema":{"@context":"https:\/\/schema.org","@graph":[{"@type":"WebPage","@id":"https:\/\/soprasapnea.com\/cs\/shop\/monofin\/","url":"https:\/\/soprasapnea.com\/cs\/shop\/monofin\/","name":"MONOFIN - Sopras Apnea","isPartOf":{"@id":"https:\/\/soprasapnea.com\/#website"},"primaryImageOfPage":{"@id":"https:\/\/soprasapnea.com\/cs\/shop\/monofin\/#primaryimage"},"image":{"@id":"https:\/\/soprasapnea.com\/cs\/shop\/monofin\/#primaryimage"},"thumbnailUrl":"https:\/\/soprasapnea.com\/wp-content\/uploads\/2015\/10\/416480-4.jpg","datePublished":"2015-10-27T21:22:17+00:00","dateModified":"2026-05-10T04:47:48+00:00","breadcrumb":{"@id":"https:\/\/soprasapnea.com\/cs\/shop\/monofin\/#breadcrumb"},"inLanguage":"cs","potentialAction":[{"@type":"ReadAction","target":["https:\/\/soprasapnea.com\/cs\/shop\/monofin\/"]}]},{"@type":"ImageObject","inLanguage":"cs","@id":"https:\/\/soprasapnea.com\/cs\/shop\/monofin\/#primaryimage","url":"https:\/\/soprasapnea.com\/wp-content\/uploads\/2015\/10\/416480-4.jpg","contentUrl":"https:\/\/soprasapnea.com\/wp-content\/uploads\/2015\/10\/416480-4.jpg","width":240,"height":246},{"@type":"BreadcrumbList","@id":"https:\/\/soprasapnea.com\/cs\/shop\/monofin\/#breadcrumb","itemListElement":[{"@type":"ListItem","position":1,"name":"Home","item":"https:\/\/soprasapnea.com\/cs\/"},{"@type":"ListItem","position":2,"name":"Shop","item":"https:\/\/soprasapnea.com\/cs\/shop\/"},{"@type":"ListItem","position":3,"name":"MONOFIN"}]},{"@type":"WebSite","@id":"https:\/\/soprasapnea.com\/#website","url":"https:\/\/soprasapnea.com\/","name":"Sopras Apnea","description":"Freediving, spearfishing equipment","potentialAction":[{"@type":"SearchAction","target":{"@type":"EntryPoint","urlTemplate":"https:\/\/soprasapnea.com\/?s={search_term_string}"},"query-input":{"@type":"PropertyValueSpecification","valueRequired":true,"valueName":"search_term_string"}}],"inLanguage":"cs"}]}},"uagb_featured_image_src":{"full":["https:\/\/soprasapnea.com\/wp-content\/uploads\/2015\/10\/416480-4.jpg",240,246,false],"thumbnail":["https:\/\/soprasapnea.com\/wp-content\/uploads\/2015\/10\/416480-4-150x150.jpg",150,150,true],"medium":["https:\/\/soprasapnea.com\/wp-content\/uploads\/2015\/10\/416480-4.jpg",240,246,false],"medium_large":["https:\/\/soprasapnea.com\/wp-content\/uploads\/2015\/10\/416480-4.jpg",240,246,false],"large":["https:\/\/soprasapnea.com\/wp-content\/uploads\/2015\/10\/416480-4.jpg",240,246,false],"1536x1536":["https:\/\/soprasapnea.com\/wp-content\/uploads\/2015\/10\/416480-4.jpg",240,246,false],"2048x2048":["https:\/\/soprasapnea.com\/wp-content\/uploads\/2015\/10\/416480-4.jpg",240,246,false],"neve-blog":["https:\/\/soprasapnea.com\/wp-content\/uploads\/2015\/10\/416480-4.jpg",240,246,false],"mailpoet_newsletter_max":["https:\/\/soprasapnea.com\/wp-content\/uploads\/2015\/10\/416480-4.jpg",240,246,false],"woocommerce_thumbnail":["https:\/\/soprasapnea.com\/wp-content\/uploads\/2015\/10\/416480-4.jpg",240,246,false],"woocommerce_single":["https:\/\/soprasapnea.com\/wp-content\/uploads\/2015\/10\/416480-4.jpg",240,246,false],"woocommerce_gallery_thumbnail":["https:\/\/soprasapnea.com\/wp-content\/uploads\/2015\/10\/416480-4-100x100.jpg",100,100,true]},"uagb_author_info":{"display_name":"musilekv","author_link":"https:\/\/soprasapnea.com\/cs\/author\/"},"uagb_comment_info":0,"uagb_excerpt":"This monofin is suitable for advaced freedivers who want to explore their underwater surroundings and generally use their monofin for prolonged periods of time. It can be worn with neoprene socks for extra comfort and warmth. Equipped with high quality thermoplastic rubber foot pocket. Great also for recreational freediving and training. Material: foot pocket &#8211;&hellip;&nbsp;\u010c\u00edst&hellip;","_links":{"self":[{"href":"https:\/\/soprasapnea.com\/cs\/wp-json\/wp\/v2\/product\/14471","targetHints":{"allow":["GET"]}}],"collection":[{"href":"https:\/\/soprasapnea.com\/cs\/wp-json\/wp\/v2\/product"}],"about":[{"href":"https:\/\/soprasapnea.com\/cs\/wp-json\/wp\/v2\/types\/product"}],"replies":[{"embeddable":true,"href":"https:\/\/soprasapnea.com\/cs\/wp-json\/wp\/v2\/comments?post=14471"}],"wp:featuredmedia":[{"embeddable":true,"href":"https:\/\/soprasapnea.com\/cs\/wp-json\/wp\/v2\/media\/5823"}],"wp:attachment":[{"href":"https:\/\/soprasapnea.com\/cs\/wp-json\/wp\/v2\/media?parent=14471"}],"wp:term":[{"taxonomy":"product_brand","embeddable":true,"href":"https:\/\/soprasapnea.com\/cs\/wp-json\/wp\/v2\/product_brand?post=14471"},{"taxonomy":"product_cat","embeddable":true,"href":"https:\/\/soprasapnea.com\/cs\/wp-json\/wp\/v2\/product_cat?post=14471"},{"taxonomy":"product_tag","embeddable":true,"href":"https:\/\/soprasapnea.com\/cs\/wp-json\/wp\/v2\/product_tag?post=14471"}],"curies":[{"name":"wp","href":"https:\/\/api.w.org\/{rel}","templated":true}]}}