{"id":15465,"date":"2015-10-27T20:49:33","date_gmt":"2015-10-27T20:49:33","guid":{"rendered":"https:\/\/soprasapnea.com\/shop\/madeira-men\/"},"modified":"2015-10-27T20:49:33","modified_gmt":"2015-10-27T20:49:33","slug":"madeira-men","status":"publish","type":"product","link":"https:\/\/soprasapnea.com\/cs\/shop\/madeira-men\/","title":{"rendered":"MADEIRA MEN"},"content":{"rendered":"<p>Madeira is a two pieces dive suits suitable for both warmer and colder waters &#8211; shorty with hood and jumpsuit both in 5mm. The jumpsuit has a big zipper at the back for easy wearing, double seals and zippers at wrists and ankles level, knee pad with strong rubber ink coated The shorty includes a hood. The two pieces can be used separately or together for cold waters<\/p>\n","protected":false},"excerpt":{"rendered":"<p>Madeira is a two pieces dive suits suitable for both warmer and colder waters &#8211; shorty with hood and jumpsuit both in 5mm. The jumpsuit has a big zipper at the back for easy wearing, double seals and zippers at wrists and ankles level, knee pad with strong rubber ink coated The shorty includes a&hellip;&nbsp;<a href=\"https:\/\/soprasapnea.com\/cs\/shop\/madeira-men\/\" rel=\"bookmark\">\u010c\u00edst d\u00e1le &raquo;<span class=\"screen-reader-text\">MADEIRA MEN<\/span><\/a><\/p>\n","protected":false},"featured_media":5423,"comment_status":"open","ping_status":"closed","template":"","meta":{"_acf_changed":false,"_uag_custom_page_level_css":"","neve_meta_sidebar":"","neve_meta_container":"","neve_meta_enable_content_width":"","neve_meta_content_width":0,"neve_meta_title_alignment":"","neve_meta_author_avatar":"","neve_post_elements_order":"","neve_meta_disable_header":"","neve_meta_disable_footer":"","neve_meta_disable_title":""},"product_brand":[],"product_cat":[475],"product_tag":[],"class_list":{"0":"post-15465","1":"product","2":"type-product","3":"status-publish","4":"has-post-thumbnail","6":"product_cat-prislusenstvi-pro-freediving","8":"first","9":"instock","10":"taxable","11":"shipping-taxable","12":"purchasable","13":"product-type-variable"},"acf":[],"yoast_head":"<!-- This site is optimized with the Yoast SEO plugin v27.2 - https:\/\/yoast.com\/product\/yoast-seo-wordpress\/ -->\n<title>MADEIRA MEN - Sopras Apnea<\/title>\n<meta name=\"robots\" content=\"index, follow, max-snippet:-1, max-image-preview:large, max-video-preview:-1\" \/>\n<link rel=\"canonical\" href=\"https:\/\/soprasapnea.com\/cs\/shop\/madeira-men\/\" \/>\n<meta property=\"og:locale\" content=\"cs_CZ\" \/>\n<meta property=\"og:type\" content=\"article\" \/>\n<meta property=\"og:title\" content=\"MADEIRA MEN - Sopras Apnea\" \/>\n<meta property=\"og:description\" content=\"Madeira is a two pieces dive suits suitable for both warmer and colder waters &#8211; shorty with hood and jumpsuit both in 5mm. The jumpsuit has a big zipper at the back for easy wearing, double seals and zippers at wrists and ankles level, knee pad with strong rubber ink coated The shorty includes a&hellip;&nbsp;\u010c\u00edst d\u00e1le &raquo;MADEIRA MEN\" \/>\n<meta property=\"og:url\" content=\"https:\/\/soprasapnea.com\/cs\/shop\/madeira-men\/\" \/>\n<meta property=\"og:site_name\" content=\"Sopras Apnea\" \/>\n<meta name=\"twitter:card\" content=\"summary_large_image\" \/>\n<script type=\"application\/ld+json\" class=\"yoast-schema-graph\">{\"@context\":\"https:\/\/schema.org\",\"@graph\":[{\"@type\":\"WebPage\",\"@id\":\"https:\/\/soprasapnea.com\/cs\/shop\/madeira-men\/\",\"url\":\"https:\/\/soprasapnea.com\/cs\/shop\/madeira-men\/\",\"name\":\"MADEIRA MEN - Sopras Apnea\",\"isPartOf\":{\"@id\":\"https:\/\/soprasapnea.com\/#website\"},\"primaryImageOfPage\":{\"@id\":\"https:\/\/soprasapnea.com\/cs\/shop\/madeira-men\/#primaryimage\"},\"image\":{\"@id\":\"https:\/\/soprasapnea.com\/cs\/shop\/madeira-men\/#primaryimage\"},\"thumbnailUrl\":\"https:\/\/soprasapnea.com\/wp-content\/uploads\/2015\/10\/17040-0-9.jpg\",\"datePublished\":\"2015-10-27T20:49:33+00:00\",\"breadcrumb\":{\"@id\":\"https:\/\/soprasapnea.com\/cs\/shop\/madeira-men\/#breadcrumb\"},\"inLanguage\":\"cs\",\"potentialAction\":[{\"@type\":\"ReadAction\",\"target\":[\"https:\/\/soprasapnea.com\/cs\/shop\/madeira-men\/\"]}]},{\"@type\":\"ImageObject\",\"inLanguage\":\"cs\",\"@id\":\"https:\/\/soprasapnea.com\/cs\/shop\/madeira-men\/#primaryimage\",\"url\":\"https:\/\/soprasapnea.com\/wp-content\/uploads\/2015\/10\/17040-0-9.jpg\",\"contentUrl\":\"https:\/\/soprasapnea.com\/wp-content\/uploads\/2015\/10\/17040-0-9.jpg\",\"width\":211,\"height\":440},{\"@type\":\"BreadcrumbList\",\"@id\":\"https:\/\/soprasapnea.com\/cs\/shop\/madeira-men\/#breadcrumb\",\"itemListElement\":[{\"@type\":\"ListItem\",\"position\":1,\"name\":\"Home\",\"item\":\"https:\/\/soprasapnea.com\/cs\/\"},{\"@type\":\"ListItem\",\"position\":2,\"name\":\"Shop\",\"item\":\"https:\/\/soprasapnea.com\/cs\/shop\/\"},{\"@type\":\"ListItem\",\"position\":3,\"name\":\"MADEIRA MEN\"}]},{\"@type\":\"WebSite\",\"@id\":\"https:\/\/soprasapnea.com\/#website\",\"url\":\"https:\/\/soprasapnea.com\/\",\"name\":\"Sopras Apnea\",\"description\":\"Freediving, spearfishing equipment\",\"potentialAction\":[{\"@type\":\"SearchAction\",\"target\":{\"@type\":\"EntryPoint\",\"urlTemplate\":\"https:\/\/soprasapnea.com\/?s={search_term_string}\"},\"query-input\":{\"@type\":\"PropertyValueSpecification\",\"valueRequired\":true,\"valueName\":\"search_term_string\"}}],\"inLanguage\":\"cs\"}]}<\/script>\n<!-- \/ Yoast SEO plugin. -->","yoast_head_json":{"title":"MADEIRA MEN - Sopras Apnea","robots":{"index":"index","follow":"follow","max-snippet":"max-snippet:-1","max-image-preview":"max-image-preview:large","max-video-preview":"max-video-preview:-1"},"canonical":"https:\/\/soprasapnea.com\/cs\/shop\/madeira-men\/","og_locale":"cs_CZ","og_type":"article","og_title":"MADEIRA MEN - Sopras Apnea","og_description":"Madeira is a two pieces dive suits suitable for both warmer and colder waters &#8211; shorty with hood and jumpsuit both in 5mm. The jumpsuit has a big zipper at the back for easy wearing, double seals and zippers at wrists and ankles level, knee pad with strong rubber ink coated The shorty includes a&hellip;&nbsp;\u010c\u00edst d\u00e1le &raquo;MADEIRA MEN","og_url":"https:\/\/soprasapnea.com\/cs\/shop\/madeira-men\/","og_site_name":"Sopras Apnea","twitter_card":"summary_large_image","schema":{"@context":"https:\/\/schema.org","@graph":[{"@type":"WebPage","@id":"https:\/\/soprasapnea.com\/cs\/shop\/madeira-men\/","url":"https:\/\/soprasapnea.com\/cs\/shop\/madeira-men\/","name":"MADEIRA MEN - Sopras Apnea","isPartOf":{"@id":"https:\/\/soprasapnea.com\/#website"},"primaryImageOfPage":{"@id":"https:\/\/soprasapnea.com\/cs\/shop\/madeira-men\/#primaryimage"},"image":{"@id":"https:\/\/soprasapnea.com\/cs\/shop\/madeira-men\/#primaryimage"},"thumbnailUrl":"https:\/\/soprasapnea.com\/wp-content\/uploads\/2015\/10\/17040-0-9.jpg","datePublished":"2015-10-27T20:49:33+00:00","breadcrumb":{"@id":"https:\/\/soprasapnea.com\/cs\/shop\/madeira-men\/#breadcrumb"},"inLanguage":"cs","potentialAction":[{"@type":"ReadAction","target":["https:\/\/soprasapnea.com\/cs\/shop\/madeira-men\/"]}]},{"@type":"ImageObject","inLanguage":"cs","@id":"https:\/\/soprasapnea.com\/cs\/shop\/madeira-men\/#primaryimage","url":"https:\/\/soprasapnea.com\/wp-content\/uploads\/2015\/10\/17040-0-9.jpg","contentUrl":"https:\/\/soprasapnea.com\/wp-content\/uploads\/2015\/10\/17040-0-9.jpg","width":211,"height":440},{"@type":"BreadcrumbList","@id":"https:\/\/soprasapnea.com\/cs\/shop\/madeira-men\/#breadcrumb","itemListElement":[{"@type":"ListItem","position":1,"name":"Home","item":"https:\/\/soprasapnea.com\/cs\/"},{"@type":"ListItem","position":2,"name":"Shop","item":"https:\/\/soprasapnea.com\/cs\/shop\/"},{"@type":"ListItem","position":3,"name":"MADEIRA MEN"}]},{"@type":"WebSite","@id":"https:\/\/soprasapnea.com\/#website","url":"https:\/\/soprasapnea.com\/","name":"Sopras Apnea","description":"Freediving, spearfishing equipment","potentialAction":[{"@type":"SearchAction","target":{"@type":"EntryPoint","urlTemplate":"https:\/\/soprasapnea.com\/?s={search_term_string}"},"query-input":{"@type":"PropertyValueSpecification","valueRequired":true,"valueName":"search_term_string"}}],"inLanguage":"cs"}]}},"uagb_featured_image_src":{"full":["https:\/\/soprasapnea.com\/wp-content\/uploads\/2015\/10\/17040-0-9.jpg",211,440,false],"thumbnail":["https:\/\/soprasapnea.com\/wp-content\/uploads\/2015\/10\/17040-0-9-150x150.jpg",150,150,true],"medium":["https:\/\/soprasapnea.com\/wp-content\/uploads\/2015\/10\/17040-0-9-144x300.jpg",144,300,true],"medium_large":["https:\/\/soprasapnea.com\/wp-content\/uploads\/2015\/10\/17040-0-9.jpg",211,440,false],"large":["https:\/\/soprasapnea.com\/wp-content\/uploads\/2015\/10\/17040-0-9.jpg",211,440,false],"1536x1536":["https:\/\/soprasapnea.com\/wp-content\/uploads\/2015\/10\/17040-0-9.jpg",211,440,false],"2048x2048":["https:\/\/soprasapnea.com\/wp-content\/uploads\/2015\/10\/17040-0-9.jpg",211,440,false],"neve-blog":["https:\/\/soprasapnea.com\/wp-content\/uploads\/2015\/10\/17040-0-9.jpg",211,440,false],"mailpoet_newsletter_max":["https:\/\/soprasapnea.com\/wp-content\/uploads\/2015\/10\/17040-0-9.jpg",211,440,false],"woocommerce_thumbnail":["https:\/\/soprasapnea.com\/wp-content\/uploads\/2015\/10\/17040-0-9-211x300.jpg",211,300,true],"woocommerce_single":["https:\/\/soprasapnea.com\/wp-content\/uploads\/2015\/10\/17040-0-9.jpg",211,440,false],"woocommerce_gallery_thumbnail":["https:\/\/soprasapnea.com\/wp-content\/uploads\/2015\/10\/17040-0-9-100x100.jpg",100,100,true]},"uagb_author_info":{"display_name":"musilekv","author_link":"https:\/\/soprasapnea.com\/cs\/author\/"},"uagb_comment_info":0,"uagb_excerpt":"Madeira is a two pieces dive suits suitable for both warmer and colder waters &#8211; shorty with hood and jumpsuit both in 5mm. The jumpsuit has a big zipper at the back for easy wearing, double seals and zippers at wrists and ankles level, knee pad with strong rubber ink coated The shorty includes a&hellip;&nbsp;\u010c\u00edst&hellip;","_links":{"self":[{"href":"https:\/\/soprasapnea.com\/cs\/wp-json\/wp\/v2\/product\/15465","targetHints":{"allow":["GET"]}}],"collection":[{"href":"https:\/\/soprasapnea.com\/cs\/wp-json\/wp\/v2\/product"}],"about":[{"href":"https:\/\/soprasapnea.com\/cs\/wp-json\/wp\/v2\/types\/product"}],"replies":[{"embeddable":true,"href":"https:\/\/soprasapnea.com\/cs\/wp-json\/wp\/v2\/comments?post=15465"}],"wp:featuredmedia":[{"embeddable":true,"href":"https:\/\/soprasapnea.com\/cs\/wp-json\/wp\/v2\/media\/5423"}],"wp:attachment":[{"href":"https:\/\/soprasapnea.com\/cs\/wp-json\/wp\/v2\/media?parent=15465"}],"wp:term":[{"taxonomy":"product_brand","embeddable":true,"href":"https:\/\/soprasapnea.com\/cs\/wp-json\/wp\/v2\/product_brand?post=15465"},{"taxonomy":"product_cat","embeddable":true,"href":"https:\/\/soprasapnea.com\/cs\/wp-json\/wp\/v2\/product_cat?post=15465"},{"taxonomy":"product_tag","embeddable":true,"href":"https:\/\/soprasapnea.com\/cs\/wp-json\/wp\/v2\/product_tag?post=15465"}],"curies":[{"name":"wp","href":"https:\/\/api.w.org\/{rel}","templated":true}]}}