{"id":15786,"date":"2026-04-19T15:50:51","date_gmt":"2026-04-19T14:50:51","guid":{"rendered":"https:\/\/soprasapnea.com\/shop\/hf-400-carbon\/"},"modified":"2026-04-19T15:50:51","modified_gmt":"2026-04-19T14:50:51","slug":"hf-400-carbon","status":"publish","type":"product","link":"https:\/\/soprasapnea.com\/cs\/shop\/hf-400-carbon\/","title":{"rendered":"HF 400 Carbon"},"content":{"rendered":"<p>HF 400 have a smaller shoe pocket with very light weight and rails glued along the blades, that has a 24degree angle with the shoe pocket and is harder at the beginning become softer towards the end of the blade, make it ideal for deep diving as well as dynamics in the pool.<\/p>\n<p>Two hardnesses are available: soft (20) and medium (25).<\/p>\n<p>Here you can see them in action: https:\/\/youtube.com\/shorts\/EWhe6q9Pp94?feature=share<\/p>\n","protected":false},"excerpt":{"rendered":"<p>HF 400 have a smaller shoe pocket with very light weight and rails glued along the blades, that has a 24degree angle with the shoe pocket and is harder at the beginning become softer towards the end of the blade, make it ideal for deep diving as well as dynamics in the pool. Two hardnesses&hellip;&nbsp;<a href=\"https:\/\/soprasapnea.com\/cs\/shop\/hf-400-carbon\/\" rel=\"bookmark\">\u010c\u00edst d\u00e1le &raquo;<span class=\"screen-reader-text\">HF 400 Carbon<\/span><\/a><\/p>\n","protected":false},"featured_media":15738,"comment_status":"open","ping_status":"closed","template":"","meta":{"_acf_changed":false,"_uag_custom_page_level_css":"","neve_meta_sidebar":"","neve_meta_container":"","neve_meta_enable_content_width":"off","neve_meta_content_width":100,"neve_meta_title_alignment":"","neve_meta_author_avatar":"","neve_post_elements_order":"","neve_meta_disable_header":"","neve_meta_disable_footer":"","neve_meta_disable_title":""},"product_brand":[],"product_cat":[894],"product_tag":[589],"class_list":{"0":"post-15786","1":"product","2":"type-product","3":"status-publish","4":"has-post-thumbnail","6":"product_cat-carbon-and-glass-fiber","7":"product_tag-new-cs","9":"first","10":"instock","11":"taxable","12":"shipping-taxable","13":"purchasable","14":"product-type-variable"},"acf":[],"yoast_head":"<!-- This site is optimized with the Yoast SEO plugin v27.5 - https:\/\/yoast.com\/product\/yoast-seo-wordpress\/ -->\n<title>HF 400 Carbon - Sopras Apnea<\/title>\n<meta name=\"robots\" content=\"index, follow, max-snippet:-1, max-image-preview:large, max-video-preview:-1\" \/>\n<link rel=\"canonical\" href=\"https:\/\/soprasapnea.com\/cs\/shop\/hf-400-carbon\/\" \/>\n<meta property=\"og:locale\" content=\"cs_CZ\" \/>\n<meta property=\"og:type\" content=\"article\" \/>\n<meta property=\"og:title\" content=\"HF 400 Carbon - Sopras Apnea\" \/>\n<meta property=\"og:description\" content=\"HF 400 have a smaller shoe pocket with very light weight and rails glued along the blades, that has a 24degree angle with the shoe pocket and is harder at the beginning become softer towards the end of the blade, make it ideal for deep diving as well as dynamics in the pool. Two hardnesses&hellip;&nbsp;\u010c\u00edst d\u00e1le &raquo;HF 400 Carbon\" \/>\n<meta property=\"og:url\" content=\"https:\/\/soprasapnea.com\/cs\/shop\/hf-400-carbon\/\" \/>\n<meta property=\"og:site_name\" content=\"Sopras Apnea\" \/>\n<meta name=\"twitter:card\" content=\"summary_large_image\" \/>\n<script type=\"application\/ld+json\" class=\"yoast-schema-graph\">{\"@context\":\"https:\\\/\\\/schema.org\",\"@graph\":[{\"@type\":\"WebPage\",\"@id\":\"https:\\\/\\\/soprasapnea.com\\\/cs\\\/shop\\\/hf-400-carbon\\\/\",\"url\":\"https:\\\/\\\/soprasapnea.com\\\/cs\\\/shop\\\/hf-400-carbon\\\/\",\"name\":\"HF 400 Carbon - Sopras Apnea\",\"isPartOf\":{\"@id\":\"https:\\\/\\\/soprasapnea.com\\\/#website\"},\"primaryImageOfPage\":{\"@id\":\"https:\\\/\\\/soprasapnea.com\\\/cs\\\/shop\\\/hf-400-carbon\\\/#primaryimage\"},\"image\":{\"@id\":\"https:\\\/\\\/soprasapnea.com\\\/cs\\\/shop\\\/hf-400-carbon\\\/#primaryimage\"},\"thumbnailUrl\":\"https:\\\/\\\/soprasapnea.com\\\/wp-content\\\/uploads\\\/2026\\\/04\\\/417040-41-3.jpg\",\"datePublished\":\"2026-04-19T14:50:51+00:00\",\"breadcrumb\":{\"@id\":\"https:\\\/\\\/soprasapnea.com\\\/cs\\\/shop\\\/hf-400-carbon\\\/#breadcrumb\"},\"inLanguage\":\"cs\",\"potentialAction\":[{\"@type\":\"ReadAction\",\"target\":[\"https:\\\/\\\/soprasapnea.com\\\/cs\\\/shop\\\/hf-400-carbon\\\/\"]}]},{\"@type\":\"ImageObject\",\"inLanguage\":\"cs\",\"@id\":\"https:\\\/\\\/soprasapnea.com\\\/cs\\\/shop\\\/hf-400-carbon\\\/#primaryimage\",\"url\":\"https:\\\/\\\/soprasapnea.com\\\/wp-content\\\/uploads\\\/2026\\\/04\\\/417040-41-3.jpg\",\"contentUrl\":\"https:\\\/\\\/soprasapnea.com\\\/wp-content\\\/uploads\\\/2026\\\/04\\\/417040-41-3.jpg\",\"width\":1500,\"height\":1500},{\"@type\":\"BreadcrumbList\",\"@id\":\"https:\\\/\\\/soprasapnea.com\\\/cs\\\/shop\\\/hf-400-carbon\\\/#breadcrumb\",\"itemListElement\":[{\"@type\":\"ListItem\",\"position\":1,\"name\":\"Home\",\"item\":\"https:\\\/\\\/soprasapnea.com\\\/cs\\\/\"},{\"@type\":\"ListItem\",\"position\":2,\"name\":\"Shop\",\"item\":\"https:\\\/\\\/soprasapnea.com\\\/cs\\\/shop\\\/\"},{\"@type\":\"ListItem\",\"position\":3,\"name\":\"HF 400 Carbon\"}]},{\"@type\":\"WebSite\",\"@id\":\"https:\\\/\\\/soprasapnea.com\\\/#website\",\"url\":\"https:\\\/\\\/soprasapnea.com\\\/\",\"name\":\"Sopras Apnea\",\"description\":\"Freediving, spearfishing equipment\",\"potentialAction\":[{\"@type\":\"SearchAction\",\"target\":{\"@type\":\"EntryPoint\",\"urlTemplate\":\"https:\\\/\\\/soprasapnea.com\\\/?s={search_term_string}\"},\"query-input\":{\"@type\":\"PropertyValueSpecification\",\"valueRequired\":true,\"valueName\":\"search_term_string\"}}],\"inLanguage\":\"cs\"}]}<\/script>\n<!-- \/ Yoast SEO plugin. -->","yoast_head_json":{"title":"HF 400 Carbon - Sopras Apnea","robots":{"index":"index","follow":"follow","max-snippet":"max-snippet:-1","max-image-preview":"max-image-preview:large","max-video-preview":"max-video-preview:-1"},"canonical":"https:\/\/soprasapnea.com\/cs\/shop\/hf-400-carbon\/","og_locale":"cs_CZ","og_type":"article","og_title":"HF 400 Carbon - Sopras Apnea","og_description":"HF 400 have a smaller shoe pocket with very light weight and rails glued along the blades, that has a 24degree angle with the shoe pocket and is harder at the beginning become softer towards the end of the blade, make it ideal for deep diving as well as dynamics in the pool. Two hardnesses&hellip;&nbsp;\u010c\u00edst d\u00e1le &raquo;HF 400 Carbon","og_url":"https:\/\/soprasapnea.com\/cs\/shop\/hf-400-carbon\/","og_site_name":"Sopras Apnea","twitter_card":"summary_large_image","schema":{"@context":"https:\/\/schema.org","@graph":[{"@type":"WebPage","@id":"https:\/\/soprasapnea.com\/cs\/shop\/hf-400-carbon\/","url":"https:\/\/soprasapnea.com\/cs\/shop\/hf-400-carbon\/","name":"HF 400 Carbon - Sopras Apnea","isPartOf":{"@id":"https:\/\/soprasapnea.com\/#website"},"primaryImageOfPage":{"@id":"https:\/\/soprasapnea.com\/cs\/shop\/hf-400-carbon\/#primaryimage"},"image":{"@id":"https:\/\/soprasapnea.com\/cs\/shop\/hf-400-carbon\/#primaryimage"},"thumbnailUrl":"https:\/\/soprasapnea.com\/wp-content\/uploads\/2026\/04\/417040-41-3.jpg","datePublished":"2026-04-19T14:50:51+00:00","breadcrumb":{"@id":"https:\/\/soprasapnea.com\/cs\/shop\/hf-400-carbon\/#breadcrumb"},"inLanguage":"cs","potentialAction":[{"@type":"ReadAction","target":["https:\/\/soprasapnea.com\/cs\/shop\/hf-400-carbon\/"]}]},{"@type":"ImageObject","inLanguage":"cs","@id":"https:\/\/soprasapnea.com\/cs\/shop\/hf-400-carbon\/#primaryimage","url":"https:\/\/soprasapnea.com\/wp-content\/uploads\/2026\/04\/417040-41-3.jpg","contentUrl":"https:\/\/soprasapnea.com\/wp-content\/uploads\/2026\/04\/417040-41-3.jpg","width":1500,"height":1500},{"@type":"BreadcrumbList","@id":"https:\/\/soprasapnea.com\/cs\/shop\/hf-400-carbon\/#breadcrumb","itemListElement":[{"@type":"ListItem","position":1,"name":"Home","item":"https:\/\/soprasapnea.com\/cs\/"},{"@type":"ListItem","position":2,"name":"Shop","item":"https:\/\/soprasapnea.com\/cs\/shop\/"},{"@type":"ListItem","position":3,"name":"HF 400 Carbon"}]},{"@type":"WebSite","@id":"https:\/\/soprasapnea.com\/#website","url":"https:\/\/soprasapnea.com\/","name":"Sopras Apnea","description":"Freediving, spearfishing equipment","potentialAction":[{"@type":"SearchAction","target":{"@type":"EntryPoint","urlTemplate":"https:\/\/soprasapnea.com\/?s={search_term_string}"},"query-input":{"@type":"PropertyValueSpecification","valueRequired":true,"valueName":"search_term_string"}}],"inLanguage":"cs"}]}},"uagb_featured_image_src":{"full":["https:\/\/soprasapnea.com\/wp-content\/uploads\/2026\/04\/417040-41-3.jpg",1500,1500,false],"thumbnail":["https:\/\/soprasapnea.com\/wp-content\/uploads\/2026\/04\/417040-41-3-150x150.jpg",150,150,true],"medium":["https:\/\/soprasapnea.com\/wp-content\/uploads\/2026\/04\/417040-41-3-300x300.jpg",300,300,true],"medium_large":["https:\/\/soprasapnea.com\/wp-content\/uploads\/2026\/04\/417040-41-3-768x768.jpg",768,768,true],"large":["https:\/\/soprasapnea.com\/wp-content\/uploads\/2026\/04\/417040-41-3-1024x1024.jpg",1024,1024,true],"1536x1536":["https:\/\/soprasapnea.com\/wp-content\/uploads\/2026\/04\/417040-41-3.jpg",1500,1500,false],"2048x2048":["https:\/\/soprasapnea.com\/wp-content\/uploads\/2026\/04\/417040-41-3.jpg",1500,1500,false],"neve-blog":["https:\/\/soprasapnea.com\/wp-content\/uploads\/2026\/04\/417040-41-3-930x620.jpg",930,620,true],"mailpoet_newsletter_max":["https:\/\/soprasapnea.com\/wp-content\/uploads\/2026\/04\/417040-41-3-1320x1320.jpg",1320,1320,true],"woocommerce_thumbnail":["https:\/\/soprasapnea.com\/wp-content\/uploads\/2026\/04\/417040-41-3-300x300.jpg",300,300,true],"woocommerce_single":["https:\/\/soprasapnea.com\/wp-content\/uploads\/2026\/04\/417040-41-3-600x600.jpg",600,600,true],"woocommerce_gallery_thumbnail":["https:\/\/soprasapnea.com\/wp-content\/uploads\/2026\/04\/417040-41-3-100x100.jpg",100,100,true]},"uagb_author_info":{"display_name":"Michaela Sobkova","author_link":"https:\/\/soprasapnea.com\/cs\/author\/"},"uagb_comment_info":0,"uagb_excerpt":"HF 400 have a smaller shoe pocket with very light weight and rails glued along the blades, that has a 24degree angle with the shoe pocket and is harder at the beginning become softer towards the end of the blade, make it ideal for deep diving as well as dynamics in the pool. Two hardnesses&hellip;&nbsp;\u010c\u00edst&hellip;","_links":{"self":[{"href":"https:\/\/soprasapnea.com\/cs\/wp-json\/wp\/v2\/product\/15786","targetHints":{"allow":["GET"]}}],"collection":[{"href":"https:\/\/soprasapnea.com\/cs\/wp-json\/wp\/v2\/product"}],"about":[{"href":"https:\/\/soprasapnea.com\/cs\/wp-json\/wp\/v2\/types\/product"}],"replies":[{"embeddable":true,"href":"https:\/\/soprasapnea.com\/cs\/wp-json\/wp\/v2\/comments?post=15786"}],"wp:featuredmedia":[{"embeddable":true,"href":"https:\/\/soprasapnea.com\/cs\/wp-json\/wp\/v2\/media\/15738"}],"wp:attachment":[{"href":"https:\/\/soprasapnea.com\/cs\/wp-json\/wp\/v2\/media?parent=15786"}],"wp:term":[{"taxonomy":"product_brand","embeddable":true,"href":"https:\/\/soprasapnea.com\/cs\/wp-json\/wp\/v2\/product_brand?post=15786"},{"taxonomy":"product_cat","embeddable":true,"href":"https:\/\/soprasapnea.com\/cs\/wp-json\/wp\/v2\/product_cat?post=15786"},{"taxonomy":"product_tag","embeddable":true,"href":"https:\/\/soprasapnea.com\/cs\/wp-json\/wp\/v2\/product_tag?post=15786"}],"curies":[{"name":"wp","href":"https:\/\/api.w.org\/{rel}","templated":true}]}}